{"id":739552,"date":"2025-03-03T18:04:20","date_gmt":"2025-03-03T17:04:20","guid":{"rendered":"https:\/\/stoic-curie.212-227-153-4.plesk.page\/producto\/okno-g-tip-451x193-mm-otvor-429x171-mm-aluminij\/"},"modified":"2026-02-25T00:00:34","modified_gmt":"2026-02-25T00:00:34","slug":"okno-g-tip-451x193-mm-otvor-429x171-mm-aluminij","status":"publish","type":"product","link":"https:\/\/stoic-curie.212-227-153-4.plesk.page\/hr\/product\/okno-g-tip-451x193-mm-otvor-429x171-mm-aluminij\/","title":{"rendered":"Okno G-tip 451&#215;193 mm, otvor 429&#215;171 mm Aluminij"},"content":{"rendered":"<p>Okno G-tip 451&#215;193 mm, otvor 429&#215;171 mm Aluminij &#8211; <\/p>\n<p>Anodizirano aluminijsko Goiot vrsta portlighta s vodootpornim akrilnim staklom, lijevnim konstrukcijama i dvostrukom brtvenom gumenom trakom. Odli\u010dan radijus gledanja zahvaljuju\u0107i ravnoj ru\u010dki. Maksimalna debljina stijenke 27 mm.<\/p>\n","protected":false},"excerpt":{"rendered":"<p>Okno G-tip 451&#215;193 mm, otvor 429&#215;171 mm Aluminij &#8211; Anodizirano aluminijsko Goiot vrsta portlighta s vodootpornim akrilnim staklom, lijevnim konstrukcijama<\/p>\n","protected":false},"featured_media":5936606,"comment_status":"open","ping_status":"closed","template":"","meta":[],"product_brand":[2856],"product_cat":[1697,1702],"product_tag":[],"class_list":{"0":"post-739552","1":"product","2":"type-product","3":"status-publish","4":"has-post-thumbnail","6":"product_brand-can-marine-hr","7":"product_cat-brodska-okna","8":"product_cat-brodske-grotlasca-i-otvori","10":"first","11":"instock","12":"shipping-taxable","13":"purchasable","14":"product-type-simple"},"_links":{"self":[{"href":"https:\/\/stoic-curie.212-227-153-4.plesk.page\/hr\/wp-json\/wp\/v2\/product\/739552","targetHints":{"allow":["GET"]}}],"collection":[{"href":"https:\/\/stoic-curie.212-227-153-4.plesk.page\/hr\/wp-json\/wp\/v2\/product"}],"about":[{"href":"https:\/\/stoic-curie.212-227-153-4.plesk.page\/hr\/wp-json\/wp\/v2\/types\/product"}],"replies":[{"embeddable":true,"href":"https:\/\/stoic-curie.212-227-153-4.plesk.page\/hr\/wp-json\/wp\/v2\/comments?post=739552"}],"version-history":[{"count":0,"href":"https:\/\/stoic-curie.212-227-153-4.plesk.page\/hr\/wp-json\/wp\/v2\/product\/739552\/revisions"}],"wp:featuredmedia":[{"embeddable":true,"href":"https:\/\/stoic-curie.212-227-153-4.plesk.page\/hr\/wp-json\/wp\/v2\/media\/5936606"}],"wp:attachment":[{"href":"https:\/\/stoic-curie.212-227-153-4.plesk.page\/hr\/wp-json\/wp\/v2\/media?parent=739552"}],"wp:term":[{"taxonomy":"product_brand","embeddable":true,"href":"https:\/\/stoic-curie.212-227-153-4.plesk.page\/hr\/wp-json\/wp\/v2\/product_brand?post=739552"},{"taxonomy":"product_cat","embeddable":true,"href":"https:\/\/stoic-curie.212-227-153-4.plesk.page\/hr\/wp-json\/wp\/v2\/product_cat?post=739552"},{"taxonomy":"product_tag","embeddable":true,"href":"https:\/\/stoic-curie.212-227-153-4.plesk.page\/hr\/wp-json\/wp\/v2\/product_tag?post=739552"}],"curies":[{"name":"wp","href":"https:\/\/api.w.org\/{rel}","templated":true}]}}