{"id":739558,"date":"2025-03-03T18:04:21","date_gmt":"2025-03-03T17:04:21","guid":{"rendered":"https:\/\/stoic-curie.212-227-153-4.plesk.page\/producto\/rucica-za-vinc-antal-single-grip-200-mm\/"},"modified":"2026-02-25T00:00:34","modified_gmt":"2026-02-25T00:00:34","slug":"rucica-za-vinc-antal-single-grip-200-mm","status":"publish","type":"product","link":"https:\/\/stoic-curie.212-227-153-4.plesk.page\/hr\/product\/rucica-za-vinc-antal-single-grip-200-mm\/","title":{"rendered":"Ru\u010dica za vin\u010d Antal Single-grip 200 mm"},"content":{"rendered":"<p>Ru\u010dica za vin\u010d Antal Single-grip 200 mm &#8211; <\/p>\n<p>Crne aluminijske \u0161ake jednostavnog hvatanja od 200 i 250 mm (8\/10&#8243;). Ruka ru\u010dke izra\u0111ena je od kovano aluminija s rupama za smanjenje te\u017eine i izuzetno je lagana. Otpornija je na najve\u0107u torziju. Dr\u0161ka je prekrivena gumom kako bi se osigurao \u010dvrst zahvat i djeluje na dva kugli\u010dna le\u017eaja kako bi se pove\u0107ala u\u010dinkovitost. Svi modeli dostupni su s sustavom zaklju\u010davanja koji automatski zaklju\u010dava ru\u010dku na vitlu.<\/p>\n","protected":false},"excerpt":{"rendered":"<p>Ru\u010dica za vin\u010d Antal Single-grip 200 mm &#8211; Crne aluminijske \u0161ake jednostavnog hvatanja od 200 i 250 mm (8\/10&#8243;). Ruka<\/p>\n","protected":false},"featured_media":5936668,"comment_status":"open","ping_status":"closed","template":"","meta":[],"product_brand":[2786],"product_cat":[1773],"product_tag":[],"class_list":{"0":"post-739558","1":"product","2":"type-product","3":"status-publish","4":"has-post-thumbnail","6":"product_brand-antal-hr","7":"product_cat-antal-vincevi-za-jedrilice","9":"first","10":"instock","11":"shipping-taxable","12":"purchasable","13":"product-type-simple"},"_links":{"self":[{"href":"https:\/\/stoic-curie.212-227-153-4.plesk.page\/hr\/wp-json\/wp\/v2\/product\/739558","targetHints":{"allow":["GET"]}}],"collection":[{"href":"https:\/\/stoic-curie.212-227-153-4.plesk.page\/hr\/wp-json\/wp\/v2\/product"}],"about":[{"href":"https:\/\/stoic-curie.212-227-153-4.plesk.page\/hr\/wp-json\/wp\/v2\/types\/product"}],"replies":[{"embeddable":true,"href":"https:\/\/stoic-curie.212-227-153-4.plesk.page\/hr\/wp-json\/wp\/v2\/comments?post=739558"}],"version-history":[{"count":0,"href":"https:\/\/stoic-curie.212-227-153-4.plesk.page\/hr\/wp-json\/wp\/v2\/product\/739558\/revisions"}],"wp:featuredmedia":[{"embeddable":true,"href":"https:\/\/stoic-curie.212-227-153-4.plesk.page\/hr\/wp-json\/wp\/v2\/media\/5936668"}],"wp:attachment":[{"href":"https:\/\/stoic-curie.212-227-153-4.plesk.page\/hr\/wp-json\/wp\/v2\/media?parent=739558"}],"wp:term":[{"taxonomy":"product_brand","embeddable":true,"href":"https:\/\/stoic-curie.212-227-153-4.plesk.page\/hr\/wp-json\/wp\/v2\/product_brand?post=739558"},{"taxonomy":"product_cat","embeddable":true,"href":"https:\/\/stoic-curie.212-227-153-4.plesk.page\/hr\/wp-json\/wp\/v2\/product_cat?post=739558"},{"taxonomy":"product_tag","embeddable":true,"href":"https:\/\/stoic-curie.212-227-153-4.plesk.page\/hr\/wp-json\/wp\/v2\/product_tag?post=739558"}],"curies":[{"name":"wp","href":"https:\/\/api.w.org\/{rel}","templated":true}]}}