{"id":739560,"date":"2025-03-03T18:04:22","date_gmt":"2025-03-03T17:04:22","guid":{"rendered":"https:\/\/stoic-curie.212-227-153-4.plesk.page\/producto\/rucica-za-vinc-antal-s-kuglicnim-drzacem-250-mm\/"},"modified":"2026-02-25T00:00:34","modified_gmt":"2026-02-25T00:00:34","slug":"rucica-za-vinc-antal-s-kuglicnim-drzacem-250-mm","status":"publish","type":"product","link":"https:\/\/stoic-curie.212-227-153-4.plesk.page\/hr\/product\/rucica-za-vinc-antal-s-kuglicnim-drzacem-250-mm\/","title":{"rendered":"Ru\u010dica za vin\u010d Antal s kuglicnim dr\u017eacem 250 mm"},"content":{"rendered":"<p>Ru\u010dica za vin\u010d Antal s kuglicnim dr\u017eacem 250 mm &#8211; <\/p>\n<p>Ekstremno lagani crni aluminijski ru\u010dici od 250 mm (10&#8243;), dostupni s dvostrukim hvatom i novim kugli\u010dastim hvatom. Forgirano aluminijsko rame ru\u010dice je olak\u0161ano rupama i iznimno je lagano te otporno na najte\u017ee torzijske sile. Dr\u0161ka je prekrivena gumom kako bi se osigurao \u010dvrst hvat i koristi dva kugli\u010dna le\u017eaja za pove\u0107anje u\u010dinkovitosti. Svi modeli dostupni su s sustavom za zaklju\u010davanje koji automatski zaklju\u010da ru\u010dicu na vitlu.<\/p>\n","protected":false},"excerpt":{"rendered":"<p>Ru\u010dica za vin\u010d Antal s kuglicnim dr\u017eacem 250 mm &#8211; Ekstremno lagani crni aluminijski ru\u010dici od 250 mm (10&#8243;), dostupni<\/p>\n","protected":false},"featured_media":5936669,"comment_status":"open","ping_status":"closed","template":"","meta":[],"product_brand":[2786],"product_cat":[1773],"product_tag":[],"class_list":{"0":"post-739560","1":"product","2":"type-product","3":"status-publish","4":"has-post-thumbnail","6":"product_brand-antal-hr","7":"product_cat-antal-vincevi-za-jedrilice","9":"first","10":"instock","11":"shipping-taxable","12":"purchasable","13":"product-type-simple"},"_links":{"self":[{"href":"https:\/\/stoic-curie.212-227-153-4.plesk.page\/hr\/wp-json\/wp\/v2\/product\/739560","targetHints":{"allow":["GET"]}}],"collection":[{"href":"https:\/\/stoic-curie.212-227-153-4.plesk.page\/hr\/wp-json\/wp\/v2\/product"}],"about":[{"href":"https:\/\/stoic-curie.212-227-153-4.plesk.page\/hr\/wp-json\/wp\/v2\/types\/product"}],"replies":[{"embeddable":true,"href":"https:\/\/stoic-curie.212-227-153-4.plesk.page\/hr\/wp-json\/wp\/v2\/comments?post=739560"}],"version-history":[{"count":0,"href":"https:\/\/stoic-curie.212-227-153-4.plesk.page\/hr\/wp-json\/wp\/v2\/product\/739560\/revisions"}],"wp:featuredmedia":[{"embeddable":true,"href":"https:\/\/stoic-curie.212-227-153-4.plesk.page\/hr\/wp-json\/wp\/v2\/media\/5936669"}],"wp:attachment":[{"href":"https:\/\/stoic-curie.212-227-153-4.plesk.page\/hr\/wp-json\/wp\/v2\/media?parent=739560"}],"wp:term":[{"taxonomy":"product_brand","embeddable":true,"href":"https:\/\/stoic-curie.212-227-153-4.plesk.page\/hr\/wp-json\/wp\/v2\/product_brand?post=739560"},{"taxonomy":"product_cat","embeddable":true,"href":"https:\/\/stoic-curie.212-227-153-4.plesk.page\/hr\/wp-json\/wp\/v2\/product_cat?post=739560"},{"taxonomy":"product_tag","embeddable":true,"href":"https:\/\/stoic-curie.212-227-153-4.plesk.page\/hr\/wp-json\/wp\/v2\/product_tag?post=739560"}],"curies":[{"name":"wp","href":"https:\/\/api.w.org\/{rel}","templated":true}]}}