{"id":739566,"date":"2025-03-03T18:04:23","date_gmt":"2025-03-03T17:04:23","guid":{"rendered":"https:\/\/stoic-curie.212-227-153-4.plesk.page\/producto\/centrifugalni-kaljuzni-ventilator-ocean-12-do-500-m3-s-prirubnicom\/"},"modified":"2026-02-25T00:00:34","modified_gmt":"2026-02-25T00:00:34","slug":"centrifugalni-kaljuzni-ventilator-ocean-12-do-500-m3-s-prirubnicom","status":"publish","type":"product","link":"https:\/\/stoic-curie.212-227-153-4.plesk.page\/hr\/product\/centrifugalni-kaljuzni-ventilator-ocean-12-do-500-m3-s-prirubnicom\/","title":{"rendered":"Centrifugalni kalju\u017eni ventilator Ocean 12 do 500 m3 s prirubnicom"},"content":{"rendered":"<p>Centrifugalni kalju\u017eni ventilator Ocean 12 do 500 m3 s prirubnicom &#8211; <\/p>\n<p>Visokokvalitetni kontinuirani i te\u0161ki centrifugalni puhaljci s flan\u0161om za motorske prostorije i pumpne pit. Oja\u010dano ABS ku\u0107i\u0161te i vodootporni motor. Monta\u017ea na zidnu flan\u0161u. CE potvr\u0111eno u skladu sa standardima ISO 9097 Marine\/ISO 8846\/ISO 10133\/EN 55014 i pravilima N.M.M.A USCG 183.410.<\/p>\n","protected":false},"excerpt":{"rendered":"<p>Centrifugalni kalju\u017eni ventilator Ocean 12 do 500 m3 s prirubnicom &#8211; Visokokvalitetni kontinuirani i te\u0161ki centrifugalni puhaljci s flan\u0161om za<\/p>\n","protected":false},"featured_media":5936678,"comment_status":"open","ping_status":"closed","template":"","meta":[],"product_brand":[3141],"product_cat":[1826,1732],"product_tag":[],"class_list":{"0":"post-739566","1":"product","2":"type-product","3":"status-publish","4":"has-post-thumbnail","6":"product_brand-matromarine-hr","7":"product_cat-sustavi-odzracivanja-motora","8":"product_cat-ventilatori-za-provjetravanje-kaljuze","10":"first","11":"instock","12":"shipping-taxable","13":"purchasable","14":"product-type-simple"},"_links":{"self":[{"href":"https:\/\/stoic-curie.212-227-153-4.plesk.page\/hr\/wp-json\/wp\/v2\/product\/739566","targetHints":{"allow":["GET"]}}],"collection":[{"href":"https:\/\/stoic-curie.212-227-153-4.plesk.page\/hr\/wp-json\/wp\/v2\/product"}],"about":[{"href":"https:\/\/stoic-curie.212-227-153-4.plesk.page\/hr\/wp-json\/wp\/v2\/types\/product"}],"replies":[{"embeddable":true,"href":"https:\/\/stoic-curie.212-227-153-4.plesk.page\/hr\/wp-json\/wp\/v2\/comments?post=739566"}],"version-history":[{"count":0,"href":"https:\/\/stoic-curie.212-227-153-4.plesk.page\/hr\/wp-json\/wp\/v2\/product\/739566\/revisions"}],"wp:featuredmedia":[{"embeddable":true,"href":"https:\/\/stoic-curie.212-227-153-4.plesk.page\/hr\/wp-json\/wp\/v2\/media\/5936678"}],"wp:attachment":[{"href":"https:\/\/stoic-curie.212-227-153-4.plesk.page\/hr\/wp-json\/wp\/v2\/media?parent=739566"}],"wp:term":[{"taxonomy":"product_brand","embeddable":true,"href":"https:\/\/stoic-curie.212-227-153-4.plesk.page\/hr\/wp-json\/wp\/v2\/product_brand?post=739566"},{"taxonomy":"product_cat","embeddable":true,"href":"https:\/\/stoic-curie.212-227-153-4.plesk.page\/hr\/wp-json\/wp\/v2\/product_cat?post=739566"},{"taxonomy":"product_tag","embeddable":true,"href":"https:\/\/stoic-curie.212-227-153-4.plesk.page\/hr\/wp-json\/wp\/v2\/product_tag?post=739566"}],"curies":[{"name":"wp","href":"https:\/\/api.w.org\/{rel}","templated":true}]}}