{"id":739574,"date":"2025-03-03T18:04:25","date_gmt":"2025-03-03T17:04:25","guid":{"rendered":"https:\/\/stoic-curie.212-227-153-4.plesk.page\/producto\/centrifugalni-kaljuzni-ventilator-ocean-24v-750m3-s-prirubnicom-2\/"},"modified":"2026-02-25T00:00:34","modified_gmt":"2026-02-25T00:00:34","slug":"centrifugalni-kaljuzni-ventilator-ocean-24v-750m3-s-prirubnicom-2","status":"publish","type":"product","link":"https:\/\/stoic-curie.212-227-153-4.plesk.page\/hr\/product\/centrifugalni-kaljuzni-ventilator-ocean-24v-750m3-s-prirubnicom-2\/","title":{"rendered":"Centrifugalni kalju\u017eni ventilator Ocean 24V 750m3 s prirubnicom"},"content":{"rendered":"<p>Centrifugalni kalju\u017eni ventilator Ocean 24V 750m3 s prirubnicom &#8211; <\/p>\n<p>Visokokvalitetni centrifugalni ventilatori za kontinuirano kori\u0161tenje s nosa\u010dem za strojarnice i podnice. Oja\u010dani ABS ku\u0107i\u0161te i vodootporni motor. Monta\u017ea s bazom nosa\u010da. CE certifikat u skladu sa standardima ISO 9097 Marine\/ISO 8846\/ISO 10133\/EN 55014 i pravilima N.M.M.A USCG 183.410.<\/p>\n","protected":false},"excerpt":{"rendered":"<p>Centrifugalni kalju\u017eni ventilator Ocean 24V 750m3 s prirubnicom &#8211; Visokokvalitetni centrifugalni ventilatori za kontinuirano kori\u0161tenje s nosa\u010dem za strojarnice i<\/p>\n","protected":false},"featured_media":5936680,"comment_status":"open","ping_status":"closed","template":"","meta":[],"product_brand":[3141],"product_cat":[1826,1732],"product_tag":[],"class_list":{"0":"post-739574","1":"product","2":"type-product","3":"status-publish","4":"has-post-thumbnail","6":"product_brand-matromarine-hr","7":"product_cat-sustavi-odzracivanja-motora","8":"product_cat-ventilatori-za-provjetravanje-kaljuze","10":"first","11":"instock","12":"shipping-taxable","13":"purchasable","14":"product-type-simple"},"_links":{"self":[{"href":"https:\/\/stoic-curie.212-227-153-4.plesk.page\/hr\/wp-json\/wp\/v2\/product\/739574","targetHints":{"allow":["GET"]}}],"collection":[{"href":"https:\/\/stoic-curie.212-227-153-4.plesk.page\/hr\/wp-json\/wp\/v2\/product"}],"about":[{"href":"https:\/\/stoic-curie.212-227-153-4.plesk.page\/hr\/wp-json\/wp\/v2\/types\/product"}],"replies":[{"embeddable":true,"href":"https:\/\/stoic-curie.212-227-153-4.plesk.page\/hr\/wp-json\/wp\/v2\/comments?post=739574"}],"version-history":[{"count":0,"href":"https:\/\/stoic-curie.212-227-153-4.plesk.page\/hr\/wp-json\/wp\/v2\/product\/739574\/revisions"}],"wp:featuredmedia":[{"embeddable":true,"href":"https:\/\/stoic-curie.212-227-153-4.plesk.page\/hr\/wp-json\/wp\/v2\/media\/5936680"}],"wp:attachment":[{"href":"https:\/\/stoic-curie.212-227-153-4.plesk.page\/hr\/wp-json\/wp\/v2\/media?parent=739574"}],"wp:term":[{"taxonomy":"product_brand","embeddable":true,"href":"https:\/\/stoic-curie.212-227-153-4.plesk.page\/hr\/wp-json\/wp\/v2\/product_brand?post=739574"},{"taxonomy":"product_cat","embeddable":true,"href":"https:\/\/stoic-curie.212-227-153-4.plesk.page\/hr\/wp-json\/wp\/v2\/product_cat?post=739574"},{"taxonomy":"product_tag","embeddable":true,"href":"https:\/\/stoic-curie.212-227-153-4.plesk.page\/hr\/wp-json\/wp\/v2\/product_tag?post=739574"}],"curies":[{"name":"wp","href":"https:\/\/api.w.org\/{rel}","templated":true}]}}