{"id":739577,"date":"2025-03-03T18:04:26","date_gmt":"2025-03-03T17:04:26","guid":{"rendered":"https:\/\/stoic-curie.212-227-153-4.plesk.page\/producto\/automatski-prsluk-za-spasavanje-sa-sigurnosnom-trakom-securmar-arkona-275n\/"},"modified":"2026-02-25T00:00:34","modified_gmt":"2026-02-25T00:00:34","slug":"automatski-prsluk-za-spasavanje-sa-sigurnosnom-trakom-securmar-arkona-275n","status":"publish","type":"product","link":"https:\/\/stoic-curie.212-227-153-4.plesk.page\/hr\/product\/automatski-prsluk-za-spasavanje-sa-sigurnosnom-trakom-securmar-arkona-275n\/","title":{"rendered":"Automatski prsluk za spa\u0161avanje sa sigurnosnom trakom Securmar Arkona 275n"},"content":{"rendered":"<p>Automatski prsluk za spa\u0161avanje sa sigurnosnom trakom Securmar Arkona 275n &#8211; <\/p>\n<p>Secumar 275N napuhavaju\u0107i prsluk za spa\u0161avanje odobren prema CE ISO 12402-2 za plovila za razonodu bez ograni\u010denja. Vrlo tanak i udoban, jam\u010di veliku slobodu kretanja i izvanrednu plovnost. Upotpunjen sigurnosnim pojasom ovjerenim CE ISO12401. Automatska UML aktivacija. Jedna veli\u010dina za tjelesnu te\u017einu iznad 50 kg.<\/p>\n","protected":false},"excerpt":{"rendered":"<p>Automatski prsluk za spa\u0161avanje sa sigurnosnom trakom Securmar Arkona 275n &#8211; Secumar 275N napuhavaju\u0107i prsluk za spa\u0161avanje odobren prema CE<\/p>\n","protected":false},"featured_media":5936692,"comment_status":"open","ping_status":"closed","template":"","meta":[],"product_brand":[3366],"product_cat":[1601],"product_tag":[],"class_list":{"0":"post-739577","1":"product","2":"type-product","3":"status-publish","4":"has-post-thumbnail","6":"product_brand-securmar-hr","7":"product_cat-odobreni-prsluci-za-spasavanje","9":"first","10":"instock","11":"shipping-taxable","12":"purchasable","13":"product-type-simple"},"_links":{"self":[{"href":"https:\/\/stoic-curie.212-227-153-4.plesk.page\/hr\/wp-json\/wp\/v2\/product\/739577","targetHints":{"allow":["GET"]}}],"collection":[{"href":"https:\/\/stoic-curie.212-227-153-4.plesk.page\/hr\/wp-json\/wp\/v2\/product"}],"about":[{"href":"https:\/\/stoic-curie.212-227-153-4.plesk.page\/hr\/wp-json\/wp\/v2\/types\/product"}],"replies":[{"embeddable":true,"href":"https:\/\/stoic-curie.212-227-153-4.plesk.page\/hr\/wp-json\/wp\/v2\/comments?post=739577"}],"version-history":[{"count":0,"href":"https:\/\/stoic-curie.212-227-153-4.plesk.page\/hr\/wp-json\/wp\/v2\/product\/739577\/revisions"}],"wp:featuredmedia":[{"embeddable":true,"href":"https:\/\/stoic-curie.212-227-153-4.plesk.page\/hr\/wp-json\/wp\/v2\/media\/5936692"}],"wp:attachment":[{"href":"https:\/\/stoic-curie.212-227-153-4.plesk.page\/hr\/wp-json\/wp\/v2\/media?parent=739577"}],"wp:term":[{"taxonomy":"product_brand","embeddable":true,"href":"https:\/\/stoic-curie.212-227-153-4.plesk.page\/hr\/wp-json\/wp\/v2\/product_brand?post=739577"},{"taxonomy":"product_cat","embeddable":true,"href":"https:\/\/stoic-curie.212-227-153-4.plesk.page\/hr\/wp-json\/wp\/v2\/product_cat?post=739577"},{"taxonomy":"product_tag","embeddable":true,"href":"https:\/\/stoic-curie.212-227-153-4.plesk.page\/hr\/wp-json\/wp\/v2\/product_tag?post=739577"}],"curies":[{"name":"wp","href":"https:\/\/api.w.org\/{rel}","templated":true}]}}