{"id":739580,"date":"2025-03-03T18:04:29","date_gmt":"2025-03-03T17:04:29","guid":{"rendered":"https:\/\/stoic-curie.212-227-153-4.plesk.page\/producto\/set-lokota-41-hardinox-master-s-kljucem\/"},"modified":"2026-02-25T00:00:34","modified_gmt":"2026-02-25T00:00:34","slug":"set-lokota-41-hardinox-master-s-kljucem","status":"publish","type":"product","link":"https:\/\/stoic-curie.212-227-153-4.plesk.page\/hr\/product\/set-lokota-41-hardinox-master-s-kljucem\/","title":{"rendered":"Set lokota 4+1 Hardinox Master s kljucem"},"content":{"rendered":"<p>Set lokota 4+1 Hardinox Master s kljucem &#8211; <\/p>\n<p>Set Hardinox brava 5&#215;30 mm (4 standardne brave + 1 duga\u010dka brava). Univerzalni klju\u010d za sve brave, isporu\u010den u paru za svaku bravu.<\/p>\n","protected":false},"excerpt":{"rendered":"<p>Set lokota 4+1 Hardinox Master s kljucem &#8211; Set Hardinox brava 5&#215;30 mm (4 standardne brave + 1 duga\u010dka brava).<\/p>\n","protected":false},"featured_media":5936699,"comment_status":"open","ping_status":"closed","template":"","meta":[],"product_brand":[3136],"product_cat":[1686],"product_tag":[],"class_list":{"0":"post-739580","1":"product","2":"type-product","3":"status-publish","4":"has-post-thumbnail","6":"product_brand-masterlock-hr","7":"product_cat-lokoti","9":"first","10":"instock","11":"shipping-taxable","12":"purchasable","13":"product-type-simple"},"_links":{"self":[{"href":"https:\/\/stoic-curie.212-227-153-4.plesk.page\/hr\/wp-json\/wp\/v2\/product\/739580","targetHints":{"allow":["GET"]}}],"collection":[{"href":"https:\/\/stoic-curie.212-227-153-4.plesk.page\/hr\/wp-json\/wp\/v2\/product"}],"about":[{"href":"https:\/\/stoic-curie.212-227-153-4.plesk.page\/hr\/wp-json\/wp\/v2\/types\/product"}],"replies":[{"embeddable":true,"href":"https:\/\/stoic-curie.212-227-153-4.plesk.page\/hr\/wp-json\/wp\/v2\/comments?post=739580"}],"version-history":[{"count":0,"href":"https:\/\/stoic-curie.212-227-153-4.plesk.page\/hr\/wp-json\/wp\/v2\/product\/739580\/revisions"}],"wp:featuredmedia":[{"embeddable":true,"href":"https:\/\/stoic-curie.212-227-153-4.plesk.page\/hr\/wp-json\/wp\/v2\/media\/5936699"}],"wp:attachment":[{"href":"https:\/\/stoic-curie.212-227-153-4.plesk.page\/hr\/wp-json\/wp\/v2\/media?parent=739580"}],"wp:term":[{"taxonomy":"product_brand","embeddable":true,"href":"https:\/\/stoic-curie.212-227-153-4.plesk.page\/hr\/wp-json\/wp\/v2\/product_brand?post=739580"},{"taxonomy":"product_cat","embeddable":true,"href":"https:\/\/stoic-curie.212-227-153-4.plesk.page\/hr\/wp-json\/wp\/v2\/product_cat?post=739580"},{"taxonomy":"product_tag","embeddable":true,"href":"https:\/\/stoic-curie.212-227-153-4.plesk.page\/hr\/wp-json\/wp\/v2\/product_tag?post=739580"}],"curies":[{"name":"wp","href":"https:\/\/api.w.org\/{rel}","templated":true}]}}