{"id":739581,"date":"2025-03-03T18:04:29","date_gmt":"2025-03-03T17:04:29","guid":{"rendered":"https:\/\/stoic-curie.212-227-153-4.plesk.page\/producto\/stitnik-za-jedra-universal-stanchion-covers-4-kom\/"},"modified":"2026-02-25T00:00:34","modified_gmt":"2026-02-25T00:00:34","slug":"stitnik-za-jedra-universal-stanchion-covers-4-kom","status":"publish","type":"product","link":"https:\/\/stoic-curie.212-227-153-4.plesk.page\/hr\/product\/stitnik-za-jedra-universal-stanchion-covers-4-kom\/","title":{"rendered":"\u0160titnik za jedra Universal Stanchion Covers, 4 kom"},"content":{"rendered":"<p>\u0160titnik za jedra Universal Stanchion Covers, 4 kom &#8211; <\/p>\n<p>\u010cvrsti jastu\u010di\u0107 od poliuretana. \u0161titi genovu od stalnog trenja o u\u010dvr\u0161\u0107enju izme\u0111u sigurnosne veze i pulpita. Jednostavna ugradnja na stazu s dva uklju\u010dena najlonska isje\u010dka za savr\u0161eno dr\u017eanje. Pakiranje sadr\u017ei 4 komada.<\/p>\n","protected":false},"excerpt":{"rendered":"<p>\u0160titnik za jedra Universal Stanchion Covers, 4 kom &#8211; \u010cvrsti jastu\u010di\u0107 od poliuretana. \u0161titi genovu od stalnog trenja o u\u010dvr\u0161\u0107enju<\/p>\n","protected":false},"featured_media":5936703,"comment_status":"open","ping_status":"closed","template":"","meta":[],"product_brand":[3491],"product_cat":[1758],"product_tag":[],"class_list":{"0":"post-739581","1":"product","2":"type-product","3":"status-publish","4":"has-post-thumbnail","6":"product_brand-trem-hr","7":"product_cat-stupici-jedrilica","9":"first","10":"instock","11":"shipping-taxable","12":"purchasable","13":"product-type-simple"},"_links":{"self":[{"href":"https:\/\/stoic-curie.212-227-153-4.plesk.page\/hr\/wp-json\/wp\/v2\/product\/739581","targetHints":{"allow":["GET"]}}],"collection":[{"href":"https:\/\/stoic-curie.212-227-153-4.plesk.page\/hr\/wp-json\/wp\/v2\/product"}],"about":[{"href":"https:\/\/stoic-curie.212-227-153-4.plesk.page\/hr\/wp-json\/wp\/v2\/types\/product"}],"replies":[{"embeddable":true,"href":"https:\/\/stoic-curie.212-227-153-4.plesk.page\/hr\/wp-json\/wp\/v2\/comments?post=739581"}],"version-history":[{"count":0,"href":"https:\/\/stoic-curie.212-227-153-4.plesk.page\/hr\/wp-json\/wp\/v2\/product\/739581\/revisions"}],"wp:featuredmedia":[{"embeddable":true,"href":"https:\/\/stoic-curie.212-227-153-4.plesk.page\/hr\/wp-json\/wp\/v2\/media\/5936703"}],"wp:attachment":[{"href":"https:\/\/stoic-curie.212-227-153-4.plesk.page\/hr\/wp-json\/wp\/v2\/media?parent=739581"}],"wp:term":[{"taxonomy":"product_brand","embeddable":true,"href":"https:\/\/stoic-curie.212-227-153-4.plesk.page\/hr\/wp-json\/wp\/v2\/product_brand?post=739581"},{"taxonomy":"product_cat","embeddable":true,"href":"https:\/\/stoic-curie.212-227-153-4.plesk.page\/hr\/wp-json\/wp\/v2\/product_cat?post=739581"},{"taxonomy":"product_tag","embeddable":true,"href":"https:\/\/stoic-curie.212-227-153-4.plesk.page\/hr\/wp-json\/wp\/v2\/product_tag?post=739581"}],"curies":[{"name":"wp","href":"https:\/\/api.w.org\/{rel}","templated":true}]}}