{"id":739584,"date":"2025-03-03T18:04:30","date_gmt":"2025-03-03T17:04:30","guid":{"rendered":"https:\/\/stoic-curie.212-227-153-4.plesk.page\/producto\/koloturnik-antal-jednostruki-50mm-za-konope-do-10mm\/"},"modified":"2026-02-25T00:00:34","modified_gmt":"2026-02-25T00:00:34","slug":"koloturnik-antal-jednostruki-50mm-za-konope-do-10mm","status":"publish","type":"product","link":"https:\/\/stoic-curie.212-227-153-4.plesk.page\/hr\/product\/koloturnik-antal-jednostruki-50mm-za-konope-do-10mm\/","title":{"rendered":"Koloturnik Antal jednostruki 50mm za konope do 10mm"},"content":{"rendered":"<p>Koloturnik Antal jednostruki 50mm za konope do 10mm &#8211; <\/p>\n<p>Jednodijelni okvir od tefloniziranog crnog oksidiranog aluminija vrlo je robustan blok bez vijaka i igala. Kompozitne vlaknaste koloture i dvostruka samokapacitivna kugli\u010dna le\u017eajeva koja ne zahtijevaju podmazivanje. U kompletu s visokotla\u010dnim nehr\u0111aju\u0107im \u010deli\u010dnim zakretnim dijelom i okom. Kvalitetni materijali jam\u010de visoke radne optere\u0107enja i dodatnu laganost.<\/p>\n","protected":false},"excerpt":{"rendered":"<p>Koloturnik Antal jednostruki 50mm za konope do 10mm &#8211; Jednodijelni okvir od tefloniziranog crnog oksidiranog aluminija vrlo je robustan blok<\/p>\n","protected":false},"featured_media":5936714,"comment_status":"open","ping_status":"closed","template":"","meta":[],"product_brand":[2786],"product_cat":[1762],"product_tag":[],"class_list":{"0":"post-739584","1":"product","2":"type-product","3":"status-publish","4":"has-post-thumbnail","6":"product_brand-antal-hr","7":"product_cat-antal-koloture-za-jedrilice","9":"first","10":"instock","11":"shipping-taxable","12":"purchasable","13":"product-type-simple"},"_links":{"self":[{"href":"https:\/\/stoic-curie.212-227-153-4.plesk.page\/hr\/wp-json\/wp\/v2\/product\/739584","targetHints":{"allow":["GET"]}}],"collection":[{"href":"https:\/\/stoic-curie.212-227-153-4.plesk.page\/hr\/wp-json\/wp\/v2\/product"}],"about":[{"href":"https:\/\/stoic-curie.212-227-153-4.plesk.page\/hr\/wp-json\/wp\/v2\/types\/product"}],"replies":[{"embeddable":true,"href":"https:\/\/stoic-curie.212-227-153-4.plesk.page\/hr\/wp-json\/wp\/v2\/comments?post=739584"}],"version-history":[{"count":0,"href":"https:\/\/stoic-curie.212-227-153-4.plesk.page\/hr\/wp-json\/wp\/v2\/product\/739584\/revisions"}],"wp:featuredmedia":[{"embeddable":true,"href":"https:\/\/stoic-curie.212-227-153-4.plesk.page\/hr\/wp-json\/wp\/v2\/media\/5936714"}],"wp:attachment":[{"href":"https:\/\/stoic-curie.212-227-153-4.plesk.page\/hr\/wp-json\/wp\/v2\/media?parent=739584"}],"wp:term":[{"taxonomy":"product_brand","embeddable":true,"href":"https:\/\/stoic-curie.212-227-153-4.plesk.page\/hr\/wp-json\/wp\/v2\/product_brand?post=739584"},{"taxonomy":"product_cat","embeddable":true,"href":"https:\/\/stoic-curie.212-227-153-4.plesk.page\/hr\/wp-json\/wp\/v2\/product_cat?post=739584"},{"taxonomy":"product_tag","embeddable":true,"href":"https:\/\/stoic-curie.212-227-153-4.plesk.page\/hr\/wp-json\/wp\/v2\/product_tag?post=739584"}],"curies":[{"name":"wp","href":"https:\/\/api.w.org\/{rel}","templated":true}]}}