{"id":739587,"date":"2025-03-03T18:04:31","date_gmt":"2025-03-03T17:04:31","guid":{"rendered":"https:\/\/stoic-curie.212-227-153-4.plesk.page\/producto\/antal-kolotura-violinski-tip-sa-nosacem-50-mm-konop-10-mm\/"},"modified":"2026-02-25T00:00:34","modified_gmt":"2026-02-25T00:00:34","slug":"antal-kolotura-violinski-tip-sa-nosacem-50-mm-konop-10-mm","status":"publish","type":"product","link":"https:\/\/stoic-curie.212-227-153-4.plesk.page\/hr\/product\/antal-kolotura-violinski-tip-sa-nosacem-50-mm-konop-10-mm\/","title":{"rendered":"Antal kolotura violinski tip sa nosa\u010dem 50 mm (konop 10 mm)"},"content":{"rendered":"<p>Antal kolotura violinski tip sa nosa\u010dem 50 mm (konop 10 mm) &#8211; <\/p>\n<p>Jednodijelni crni oksidirani aluminijski okvir prekriven teflonom, vrlo robusna blokada bez vijaka i klinova. Kompozitna vlakna i dvostruka samosastavna kugli\u010dna le\u017eajeva koja ne trebaju podmazivanje. Kompletan s visoko otpornim nehr\u0111aju\u0107im \u010deli\u010dnim okretnim vrhom i kukom. Visokokvalitetni materijali jam\u010de visoke radne optere\u0107enja i dodatnu laganost.<\/p>\n","protected":false},"excerpt":{"rendered":"<p>Antal kolotura violinski tip sa nosa\u010dem 50 mm (konop 10 mm) &#8211; Jednodijelni crni oksidirani aluminijski okvir prekriven teflonom, vrlo<\/p>\n","protected":false},"featured_media":5936720,"comment_status":"open","ping_status":"closed","template":"","meta":[],"product_brand":[2786],"product_cat":[1762],"product_tag":[],"class_list":{"0":"post-739587","1":"product","2":"type-product","3":"status-publish","4":"has-post-thumbnail","6":"product_brand-antal-hr","7":"product_cat-antal-koloture-za-jedrilice","9":"first","10":"instock","11":"shipping-taxable","12":"purchasable","13":"product-type-simple"},"_links":{"self":[{"href":"https:\/\/stoic-curie.212-227-153-4.plesk.page\/hr\/wp-json\/wp\/v2\/product\/739587","targetHints":{"allow":["GET"]}}],"collection":[{"href":"https:\/\/stoic-curie.212-227-153-4.plesk.page\/hr\/wp-json\/wp\/v2\/product"}],"about":[{"href":"https:\/\/stoic-curie.212-227-153-4.plesk.page\/hr\/wp-json\/wp\/v2\/types\/product"}],"replies":[{"embeddable":true,"href":"https:\/\/stoic-curie.212-227-153-4.plesk.page\/hr\/wp-json\/wp\/v2\/comments?post=739587"}],"version-history":[{"count":0,"href":"https:\/\/stoic-curie.212-227-153-4.plesk.page\/hr\/wp-json\/wp\/v2\/product\/739587\/revisions"}],"wp:featuredmedia":[{"embeddable":true,"href":"https:\/\/stoic-curie.212-227-153-4.plesk.page\/hr\/wp-json\/wp\/v2\/media\/5936720"}],"wp:attachment":[{"href":"https:\/\/stoic-curie.212-227-153-4.plesk.page\/hr\/wp-json\/wp\/v2\/media?parent=739587"}],"wp:term":[{"taxonomy":"product_brand","embeddable":true,"href":"https:\/\/stoic-curie.212-227-153-4.plesk.page\/hr\/wp-json\/wp\/v2\/product_brand?post=739587"},{"taxonomy":"product_cat","embeddable":true,"href":"https:\/\/stoic-curie.212-227-153-4.plesk.page\/hr\/wp-json\/wp\/v2\/product_cat?post=739587"},{"taxonomy":"product_tag","embeddable":true,"href":"https:\/\/stoic-curie.212-227-153-4.plesk.page\/hr\/wp-json\/wp\/v2\/product_tag?post=739587"}],"curies":[{"name":"wp","href":"https:\/\/api.w.org\/{rel}","templated":true}]}}