{"id":739590,"date":"2025-03-03T18:04:32","date_gmt":"2025-03-03T17:04:32","guid":{"rendered":"https:\/\/stoic-curie.212-227-153-4.plesk.page\/producto\/trostruka-kolotura-antal-50-mm-konop-10-mm\/"},"modified":"2026-02-25T00:00:34","modified_gmt":"2026-02-25T00:00:34","slug":"trostruka-kolotura-antal-50-mm-konop-10-mm","status":"publish","type":"product","link":"https:\/\/stoic-curie.212-227-153-4.plesk.page\/hr\/product\/trostruka-kolotura-antal-50-mm-konop-10-mm\/","title":{"rendered":"Trostruka kolotura Antal 50 mm (konop 10 mm)"},"content":{"rendered":"<p>Trostruka kolotura Antal 50 mm (konop 10 mm) &#8211; <\/p>\n<p>Jedan komad teflonskog crnog oksidiranog aluminijskog okvira, vrlo robusna blokada bez vijaka i iglica. Kompozitna vlakna jaram i dvostruka samosadr\u017eavaju\u0107a kugli\u010dna le\u017eajeva koja ne zahtijevaju podmazivanje. Kompletno s vrlo otpornim okrenutim vrhom od nehr\u0111aju\u0107eg \u010delika i kukom. Kvalitetni materijali jam\u010de visoka optere\u0107enja i dodatnu lako\u0107u.<\/p>\n","protected":false},"excerpt":{"rendered":"<p>Trostruka kolotura Antal 50 mm (konop 10 mm) &#8211; Jedan komad teflonskog crnog oksidiranog aluminijskog okvira, vrlo robusna blokada bez<\/p>\n","protected":false},"featured_media":5936726,"comment_status":"open","ping_status":"closed","template":"","meta":[],"product_brand":[2786],"product_cat":[1762],"product_tag":[],"class_list":{"0":"post-739590","1":"product","2":"type-product","3":"status-publish","4":"has-post-thumbnail","6":"product_brand-antal-hr","7":"product_cat-antal-koloture-za-jedrilice","9":"first","10":"instock","11":"shipping-taxable","12":"purchasable","13":"product-type-simple"},"_links":{"self":[{"href":"https:\/\/stoic-curie.212-227-153-4.plesk.page\/hr\/wp-json\/wp\/v2\/product\/739590","targetHints":{"allow":["GET"]}}],"collection":[{"href":"https:\/\/stoic-curie.212-227-153-4.plesk.page\/hr\/wp-json\/wp\/v2\/product"}],"about":[{"href":"https:\/\/stoic-curie.212-227-153-4.plesk.page\/hr\/wp-json\/wp\/v2\/types\/product"}],"replies":[{"embeddable":true,"href":"https:\/\/stoic-curie.212-227-153-4.plesk.page\/hr\/wp-json\/wp\/v2\/comments?post=739590"}],"version-history":[{"count":0,"href":"https:\/\/stoic-curie.212-227-153-4.plesk.page\/hr\/wp-json\/wp\/v2\/product\/739590\/revisions"}],"wp:featuredmedia":[{"embeddable":true,"href":"https:\/\/stoic-curie.212-227-153-4.plesk.page\/hr\/wp-json\/wp\/v2\/media\/5936726"}],"wp:attachment":[{"href":"https:\/\/stoic-curie.212-227-153-4.plesk.page\/hr\/wp-json\/wp\/v2\/media?parent=739590"}],"wp:term":[{"taxonomy":"product_brand","embeddable":true,"href":"https:\/\/stoic-curie.212-227-153-4.plesk.page\/hr\/wp-json\/wp\/v2\/product_brand?post=739590"},{"taxonomy":"product_cat","embeddable":true,"href":"https:\/\/stoic-curie.212-227-153-4.plesk.page\/hr\/wp-json\/wp\/v2\/product_cat?post=739590"},{"taxonomy":"product_tag","embeddable":true,"href":"https:\/\/stoic-curie.212-227-153-4.plesk.page\/hr\/wp-json\/wp\/v2\/product_tag?post=739590"}],"curies":[{"name":"wp","href":"https:\/\/api.w.org\/{rel}","templated":true}]}}