{"id":739592,"date":"2025-03-03T18:04:33","date_gmt":"2025-03-03T17:04:33","guid":{"rendered":"https:\/\/stoic-curie.212-227-153-4.plesk.page\/producto\/lezece-koloture-jednostruke-antal-50mm-za-konope-do-10mm\/"},"modified":"2026-02-25T00:00:34","modified_gmt":"2026-02-25T00:00:34","slug":"lezece-koloture-jednostruke-antal-50mm-za-konope-do-10mm","status":"publish","type":"product","link":"https:\/\/stoic-curie.212-227-153-4.plesk.page\/hr\/product\/lezece-koloture-jednostruke-antal-50mm-za-konope-do-10mm\/","title":{"rendered":"Le\u017ee\u0107e koloture jednostruke Antal 50mm za konope do 10mm"},"content":{"rendered":"<p>Le\u017ee\u0107e koloture jednostruke Antal 50mm za konope do 10mm &#8211; <\/p>\n<p>Jednodijelni okvir od crnog oksidiranog aluminija s teflonskom obradom, vrlo robusna blokada bez vijaka i igala. Kompozitne vlaknaste pulle i dvostruka samodr\u017eiva kugli\u010dna le\u017eaja koja ne zahtijeva podmazivanje. Uklju\u010duje visokokvalitetne nehr\u0111aju\u0107e \u010deli\u010dne vijke. Materijali visoke kvalitete jam\u010de visoke radne optere\u0107enja i dodatnu lako\u0107u.<\/p>\n","protected":false},"excerpt":{"rendered":"<p>Le\u017ee\u0107e koloture jednostruke Antal 50mm za konope do 10mm &#8211; Jednodijelni okvir od crnog oksidiranog aluminija s teflonskom obradom, vrlo<\/p>\n","protected":false},"featured_media":5936730,"comment_status":"open","ping_status":"closed","template":"","meta":[],"product_brand":[2219,2786],"product_cat":[1762,1760],"product_tag":[],"class_list":{"0":"post-739592","1":"product","2":"type-product","3":"status-publish","4":"has-post-thumbnail","6":"product_brand-antal","7":"product_brand-antal-hr","8":"product_cat-antal-koloture-za-jedrilice","9":"product_cat-palubni-organizatori-za-jedrilice","11":"first","12":"instock","13":"shipping-taxable","14":"purchasable","15":"product-type-simple"},"_links":{"self":[{"href":"https:\/\/stoic-curie.212-227-153-4.plesk.page\/hr\/wp-json\/wp\/v2\/product\/739592","targetHints":{"allow":["GET"]}}],"collection":[{"href":"https:\/\/stoic-curie.212-227-153-4.plesk.page\/hr\/wp-json\/wp\/v2\/product"}],"about":[{"href":"https:\/\/stoic-curie.212-227-153-4.plesk.page\/hr\/wp-json\/wp\/v2\/types\/product"}],"replies":[{"embeddable":true,"href":"https:\/\/stoic-curie.212-227-153-4.plesk.page\/hr\/wp-json\/wp\/v2\/comments?post=739592"}],"version-history":[{"count":0,"href":"https:\/\/stoic-curie.212-227-153-4.plesk.page\/hr\/wp-json\/wp\/v2\/product\/739592\/revisions"}],"wp:featuredmedia":[{"embeddable":true,"href":"https:\/\/stoic-curie.212-227-153-4.plesk.page\/hr\/wp-json\/wp\/v2\/media\/5936730"}],"wp:attachment":[{"href":"https:\/\/stoic-curie.212-227-153-4.plesk.page\/hr\/wp-json\/wp\/v2\/media?parent=739592"}],"wp:term":[{"taxonomy":"product_brand","embeddable":true,"href":"https:\/\/stoic-curie.212-227-153-4.plesk.page\/hr\/wp-json\/wp\/v2\/product_brand?post=739592"},{"taxonomy":"product_cat","embeddable":true,"href":"https:\/\/stoic-curie.212-227-153-4.plesk.page\/hr\/wp-json\/wp\/v2\/product_cat?post=739592"},{"taxonomy":"product_tag","embeddable":true,"href":"https:\/\/stoic-curie.212-227-153-4.plesk.page\/hr\/wp-json\/wp\/v2\/product_tag?post=739592"}],"curies":[{"name":"wp","href":"https:\/\/api.w.org\/{rel}","templated":true}]}}