{"id":739593,"date":"2025-03-03T18:04:33","date_gmt":"2025-03-03T17:04:33","guid":{"rendered":"https:\/\/stoic-curie.212-227-153-4.plesk.page\/producto\/dvostruki-lezeci-koloturnik-antal-50mm-za-konop-10mm\/"},"modified":"2026-02-25T00:00:34","modified_gmt":"2026-02-25T00:00:34","slug":"dvostruki-lezeci-koloturnik-antal-50mm-za-konop-10mm","status":"publish","type":"product","link":"https:\/\/stoic-curie.212-227-153-4.plesk.page\/hr\/product\/dvostruki-lezeci-koloturnik-antal-50mm-za-konop-10mm\/","title":{"rendered":"Dvostruki le\u017ee\u010di koloturnik Antal 50mm za konop 10mm"},"content":{"rendered":"<p>Dvostruki le\u017ee\u010di koloturnik Antal 50mm za konop 10mm &#8211; <\/p>\n<p>Jednodijelni okvir od oksidiranog aluminija crne boje prekriven teflonom, vrlo robusna blokada bez vijaka i igli\u010dastih dijelova. Kompozitne vlaknaste poluge i dvostruko samostalno le\u017eajevo koje ne treba podmazivanje. U kompletu s visoko otpornih nehr\u0111aju\u0107ih \u010deli\u010dnih vijaka. Kvalitetni materijali jam\u010de visoke radne optere\u0107enja i dodatnu laganost.<\/p>\n","protected":false},"excerpt":{"rendered":"<p>Dvostruki le\u017ee\u010di koloturnik Antal 50mm za konop 10mm &#8211; Jednodijelni okvir od oksidiranog aluminija crne boje prekriven teflonom, vrlo robusna<\/p>\n","protected":false},"featured_media":5936730,"comment_status":"open","ping_status":"closed","template":"","meta":[],"product_brand":[2786],"product_cat":[1762,1760],"product_tag":[],"class_list":{"0":"post-739593","1":"product","2":"type-product","3":"status-publish","4":"has-post-thumbnail","6":"product_brand-antal-hr","7":"product_cat-antal-koloture-za-jedrilice","8":"product_cat-palubni-organizatori-za-jedrilice","10":"first","11":"instock","12":"shipping-taxable","13":"purchasable","14":"product-type-simple"},"_links":{"self":[{"href":"https:\/\/stoic-curie.212-227-153-4.plesk.page\/hr\/wp-json\/wp\/v2\/product\/739593","targetHints":{"allow":["GET"]}}],"collection":[{"href":"https:\/\/stoic-curie.212-227-153-4.plesk.page\/hr\/wp-json\/wp\/v2\/product"}],"about":[{"href":"https:\/\/stoic-curie.212-227-153-4.plesk.page\/hr\/wp-json\/wp\/v2\/types\/product"}],"replies":[{"embeddable":true,"href":"https:\/\/stoic-curie.212-227-153-4.plesk.page\/hr\/wp-json\/wp\/v2\/comments?post=739593"}],"version-history":[{"count":0,"href":"https:\/\/stoic-curie.212-227-153-4.plesk.page\/hr\/wp-json\/wp\/v2\/product\/739593\/revisions"}],"wp:featuredmedia":[{"embeddable":true,"href":"https:\/\/stoic-curie.212-227-153-4.plesk.page\/hr\/wp-json\/wp\/v2\/media\/5936730"}],"wp:attachment":[{"href":"https:\/\/stoic-curie.212-227-153-4.plesk.page\/hr\/wp-json\/wp\/v2\/media?parent=739593"}],"wp:term":[{"taxonomy":"product_brand","embeddable":true,"href":"https:\/\/stoic-curie.212-227-153-4.plesk.page\/hr\/wp-json\/wp\/v2\/product_brand?post=739593"},{"taxonomy":"product_cat","embeddable":true,"href":"https:\/\/stoic-curie.212-227-153-4.plesk.page\/hr\/wp-json\/wp\/v2\/product_cat?post=739593"},{"taxonomy":"product_tag","embeddable":true,"href":"https:\/\/stoic-curie.212-227-153-4.plesk.page\/hr\/wp-json\/wp\/v2\/product_tag?post=739593"}],"curies":[{"name":"wp","href":"https:\/\/api.w.org\/{rel}","templated":true}]}}