{"id":739599,"date":"2025-03-03T18:04:35","date_gmt":"2025-03-03T17:04:35","guid":{"rendered":"https:\/\/stoic-curie.212-227-153-4.plesk.page\/producto\/antal-self-tailing-vinc-xt16-1-brzina-112mm\/"},"modified":"2026-02-25T00:00:34","modified_gmt":"2026-02-25T00:00:34","slug":"antal-self-tailing-vinc-xt16-1-brzina-112mm","status":"publish","type":"product","link":"https:\/\/stoic-curie.212-227-153-4.plesk.page\/hr\/product\/antal-self-tailing-vinc-xt16-1-brzina-112mm\/","title":{"rendered":"Antal Self-Tailing  vin\u010d XT16, 1 brzina 112mm"},"content":{"rendered":"<p>Antal Self-Tailing  vin\u010d XT16, 1 brzina 112mm &#8211; <\/p>\n<p>Samo-povu\u010dno XT kompaktno vitlo s smanjenom brzinom koja pru\u017ea spor, ali mo\u0107an u\u010dinak. Dr\u0161ka se slobodno okre\u0107e u drugom smjeru. Za u\u017ead od 610 mm.<\/p>\n","protected":false},"excerpt":{"rendered":"<p>Antal Self-Tailing vin\u010d XT16, 1 brzina 112mm &#8211; Samo-povu\u010dno XT kompaktno vitlo s smanjenom brzinom koja pru\u017ea spor, ali mo\u0107an<\/p>\n","protected":false},"featured_media":5936739,"comment_status":"open","ping_status":"closed","template":"","meta":[],"product_brand":[2786],"product_cat":[1773],"product_tag":[],"class_list":{"0":"post-739599","1":"product","2":"type-product","3":"status-publish","4":"has-post-thumbnail","6":"product_brand-antal-hr","7":"product_cat-antal-vincevi-za-jedrilice","9":"first","10":"instock","11":"shipping-taxable","12":"purchasable","13":"product-type-simple"},"_links":{"self":[{"href":"https:\/\/stoic-curie.212-227-153-4.plesk.page\/hr\/wp-json\/wp\/v2\/product\/739599","targetHints":{"allow":["GET"]}}],"collection":[{"href":"https:\/\/stoic-curie.212-227-153-4.plesk.page\/hr\/wp-json\/wp\/v2\/product"}],"about":[{"href":"https:\/\/stoic-curie.212-227-153-4.plesk.page\/hr\/wp-json\/wp\/v2\/types\/product"}],"replies":[{"embeddable":true,"href":"https:\/\/stoic-curie.212-227-153-4.plesk.page\/hr\/wp-json\/wp\/v2\/comments?post=739599"}],"version-history":[{"count":0,"href":"https:\/\/stoic-curie.212-227-153-4.plesk.page\/hr\/wp-json\/wp\/v2\/product\/739599\/revisions"}],"wp:featuredmedia":[{"embeddable":true,"href":"https:\/\/stoic-curie.212-227-153-4.plesk.page\/hr\/wp-json\/wp\/v2\/media\/5936739"}],"wp:attachment":[{"href":"https:\/\/stoic-curie.212-227-153-4.plesk.page\/hr\/wp-json\/wp\/v2\/media?parent=739599"}],"wp:term":[{"taxonomy":"product_brand","embeddable":true,"href":"https:\/\/stoic-curie.212-227-153-4.plesk.page\/hr\/wp-json\/wp\/v2\/product_brand?post=739599"},{"taxonomy":"product_cat","embeddable":true,"href":"https:\/\/stoic-curie.212-227-153-4.plesk.page\/hr\/wp-json\/wp\/v2\/product_cat?post=739599"},{"taxonomy":"product_tag","embeddable":true,"href":"https:\/\/stoic-curie.212-227-153-4.plesk.page\/hr\/wp-json\/wp\/v2\/product_tag?post=739599"}],"curies":[{"name":"wp","href":"https:\/\/api.w.org\/{rel}","templated":true}]}}