{"id":739611,"date":"2025-03-03T18:04:38","date_gmt":"2025-03-03T17:04:38","guid":{"rendered":"https:\/\/stoic-curie.212-227-153-4.plesk.page\/producto\/kolotur-antal-jednostavni-60mm-do-12mm-konop\/"},"modified":"2026-02-25T00:00:34","modified_gmt":"2026-02-25T00:00:34","slug":"kolotur-antal-jednostavni-60mm-do-12mm-konop","status":"publish","type":"product","link":"https:\/\/stoic-curie.212-227-153-4.plesk.page\/hr\/product\/kolotur-antal-jednostavni-60mm-do-12mm-konop\/","title":{"rendered":"Kolotur Antal jednostavni 60mm do 12mm konop"},"content":{"rendered":"<p>Kolotur Antal jednostavni 60mm do 12mm konop &#8211; <\/p>\n<p>Jedan komad oksidiranih aluminijskih okvira crne boje s teflonskom obradom, vrlo robusna blokada bez vijaka i klinova. Kompozitne vlaknaste pulije i dvostruki samocentriraju\u0107i kugli\u010dni le\u017eajevi koji ne trebaju podmazivanje. Potpuno s uvla\u010divim gornjim dijelom od nehr\u0111aju\u0107eg \u010delika i kuku. Kvalitetni materijali jam\u010de visoke radne optere\u0107enja i dodatnu laganost.<\/p>\n","protected":false},"excerpt":{"rendered":"<p>Kolotur Antal jednostavni 60mm do 12mm konop &#8211; Jedan komad oksidiranih aluminijskih okvira crne boje s teflonskom obradom, vrlo robusna<\/p>\n","protected":false},"featured_media":5936714,"comment_status":"open","ping_status":"closed","template":"","meta":[],"product_brand":[2786],"product_cat":[1762],"product_tag":[],"class_list":{"0":"post-739611","1":"product","2":"type-product","3":"status-publish","4":"has-post-thumbnail","6":"product_brand-antal-hr","7":"product_cat-antal-koloture-za-jedrilice","9":"first","10":"instock","11":"shipping-taxable","12":"purchasable","13":"product-type-simple"},"_links":{"self":[{"href":"https:\/\/stoic-curie.212-227-153-4.plesk.page\/hr\/wp-json\/wp\/v2\/product\/739611","targetHints":{"allow":["GET"]}}],"collection":[{"href":"https:\/\/stoic-curie.212-227-153-4.plesk.page\/hr\/wp-json\/wp\/v2\/product"}],"about":[{"href":"https:\/\/stoic-curie.212-227-153-4.plesk.page\/hr\/wp-json\/wp\/v2\/types\/product"}],"replies":[{"embeddable":true,"href":"https:\/\/stoic-curie.212-227-153-4.plesk.page\/hr\/wp-json\/wp\/v2\/comments?post=739611"}],"version-history":[{"count":0,"href":"https:\/\/stoic-curie.212-227-153-4.plesk.page\/hr\/wp-json\/wp\/v2\/product\/739611\/revisions"}],"wp:featuredmedia":[{"embeddable":true,"href":"https:\/\/stoic-curie.212-227-153-4.plesk.page\/hr\/wp-json\/wp\/v2\/media\/5936714"}],"wp:attachment":[{"href":"https:\/\/stoic-curie.212-227-153-4.plesk.page\/hr\/wp-json\/wp\/v2\/media?parent=739611"}],"wp:term":[{"taxonomy":"product_brand","embeddable":true,"href":"https:\/\/stoic-curie.212-227-153-4.plesk.page\/hr\/wp-json\/wp\/v2\/product_brand?post=739611"},{"taxonomy":"product_cat","embeddable":true,"href":"https:\/\/stoic-curie.212-227-153-4.plesk.page\/hr\/wp-json\/wp\/v2\/product_cat?post=739611"},{"taxonomy":"product_tag","embeddable":true,"href":"https:\/\/stoic-curie.212-227-153-4.plesk.page\/hr\/wp-json\/wp\/v2\/product_tag?post=739611"}],"curies":[{"name":"wp","href":"https:\/\/api.w.org\/{rel}","templated":true}]}}