{"id":739612,"date":"2025-03-03T18:04:38","date_gmt":"2025-03-03T17:04:38","guid":{"rendered":"https:\/\/stoic-curie.212-227-153-4.plesk.page\/producto\/kolotura-antal-jednostruki-60-mm-s-nosacem-za-12-mm-konope\/"},"modified":"2026-02-25T00:00:34","modified_gmt":"2026-02-25T00:00:34","slug":"kolotura-antal-jednostruki-60-mm-s-nosacem-za-12-mm-konope","status":"publish","type":"product","link":"https:\/\/stoic-curie.212-227-153-4.plesk.page\/hr\/product\/kolotura-antal-jednostruki-60-mm-s-nosacem-za-12-mm-konope\/","title":{"rendered":"Kolotura Antal jednostruki 60 mm s nosa\u010dem za 12 mm konope"},"content":{"rendered":"<p>Kolotura Antal jednostruki 60 mm s nosa\u010dem za 12 mm konope &#8211; <\/p>\n<p>Jednodijelni crni oksidirani aluminijski okvir oblo\u017een teflonom, vrlo robusna blokada bez vijaka i pinova. Kompozitne vlaknaste remenice i dvostruko samostabilno kugli\u010dna le\u017eajevi koji ne zahtijevaju podmazivanje. Opremeno s visokokvalitetnom rotiraju\u0107om gornjom stranom od nehr\u0111aju\u0107eg \u010delika i kukom. Visokokvalitetni materijali garantiraju visoke radne optere\u0107enja i dodatnu lako\u0107u.<\/p>\n","protected":false},"excerpt":{"rendered":"<p>Kolotura Antal jednostruki 60 mm s nosa\u010dem za 12 mm konope &#8211; Jednodijelni crni oksidirani aluminijski okvir oblo\u017een teflonom, vrlo<\/p>\n","protected":false},"featured_media":5936716,"comment_status":"open","ping_status":"closed","template":"","meta":[],"product_brand":[2786],"product_cat":[1762],"product_tag":[],"class_list":{"0":"post-739612","1":"product","2":"type-product","3":"status-publish","4":"has-post-thumbnail","6":"product_brand-antal-hr","7":"product_cat-antal-koloture-za-jedrilice","9":"first","10":"instock","11":"shipping-taxable","12":"purchasable","13":"product-type-simple"},"_links":{"self":[{"href":"https:\/\/stoic-curie.212-227-153-4.plesk.page\/hr\/wp-json\/wp\/v2\/product\/739612","targetHints":{"allow":["GET"]}}],"collection":[{"href":"https:\/\/stoic-curie.212-227-153-4.plesk.page\/hr\/wp-json\/wp\/v2\/product"}],"about":[{"href":"https:\/\/stoic-curie.212-227-153-4.plesk.page\/hr\/wp-json\/wp\/v2\/types\/product"}],"replies":[{"embeddable":true,"href":"https:\/\/stoic-curie.212-227-153-4.plesk.page\/hr\/wp-json\/wp\/v2\/comments?post=739612"}],"version-history":[{"count":0,"href":"https:\/\/stoic-curie.212-227-153-4.plesk.page\/hr\/wp-json\/wp\/v2\/product\/739612\/revisions"}],"wp:featuredmedia":[{"embeddable":true,"href":"https:\/\/stoic-curie.212-227-153-4.plesk.page\/hr\/wp-json\/wp\/v2\/media\/5936716"}],"wp:attachment":[{"href":"https:\/\/stoic-curie.212-227-153-4.plesk.page\/hr\/wp-json\/wp\/v2\/media?parent=739612"}],"wp:term":[{"taxonomy":"product_brand","embeddable":true,"href":"https:\/\/stoic-curie.212-227-153-4.plesk.page\/hr\/wp-json\/wp\/v2\/product_brand?post=739612"},{"taxonomy":"product_cat","embeddable":true,"href":"https:\/\/stoic-curie.212-227-153-4.plesk.page\/hr\/wp-json\/wp\/v2\/product_cat?post=739612"},{"taxonomy":"product_tag","embeddable":true,"href":"https:\/\/stoic-curie.212-227-153-4.plesk.page\/hr\/wp-json\/wp\/v2\/product_tag?post=739612"}],"curies":[{"name":"wp","href":"https:\/\/api.w.org\/{rel}","templated":true}]}}