{"id":739613,"date":"2025-03-03T18:04:38","date_gmt":"2025-03-03T17:04:38","guid":{"rendered":"https:\/\/stoic-curie.212-227-153-4.plesk.page\/producto\/antal-violinska-kolotura-60-mm-12-mm-konop\/"},"modified":"2026-02-25T00:00:34","modified_gmt":"2026-02-25T00:00:34","slug":"antal-violinska-kolotura-60-mm-12-mm-konop","status":"publish","type":"product","link":"https:\/\/stoic-curie.212-227-153-4.plesk.page\/hr\/product\/antal-violinska-kolotura-60-mm-12-mm-konop\/","title":{"rendered":"Antal violinska kolotura 60 mm (12 mm konop)"},"content":{"rendered":"<p>Antal violinska kolotura 60 mm (12 mm konop) &#8211; <\/p>\n<p>Jednodijelni okvir od crnog oksidiranog aluminija s teflonom, vrlo robusna blokada bez vijaka i klinova. Kompozitne vlaknaste pulle i dvostruki samohvatni le\u017eaj kuglica koji ne zahtijeva podmazivanje. Kompletnu s vrhom od nehr\u0111aju\u0107eg \u010delika visoke otpornosti i kuka. Materijali visoke kvalitete jam\u010de visoke radne optere\u0107enja i dodatnu lako\u0107u.<\/p>\n","protected":false},"excerpt":{"rendered":"<p>Antal violinska kolotura 60 mm (12 mm konop) &#8211; Jednodijelni okvir od crnog oksidiranog aluminija s teflonom, vrlo robusna blokada<\/p>\n","protected":false},"featured_media":5936718,"comment_status":"open","ping_status":"closed","template":"","meta":[],"product_brand":[2786],"product_cat":[1762],"product_tag":[],"class_list":{"0":"post-739613","1":"product","2":"type-product","3":"status-publish","4":"has-post-thumbnail","6":"product_brand-antal-hr","7":"product_cat-antal-koloture-za-jedrilice","9":"first","10":"instock","11":"shipping-taxable","12":"purchasable","13":"product-type-simple"},"_links":{"self":[{"href":"https:\/\/stoic-curie.212-227-153-4.plesk.page\/hr\/wp-json\/wp\/v2\/product\/739613","targetHints":{"allow":["GET"]}}],"collection":[{"href":"https:\/\/stoic-curie.212-227-153-4.plesk.page\/hr\/wp-json\/wp\/v2\/product"}],"about":[{"href":"https:\/\/stoic-curie.212-227-153-4.plesk.page\/hr\/wp-json\/wp\/v2\/types\/product"}],"replies":[{"embeddable":true,"href":"https:\/\/stoic-curie.212-227-153-4.plesk.page\/hr\/wp-json\/wp\/v2\/comments?post=739613"}],"version-history":[{"count":0,"href":"https:\/\/stoic-curie.212-227-153-4.plesk.page\/hr\/wp-json\/wp\/v2\/product\/739613\/revisions"}],"wp:featuredmedia":[{"embeddable":true,"href":"https:\/\/stoic-curie.212-227-153-4.plesk.page\/hr\/wp-json\/wp\/v2\/media\/5936718"}],"wp:attachment":[{"href":"https:\/\/stoic-curie.212-227-153-4.plesk.page\/hr\/wp-json\/wp\/v2\/media?parent=739613"}],"wp:term":[{"taxonomy":"product_brand","embeddable":true,"href":"https:\/\/stoic-curie.212-227-153-4.plesk.page\/hr\/wp-json\/wp\/v2\/product_brand?post=739613"},{"taxonomy":"product_cat","embeddable":true,"href":"https:\/\/stoic-curie.212-227-153-4.plesk.page\/hr\/wp-json\/wp\/v2\/product_cat?post=739613"},{"taxonomy":"product_tag","embeddable":true,"href":"https:\/\/stoic-curie.212-227-153-4.plesk.page\/hr\/wp-json\/wp\/v2\/product_tag?post=739613"}],"curies":[{"name":"wp","href":"https:\/\/api.w.org\/{rel}","templated":true}]}}