{"id":739618,"date":"2025-03-03T18:04:40","date_gmt":"2025-03-03T17:04:40","guid":{"rendered":"https:\/\/stoic-curie.212-227-153-4.plesk.page\/producto\/trostruki-koloturnik-antal-60-mm-s-nosacem-za-12-mm-konop\/"},"modified":"2026-02-25T00:00:34","modified_gmt":"2026-02-25T00:00:34","slug":"trostruki-koloturnik-antal-60-mm-s-nosacem-za-12-mm-konop","status":"publish","type":"product","link":"https:\/\/stoic-curie.212-227-153-4.plesk.page\/hr\/product\/trostruki-koloturnik-antal-60-mm-s-nosacem-za-12-mm-konop\/","title":{"rendered":"Trostruki koloturnik Antal 60 mm s nosa\u010dem za 12 mm konop"},"content":{"rendered":"<p>Trostruki koloturnik Antal 60 mm s nosa\u010dem za 12 mm konop &#8211; <\/p>\n<p>Jedan komad crnog oksidiranog aluminijskog okvira prekrivenog teflonom, vrlo robusna bloka bez vijaka i iglica. Kompozitna vlakna i dvostruka samocentriraju\u0107a kugli\u010dna le\u017eajeva koja ne trebaju podmazivanje. U kompletu sa \u0161puli od visokotla\u010dnog nehr\u0111aju\u0107eg \u010delika i kru\u017enikom. Kvalitetni materijali garantiraju visoke optere\u0107enja i dodatnu lako\u0107u.<\/p>\n","protected":false},"excerpt":{"rendered":"<p>Trostruki koloturnik Antal 60 mm s nosa\u010dem za 12 mm konop &#8211; Jedan komad crnog oksidiranog aluminijskog okvira prekrivenog teflonom,<\/p>\n","protected":false},"featured_media":5936773,"comment_status":"open","ping_status":"closed","template":"","meta":[],"product_brand":[2786],"product_cat":[1762],"product_tag":[],"class_list":{"0":"post-739618","1":"product","2":"type-product","3":"status-publish","4":"has-post-thumbnail","6":"product_brand-antal-hr","7":"product_cat-antal-koloture-za-jedrilice","9":"first","10":"instock","11":"shipping-taxable","12":"purchasable","13":"product-type-simple"},"_links":{"self":[{"href":"https:\/\/stoic-curie.212-227-153-4.plesk.page\/hr\/wp-json\/wp\/v2\/product\/739618","targetHints":{"allow":["GET"]}}],"collection":[{"href":"https:\/\/stoic-curie.212-227-153-4.plesk.page\/hr\/wp-json\/wp\/v2\/product"}],"about":[{"href":"https:\/\/stoic-curie.212-227-153-4.plesk.page\/hr\/wp-json\/wp\/v2\/types\/product"}],"replies":[{"embeddable":true,"href":"https:\/\/stoic-curie.212-227-153-4.plesk.page\/hr\/wp-json\/wp\/v2\/comments?post=739618"}],"version-history":[{"count":0,"href":"https:\/\/stoic-curie.212-227-153-4.plesk.page\/hr\/wp-json\/wp\/v2\/product\/739618\/revisions"}],"wp:featuredmedia":[{"embeddable":true,"href":"https:\/\/stoic-curie.212-227-153-4.plesk.page\/hr\/wp-json\/wp\/v2\/media\/5936773"}],"wp:attachment":[{"href":"https:\/\/stoic-curie.212-227-153-4.plesk.page\/hr\/wp-json\/wp\/v2\/media?parent=739618"}],"wp:term":[{"taxonomy":"product_brand","embeddable":true,"href":"https:\/\/stoic-curie.212-227-153-4.plesk.page\/hr\/wp-json\/wp\/v2\/product_brand?post=739618"},{"taxonomy":"product_cat","embeddable":true,"href":"https:\/\/stoic-curie.212-227-153-4.plesk.page\/hr\/wp-json\/wp\/v2\/product_cat?post=739618"},{"taxonomy":"product_tag","embeddable":true,"href":"https:\/\/stoic-curie.212-227-153-4.plesk.page\/hr\/wp-json\/wp\/v2\/product_tag?post=739618"}],"curies":[{"name":"wp","href":"https:\/\/api.w.org\/{rel}","templated":true}]}}