{"id":739619,"date":"2025-03-03T18:04:40","date_gmt":"2025-03-03T17:04:40","guid":{"rendered":"https:\/\/stoic-curie.212-227-153-4.plesk.page\/producto\/antal-koloturnik-web-block-60-mm-za-konop-do-12-mm\/"},"modified":"2026-02-25T00:00:34","modified_gmt":"2026-02-25T00:00:34","slug":"antal-koloturnik-web-block-60-mm-za-konop-do-12-mm","status":"publish","type":"product","link":"https:\/\/stoic-curie.212-227-153-4.plesk.page\/hr\/product\/antal-koloturnik-web-block-60-mm-za-konop-do-12-mm\/","title":{"rendered":"Antal koloturnik (web block) 60 mm za konop do 12 mm"},"content":{"rendered":"<p>Antal koloturnik (web block) 60 mm za konop do 12 mm &#8211; <\/p>\n<p>Jednodijelni okvirom od oksidiranog crnog aluminija s teflonskom obradom, vrlo robusna blokada bez vijaka i iglica. Kompozitna vlakna s dvostrukim samosigurnim kugli\u010dnim le\u017eajem koji ne treba podmazivanje. Materijali visoke kvalitete jam\u010de visoke radne optere\u0107enja i dodatnu lako\u0107u.<\/p>\n","protected":false},"excerpt":{"rendered":"<p>Antal koloturnik (web block) 60 mm za konop do 12 mm &#8211; Jednodijelni okvirom od oksidiranog crnog aluminija s teflonskom<\/p>\n","protected":false},"featured_media":5936744,"comment_status":"open","ping_status":"closed","template":"","meta":[],"product_brand":[2786],"product_cat":[1762],"product_tag":[],"class_list":{"0":"post-739619","1":"product","2":"type-product","3":"status-publish","4":"has-post-thumbnail","6":"product_brand-antal-hr","7":"product_cat-antal-koloture-za-jedrilice","9":"first","10":"instock","11":"shipping-taxable","12":"purchasable","13":"product-type-simple"},"_links":{"self":[{"href":"https:\/\/stoic-curie.212-227-153-4.plesk.page\/hr\/wp-json\/wp\/v2\/product\/739619","targetHints":{"allow":["GET"]}}],"collection":[{"href":"https:\/\/stoic-curie.212-227-153-4.plesk.page\/hr\/wp-json\/wp\/v2\/product"}],"about":[{"href":"https:\/\/stoic-curie.212-227-153-4.plesk.page\/hr\/wp-json\/wp\/v2\/types\/product"}],"replies":[{"embeddable":true,"href":"https:\/\/stoic-curie.212-227-153-4.plesk.page\/hr\/wp-json\/wp\/v2\/comments?post=739619"}],"version-history":[{"count":0,"href":"https:\/\/stoic-curie.212-227-153-4.plesk.page\/hr\/wp-json\/wp\/v2\/product\/739619\/revisions"}],"wp:featuredmedia":[{"embeddable":true,"href":"https:\/\/stoic-curie.212-227-153-4.plesk.page\/hr\/wp-json\/wp\/v2\/media\/5936744"}],"wp:attachment":[{"href":"https:\/\/stoic-curie.212-227-153-4.plesk.page\/hr\/wp-json\/wp\/v2\/media?parent=739619"}],"wp:term":[{"taxonomy":"product_brand","embeddable":true,"href":"https:\/\/stoic-curie.212-227-153-4.plesk.page\/hr\/wp-json\/wp\/v2\/product_brand?post=739619"},{"taxonomy":"product_cat","embeddable":true,"href":"https:\/\/stoic-curie.212-227-153-4.plesk.page\/hr\/wp-json\/wp\/v2\/product_cat?post=739619"},{"taxonomy":"product_tag","embeddable":true,"href":"https:\/\/stoic-curie.212-227-153-4.plesk.page\/hr\/wp-json\/wp\/v2\/product_tag?post=739619"}],"curies":[{"name":"wp","href":"https:\/\/api.w.org\/{rel}","templated":true}]}}