{"id":739625,"date":"2025-03-03T18:04:48","date_gmt":"2025-03-03T17:04:48","guid":{"rendered":"https:\/\/stoic-curie.212-227-153-4.plesk.page\/producto\/antal-kolotura-violinski-tip-sa-stoperom-60-mm-konop-12-mm\/"},"modified":"2026-02-25T00:00:34","modified_gmt":"2026-02-25T00:00:34","slug":"antal-kolotura-violinski-tip-sa-stoperom-60-mm-konop-12-mm","status":"publish","type":"product","link":"https:\/\/stoic-curie.212-227-153-4.plesk.page\/hr\/product\/antal-kolotura-violinski-tip-sa-stoperom-60-mm-konop-12-mm\/","title":{"rendered":"Antal kolotura violinski tip sa \u0161toperom 60 mm (konop 12 mm)"},"content":{"rendered":"<p>Antal kolotura violinski tip sa \u0161toperom 60 mm (konop 12 mm) &#8211; <\/p>\n<p>Jednodijelni teflonirani crni oksidirani aluminijski okvir, vrlo robusna blokada bez vijaka i iglica. Kompozitna vlakna i dvostruka samoinstalirana kugli\u010dna le\u017eaja koja ne trebaju podmazivanje. Kompletnu sa visokootpornim nehr\u0111aju\u0107im \u010deli\u010dnim okretljivim vrhom i kuku. Kvalitetni materijali jam\u010de velike radne optere\u0107enja i dodatnu lako\u0107u.<\/p>\n","protected":false},"excerpt":{"rendered":"<p>Antal kolotura violinski tip sa \u0161toperom 60 mm (konop 12 mm) &#8211; Jednodijelni teflonirani crni oksidirani aluminijski okvir, vrlo robusna<\/p>\n","protected":false},"featured_media":5936718,"comment_status":"open","ping_status":"closed","template":"","meta":[],"product_brand":[2786],"product_cat":[1762],"product_tag":[],"class_list":{"0":"post-739625","1":"product","2":"type-product","3":"status-publish","4":"has-post-thumbnail","6":"product_brand-antal-hr","7":"product_cat-antal-koloture-za-jedrilice","9":"first","10":"outofstock","11":"shipping-taxable","12":"purchasable","13":"product-type-simple"},"_links":{"self":[{"href":"https:\/\/stoic-curie.212-227-153-4.plesk.page\/hr\/wp-json\/wp\/v2\/product\/739625","targetHints":{"allow":["GET"]}}],"collection":[{"href":"https:\/\/stoic-curie.212-227-153-4.plesk.page\/hr\/wp-json\/wp\/v2\/product"}],"about":[{"href":"https:\/\/stoic-curie.212-227-153-4.plesk.page\/hr\/wp-json\/wp\/v2\/types\/product"}],"replies":[{"embeddable":true,"href":"https:\/\/stoic-curie.212-227-153-4.plesk.page\/hr\/wp-json\/wp\/v2\/comments?post=739625"}],"version-history":[{"count":0,"href":"https:\/\/stoic-curie.212-227-153-4.plesk.page\/hr\/wp-json\/wp\/v2\/product\/739625\/revisions"}],"wp:featuredmedia":[{"embeddable":true,"href":"https:\/\/stoic-curie.212-227-153-4.plesk.page\/hr\/wp-json\/wp\/v2\/media\/5936718"}],"wp:attachment":[{"href":"https:\/\/stoic-curie.212-227-153-4.plesk.page\/hr\/wp-json\/wp\/v2\/media?parent=739625"}],"wp:term":[{"taxonomy":"product_brand","embeddable":true,"href":"https:\/\/stoic-curie.212-227-153-4.plesk.page\/hr\/wp-json\/wp\/v2\/product_brand?post=739625"},{"taxonomy":"product_cat","embeddable":true,"href":"https:\/\/stoic-curie.212-227-153-4.plesk.page\/hr\/wp-json\/wp\/v2\/product_cat?post=739625"},{"taxonomy":"product_tag","embeddable":true,"href":"https:\/\/stoic-curie.212-227-153-4.plesk.page\/hr\/wp-json\/wp\/v2\/product_tag?post=739625"}],"curies":[{"name":"wp","href":"https:\/\/api.w.org\/{rel}","templated":true}]}}