{"id":739630,"date":"2025-03-03T18:04:49","date_gmt":"2025-03-03T17:04:49","guid":{"rendered":"https:\/\/stoic-curie.212-227-153-4.plesk.page\/producto\/trostruki-koloturnik-antal-60-mm-s-stoperom-i-nosacem-za-12-mm-konop\/"},"modified":"2026-02-25T00:00:34","modified_gmt":"2026-02-25T00:00:34","slug":"trostruki-koloturnik-antal-60-mm-s-stoperom-i-nosacem-za-12-mm-konop","status":"publish","type":"product","link":"https:\/\/stoic-curie.212-227-153-4.plesk.page\/hr\/product\/trostruki-koloturnik-antal-60-mm-s-stoperom-i-nosacem-za-12-mm-konop\/","title":{"rendered":"Trostruki koloturnik Antal 60 mm s stoperom i nosa\u010dem za 12 mm konop"},"content":{"rendered":"<p>Trostruki koloturnik Antal 60 mm s stoperom i nosa\u010dem za 12 mm konop &#8211; <\/p>\n<p>Jednodijelni, teflonirani crni oksidirani aluminijski okvir, vrlo robustna blokada bez vijaka i iglica. Kompozitne vlaknaste kolutovi i dvostruki samospojivi kugli\u010dni le\u017eaj koji ne zahtijeva podmazivanje. Potpuno s visokootpornim nehr\u0111aju\u0107im \u010deli\u010dnim rotiraju\u0107im vrhom i maticom. Visokokvalitetni materijali jam\u010de visoke radne optere\u0107enja i dodatnu lakoc\u0301u.<\/p>\n","protected":false},"excerpt":{"rendered":"<p>Trostruki koloturnik Antal 60 mm s stoperom i nosa\u010dem za 12 mm konop &#8211; Jednodijelni, teflonirani crni oksidirani aluminijski okvir,<\/p>\n","protected":false},"featured_media":5936773,"comment_status":"open","ping_status":"closed","template":"","meta":[],"product_brand":[2786],"product_cat":[1762],"product_tag":[],"class_list":{"0":"post-739630","1":"product","2":"type-product","3":"status-publish","4":"has-post-thumbnail","6":"product_brand-antal-hr","7":"product_cat-antal-koloture-za-jedrilice","9":"first","10":"instock","11":"shipping-taxable","12":"purchasable","13":"product-type-simple"},"_links":{"self":[{"href":"https:\/\/stoic-curie.212-227-153-4.plesk.page\/hr\/wp-json\/wp\/v2\/product\/739630","targetHints":{"allow":["GET"]}}],"collection":[{"href":"https:\/\/stoic-curie.212-227-153-4.plesk.page\/hr\/wp-json\/wp\/v2\/product"}],"about":[{"href":"https:\/\/stoic-curie.212-227-153-4.plesk.page\/hr\/wp-json\/wp\/v2\/types\/product"}],"replies":[{"embeddable":true,"href":"https:\/\/stoic-curie.212-227-153-4.plesk.page\/hr\/wp-json\/wp\/v2\/comments?post=739630"}],"version-history":[{"count":0,"href":"https:\/\/stoic-curie.212-227-153-4.plesk.page\/hr\/wp-json\/wp\/v2\/product\/739630\/revisions"}],"wp:featuredmedia":[{"embeddable":true,"href":"https:\/\/stoic-curie.212-227-153-4.plesk.page\/hr\/wp-json\/wp\/v2\/media\/5936773"}],"wp:attachment":[{"href":"https:\/\/stoic-curie.212-227-153-4.plesk.page\/hr\/wp-json\/wp\/v2\/media?parent=739630"}],"wp:term":[{"taxonomy":"product_brand","embeddable":true,"href":"https:\/\/stoic-curie.212-227-153-4.plesk.page\/hr\/wp-json\/wp\/v2\/product_brand?post=739630"},{"taxonomy":"product_cat","embeddable":true,"href":"https:\/\/stoic-curie.212-227-153-4.plesk.page\/hr\/wp-json\/wp\/v2\/product_cat?post=739630"},{"taxonomy":"product_tag","embeddable":true,"href":"https:\/\/stoic-curie.212-227-153-4.plesk.page\/hr\/wp-json\/wp\/v2\/product_tag?post=739630"}],"curies":[{"name":"wp","href":"https:\/\/api.w.org\/{rel}","templated":true}]}}