{"id":739632,"date":"2025-03-03T18:04:50","date_gmt":"2025-03-03T17:04:50","guid":{"rendered":"https:\/\/stoic-curie.212-227-153-4.plesk.page\/producto\/klizac-genove-antal-32mm\/"},"modified":"2026-02-25T00:00:34","modified_gmt":"2026-02-25T00:00:34","slug":"klizac-genove-antal-32mm","status":"publish","type":"product","link":"https:\/\/stoic-curie.212-227-153-4.plesk.page\/hr\/product\/klizac-genove-antal-32mm\/","title":{"rendered":"KLizac genove Antal 32mm"},"content":{"rendered":"<p>KLizac genove Antal 32mm &#8211; <\/p>\n<p>Crni polirani aluminijski kolotur s kliznim ulo\u0161cima od najlona s malim trenjem. Rotiraju\u0107a (\u00c2\u00b150\u00c2\u00b0) osnova s koloturima od 316 nehr\u0111aju\u0107eg \u010delika. Smola kolotura s 2 bo\u010dna (samo-zatvoren) kugli\u010dna le\u017eaja, \u0161iroka sekcija za dva u\u017eeta. 316 nehr\u0111aju\u0107i \u010deli\u010dni pin s pozicijom za zaklju\u010davanje. Prednji becket. Radno optere\u0107enje (SWL) 2800 kg. T-vozni staz s rupama razmaknutim 100 mm. Visokonaponski anodizirani aluminij. Monta\u017ea s 6 mm vijcima.<\/p>\n","protected":false},"excerpt":{"rendered":"<p>KLizac genove Antal 32mm &#8211; Crni polirani aluminijski kolotur s kliznim ulo\u0161cima od najlona s malim trenjem. Rotiraju\u0107a (\u00c2\u00b150\u00c2\u00b0) osnova<\/p>\n","protected":false},"featured_media":5936784,"comment_status":"open","ping_status":"closed","template":"","meta":[],"product_brand":[2786],"product_cat":[1759],"product_tag":[],"class_list":{"0":"post-739632","1":"product","2":"type-product","3":"status-publish","4":"has-post-thumbnail","6":"product_brand-antal-hr","7":"product_cat-sustavi-klizaca-genove","9":"first","10":"instock","11":"shipping-taxable","12":"purchasable","13":"product-type-simple"},"_links":{"self":[{"href":"https:\/\/stoic-curie.212-227-153-4.plesk.page\/hr\/wp-json\/wp\/v2\/product\/739632","targetHints":{"allow":["GET"]}}],"collection":[{"href":"https:\/\/stoic-curie.212-227-153-4.plesk.page\/hr\/wp-json\/wp\/v2\/product"}],"about":[{"href":"https:\/\/stoic-curie.212-227-153-4.plesk.page\/hr\/wp-json\/wp\/v2\/types\/product"}],"replies":[{"embeddable":true,"href":"https:\/\/stoic-curie.212-227-153-4.plesk.page\/hr\/wp-json\/wp\/v2\/comments?post=739632"}],"version-history":[{"count":0,"href":"https:\/\/stoic-curie.212-227-153-4.plesk.page\/hr\/wp-json\/wp\/v2\/product\/739632\/revisions"}],"wp:featuredmedia":[{"embeddable":true,"href":"https:\/\/stoic-curie.212-227-153-4.plesk.page\/hr\/wp-json\/wp\/v2\/media\/5936784"}],"wp:attachment":[{"href":"https:\/\/stoic-curie.212-227-153-4.plesk.page\/hr\/wp-json\/wp\/v2\/media?parent=739632"}],"wp:term":[{"taxonomy":"product_brand","embeddable":true,"href":"https:\/\/stoic-curie.212-227-153-4.plesk.page\/hr\/wp-json\/wp\/v2\/product_brand?post=739632"},{"taxonomy":"product_cat","embeddable":true,"href":"https:\/\/stoic-curie.212-227-153-4.plesk.page\/hr\/wp-json\/wp\/v2\/product_cat?post=739632"},{"taxonomy":"product_tag","embeddable":true,"href":"https:\/\/stoic-curie.212-227-153-4.plesk.page\/hr\/wp-json\/wp\/v2\/product_tag?post=739632"}],"curies":[{"name":"wp","href":"https:\/\/api.w.org\/{rel}","templated":true}]}}