{"id":739633,"date":"2025-03-03T18:04:50","date_gmt":"2025-03-03T17:04:50","guid":{"rendered":"https:\/\/stoic-curie.212-227-153-4.plesk.page\/producto\/klizac-genove-antal-40mm\/"},"modified":"2026-02-25T00:00:34","modified_gmt":"2026-02-25T00:00:34","slug":"klizac-genove-antal-40mm","status":"publish","type":"product","link":"https:\/\/stoic-curie.212-227-153-4.plesk.page\/hr\/product\/klizac-genove-antal-40mm\/","title":{"rendered":"KLizac genove Antal 40mm"},"content":{"rendered":"<p>KLizac genove Antal 40mm &#8211; <\/p>\n<p>Crni polirani aluminijski kolica s kliznim umetcima od najlona s niskim trenjem. Okretna baza od nehr\u0111aju\u0107eg \u010delika 316 (\u00c2\u00b150\u00c2\u00b0). Aluminijska pulja s 2 bo\u010dna le\u017eaja. Pinna od nehr\u0111aju\u0107eg \u010delika 316 s pozicijom zaklju\u010davanja. Becket za daljinsku upravlja\u010dku liniju. SWL 3800 Kg. T-\u0161ina s rupama raspore\u0111enim na 100 mm. Anodizirani aluminij visoke otpornosti. Monta\u017ea s maticama od 8 mm.<\/p>\n","protected":false},"excerpt":{"rendered":"<p>KLizac genove Antal 40mm &#8211; Crni polirani aluminijski kolica s kliznim umetcima od najlona s niskim trenjem. Okretna baza od<\/p>\n","protected":false},"featured_media":5936784,"comment_status":"open","ping_status":"closed","template":"","meta":[],"product_brand":[2786],"product_cat":[1759],"product_tag":[],"class_list":{"0":"post-739633","1":"product","2":"type-product","3":"status-publish","4":"has-post-thumbnail","6":"product_brand-antal-hr","7":"product_cat-sustavi-klizaca-genove","9":"first","10":"instock","11":"shipping-taxable","12":"purchasable","13":"product-type-simple"},"_links":{"self":[{"href":"https:\/\/stoic-curie.212-227-153-4.plesk.page\/hr\/wp-json\/wp\/v2\/product\/739633","targetHints":{"allow":["GET"]}}],"collection":[{"href":"https:\/\/stoic-curie.212-227-153-4.plesk.page\/hr\/wp-json\/wp\/v2\/product"}],"about":[{"href":"https:\/\/stoic-curie.212-227-153-4.plesk.page\/hr\/wp-json\/wp\/v2\/types\/product"}],"replies":[{"embeddable":true,"href":"https:\/\/stoic-curie.212-227-153-4.plesk.page\/hr\/wp-json\/wp\/v2\/comments?post=739633"}],"version-history":[{"count":0,"href":"https:\/\/stoic-curie.212-227-153-4.plesk.page\/hr\/wp-json\/wp\/v2\/product\/739633\/revisions"}],"wp:featuredmedia":[{"embeddable":true,"href":"https:\/\/stoic-curie.212-227-153-4.plesk.page\/hr\/wp-json\/wp\/v2\/media\/5936784"}],"wp:attachment":[{"href":"https:\/\/stoic-curie.212-227-153-4.plesk.page\/hr\/wp-json\/wp\/v2\/media?parent=739633"}],"wp:term":[{"taxonomy":"product_brand","embeddable":true,"href":"https:\/\/stoic-curie.212-227-153-4.plesk.page\/hr\/wp-json\/wp\/v2\/product_brand?post=739633"},{"taxonomy":"product_cat","embeddable":true,"href":"https:\/\/stoic-curie.212-227-153-4.plesk.page\/hr\/wp-json\/wp\/v2\/product_cat?post=739633"},{"taxonomy":"product_tag","embeddable":true,"href":"https:\/\/stoic-curie.212-227-153-4.plesk.page\/hr\/wp-json\/wp\/v2\/product_tag?post=739633"}],"curies":[{"name":"wp","href":"https:\/\/api.w.org\/{rel}","templated":true}]}}