{"id":739636,"date":"2025-03-03T18:04:51","date_gmt":"2025-03-03T17:04:51","guid":{"rendered":"https:\/\/stoic-curie.212-227-153-4.plesk.page\/producto\/otvorivi-koloturnik-antal-40-mm-za-konop-12-mm\/"},"modified":"2026-02-25T00:00:34","modified_gmt":"2026-02-25T00:00:34","slug":"otvorivi-koloturnik-antal-40-mm-za-konop-12-mm","status":"publish","type":"product","link":"https:\/\/stoic-curie.212-227-153-4.plesk.page\/hr\/product\/otvorivi-koloturnik-antal-40-mm-za-konop-12-mm\/","title":{"rendered":"Otvorivi koloturnik Antal 40 mm za konop 12 mm"},"content":{"rendered":"<p>Otvorivi koloturnik Antal 40 mm za konop 12 mm &#8211; <\/p>\n<p>\u010celjusti se okre\u0107u oko osovine kolotura, omogu\u0107uju\u0107i blokadi da se otvori; sigurnosna kuglica sprje\u010dava otvaranje bloka, a podesivi vijak omogu\u0107uje postavljanje kuglice u zaklju\u010danom polo\u017eaju. Tu je i becket za &#8220;vise\u0107u u\u017ead&#8221;. Materijal: koloturka s glavnim le\u017eajem od kompozitnih vlakana i dvostrukim bo\u010dnim kugli\u010dnim le\u017eajem. Cijenjene aluminijske \u010deljusti, koje su podvrgnute tvrdom anodiziranju i premazane teflonom, s bo\u010dnim gumama (\u017euta guma na okretnom \u010deljusti).<\/p>\n","protected":false},"excerpt":{"rendered":"<p>Otvorivi koloturnik Antal 40 mm za konop 12 mm &#8211; \u010celjusti se okre\u0107u oko osovine kolotura, omogu\u0107uju\u0107i blokadi da se<\/p>\n","protected":false},"featured_media":5936791,"comment_status":"open","ping_status":"closed","template":"","meta":[],"product_brand":[2786],"product_cat":[1762],"product_tag":[],"class_list":{"0":"post-739636","1":"product","2":"type-product","3":"status-publish","4":"has-post-thumbnail","6":"product_brand-antal-hr","7":"product_cat-antal-koloture-za-jedrilice","9":"first","10":"instock","11":"shipping-taxable","12":"purchasable","13":"product-type-simple"},"_links":{"self":[{"href":"https:\/\/stoic-curie.212-227-153-4.plesk.page\/hr\/wp-json\/wp\/v2\/product\/739636","targetHints":{"allow":["GET"]}}],"collection":[{"href":"https:\/\/stoic-curie.212-227-153-4.plesk.page\/hr\/wp-json\/wp\/v2\/product"}],"about":[{"href":"https:\/\/stoic-curie.212-227-153-4.plesk.page\/hr\/wp-json\/wp\/v2\/types\/product"}],"replies":[{"embeddable":true,"href":"https:\/\/stoic-curie.212-227-153-4.plesk.page\/hr\/wp-json\/wp\/v2\/comments?post=739636"}],"version-history":[{"count":0,"href":"https:\/\/stoic-curie.212-227-153-4.plesk.page\/hr\/wp-json\/wp\/v2\/product\/739636\/revisions"}],"wp:featuredmedia":[{"embeddable":true,"href":"https:\/\/stoic-curie.212-227-153-4.plesk.page\/hr\/wp-json\/wp\/v2\/media\/5936791"}],"wp:attachment":[{"href":"https:\/\/stoic-curie.212-227-153-4.plesk.page\/hr\/wp-json\/wp\/v2\/media?parent=739636"}],"wp:term":[{"taxonomy":"product_brand","embeddable":true,"href":"https:\/\/stoic-curie.212-227-153-4.plesk.page\/hr\/wp-json\/wp\/v2\/product_brand?post=739636"},{"taxonomy":"product_cat","embeddable":true,"href":"https:\/\/stoic-curie.212-227-153-4.plesk.page\/hr\/wp-json\/wp\/v2\/product_cat?post=739636"},{"taxonomy":"product_tag","embeddable":true,"href":"https:\/\/stoic-curie.212-227-153-4.plesk.page\/hr\/wp-json\/wp\/v2\/product_tag?post=739636"}],"curies":[{"name":"wp","href":"https:\/\/api.w.org\/{rel}","templated":true}]}}