{"id":739639,"date":"2025-03-03T18:04:52","date_gmt":"2025-03-03T17:04:52","guid":{"rendered":"https:\/\/stoic-curie.212-227-153-4.plesk.page\/producto\/stoper-antal-v-cam-814-dvostruki-8\/"},"modified":"2026-02-25T00:00:34","modified_gmt":"2026-02-25T00:00:34","slug":"stoper-antal-v-cam-814-dvostruki-8","status":"publish","type":"product","link":"https:\/\/stoic-curie.212-227-153-4.plesk.page\/hr\/product\/stoper-antal-v-cam-814-dvostruki-8\/","title":{"rendered":"Stoper Antal V-Cam 814 dvostruki 8<10mm"},"content":{"rendered":"<p>Stoper Antal V-Cam 814 dvostruki 8<10mm - \n\n<p>Antal V-CAM 814 blokator nudi pobolj\u0161anu snagu dr\u017eanja i ne uzrokuje o\u0161te\u0107enje presvlake kabla. Savr\u0161en za kompozitne u\u017ead kao \u0161to su Kevlar, Vectran i Spectra. Izvrstan za poliester. Ku\u0107i\u0161te od UV-otpornog smole s \u010deli\u010dnom oja\u010davanjem, aluminijska baza, \u010deli\u010dni V-Cam i uskla\u0111ivanje le\u017eaja osiguravaju visoku kvalitetu. Blokator se mo\u017ee potpuno rastaviti radi jednostavnog odr\u017eavanja i popravka. Povla\u010denje u\u017eeta mo\u017ee se obaviti s zatvorenim polugom i mo\u017ee se automatski blokirati u novoj poziciji.<\/p>\n","protected":false},"excerpt":{"rendered":"<p>Stoper Antal V-Cam 814 dvostruki 8<\/p>\n","protected":false},"featured_media":5936794,"comment_status":"open","ping_status":"closed","template":"","meta":[],"product_brand":[2786],"product_cat":[1772],"product_tag":[],"class_list":{"0":"post-739639","1":"product","2":"type-product","3":"status-publish","4":"has-post-thumbnail","6":"product_brand-antal-hr","7":"product_cat-stoperi-i-kljune-za-jedrilice","9":"first","10":"outofstock","11":"shipping-taxable","12":"purchasable","13":"product-type-simple"},"_links":{"self":[{"href":"https:\/\/stoic-curie.212-227-153-4.plesk.page\/hr\/wp-json\/wp\/v2\/product\/739639","targetHints":{"allow":["GET"]}}],"collection":[{"href":"https:\/\/stoic-curie.212-227-153-4.plesk.page\/hr\/wp-json\/wp\/v2\/product"}],"about":[{"href":"https:\/\/stoic-curie.212-227-153-4.plesk.page\/hr\/wp-json\/wp\/v2\/types\/product"}],"replies":[{"embeddable":true,"href":"https:\/\/stoic-curie.212-227-153-4.plesk.page\/hr\/wp-json\/wp\/v2\/comments?post=739639"}],"version-history":[{"count":0,"href":"https:\/\/stoic-curie.212-227-153-4.plesk.page\/hr\/wp-json\/wp\/v2\/product\/739639\/revisions"}],"wp:featuredmedia":[{"embeddable":true,"href":"https:\/\/stoic-curie.212-227-153-4.plesk.page\/hr\/wp-json\/wp\/v2\/media\/5936794"}],"wp:attachment":[{"href":"https:\/\/stoic-curie.212-227-153-4.plesk.page\/hr\/wp-json\/wp\/v2\/media?parent=739639"}],"wp:term":[{"taxonomy":"product_brand","embeddable":true,"href":"https:\/\/stoic-curie.212-227-153-4.plesk.page\/hr\/wp-json\/wp\/v2\/product_brand?post=739639"},{"taxonomy":"product_cat","embeddable":true,"href":"https:\/\/stoic-curie.212-227-153-4.plesk.page\/hr\/wp-json\/wp\/v2\/product_cat?post=739639"},{"taxonomy":"product_tag","embeddable":true,"href":"https:\/\/stoic-curie.212-227-153-4.plesk.page\/hr\/wp-json\/wp\/v2\/product_tag?post=739639"}],"curies":[{"name":"wp","href":"https:\/\/api.w.org\/{rel}","templated":true}]}}