{"id":739640,"date":"2025-03-03T18:04:52","date_gmt":"2025-03-03T17:04:52","guid":{"rendered":"https:\/\/stoic-curie.212-227-153-4.plesk.page\/producto\/stoper-antal-v-cam-814-trostruki-8\/"},"modified":"2026-02-25T00:00:34","modified_gmt":"2026-02-25T00:00:34","slug":"stoper-antal-v-cam-814-trostruki-8","status":"publish","type":"product","link":"https:\/\/stoic-curie.212-227-153-4.plesk.page\/hr\/product\/stoper-antal-v-cam-814-trostruki-8\/","title":{"rendered":"Stoper Antal v-cam 814 trostruki 8<10mm"},"content":{"rendered":"<p>Stoper Antal v-cam 814 trostruki 8<10mm - \n\n<p>Antal V-CAM 814 zaustavlja\u010d nudi pove\u0107anu snagu zadr\u017eavanja i ne uzrokuje o\u0161te\u0107enje pokrova u\u017eeta. Savr\u0161en za kompozitne u\u017eadi kao \u0161to su Kevlar, Vectran i Spectra. Izvrsno za poliester. Oklop od \u010delika oja\u010dan UV-resistentnom smolom, aluminijska baza, \u010deli\u010dni V-CAM i prirubnica za poravnavanje. Mo\u017ee se potpuno rastaviti radi lak\u0161eg odr\u017eavanja i popravka. Povla\u010denje u\u017eeta mo\u017ee se izvr\u0161iti s zatvorenim polugom, a mo\u017ee se automatski blokirati u novom polo\u017eaju.<\/p>\n","protected":false},"excerpt":{"rendered":"<p>Stoper Antal v-cam 814 trostruki 8<\/p>\n","protected":false},"featured_media":5936794,"comment_status":"open","ping_status":"closed","template":"","meta":[],"product_brand":[2786],"product_cat":[1772],"product_tag":[],"class_list":{"0":"post-739640","1":"product","2":"type-product","3":"status-publish","4":"has-post-thumbnail","6":"product_brand-antal-hr","7":"product_cat-stoperi-i-kljune-za-jedrilice","9":"first","10":"instock","11":"shipping-taxable","12":"purchasable","13":"product-type-simple"},"_links":{"self":[{"href":"https:\/\/stoic-curie.212-227-153-4.plesk.page\/hr\/wp-json\/wp\/v2\/product\/739640","targetHints":{"allow":["GET"]}}],"collection":[{"href":"https:\/\/stoic-curie.212-227-153-4.plesk.page\/hr\/wp-json\/wp\/v2\/product"}],"about":[{"href":"https:\/\/stoic-curie.212-227-153-4.plesk.page\/hr\/wp-json\/wp\/v2\/types\/product"}],"replies":[{"embeddable":true,"href":"https:\/\/stoic-curie.212-227-153-4.plesk.page\/hr\/wp-json\/wp\/v2\/comments?post=739640"}],"version-history":[{"count":0,"href":"https:\/\/stoic-curie.212-227-153-4.plesk.page\/hr\/wp-json\/wp\/v2\/product\/739640\/revisions"}],"wp:featuredmedia":[{"embeddable":true,"href":"https:\/\/stoic-curie.212-227-153-4.plesk.page\/hr\/wp-json\/wp\/v2\/media\/5936794"}],"wp:attachment":[{"href":"https:\/\/stoic-curie.212-227-153-4.plesk.page\/hr\/wp-json\/wp\/v2\/media?parent=739640"}],"wp:term":[{"taxonomy":"product_brand","embeddable":true,"href":"https:\/\/stoic-curie.212-227-153-4.plesk.page\/hr\/wp-json\/wp\/v2\/product_brand?post=739640"},{"taxonomy":"product_cat","embeddable":true,"href":"https:\/\/stoic-curie.212-227-153-4.plesk.page\/hr\/wp-json\/wp\/v2\/product_cat?post=739640"},{"taxonomy":"product_tag","embeddable":true,"href":"https:\/\/stoic-curie.212-227-153-4.plesk.page\/hr\/wp-json\/wp\/v2\/product_tag?post=739640"}],"curies":[{"name":"wp","href":"https:\/\/api.w.org\/{rel}","templated":true}]}}