{"id":739641,"date":"2025-03-03T18:04:52","date_gmt":"2025-03-03T17:04:52","guid":{"rendered":"https:\/\/stoic-curie.212-227-153-4.plesk.page\/producto\/stoper-antal-v-cam-814-jednostruki-10\/"},"modified":"2026-02-25T00:00:34","modified_gmt":"2026-02-25T00:00:34","slug":"stoper-antal-v-cam-814-jednostruki-10","status":"publish","type":"product","link":"https:\/\/stoic-curie.212-227-153-4.plesk.page\/hr\/product\/stoper-antal-v-cam-814-jednostruki-10\/","title":{"rendered":"Stoper Antal V-Cam 814 jednostruki 10<12mm"},"content":{"rendered":"<p>Stoper Antal V-Cam 814 jednostruki 10<12mm - \n\n<p>Antal V-CAM 814 blokada pru\u017ea pobolj\u0161anu snagu zadr\u017eavanja. Ne uzrokuje o\u0161te\u0107enja pokrova u\u017eeta i savr\u0161ena je za kompozitne u\u017ead kao \u0161to su Kevlar, Vectran i Spectra. Izvrsna za poliester. Ku\u0107i\u0161te od UV-otpornog, \u010deli\u010dno oja\u010danog smole, aluminijska osnova, \u010deli\u010dni V-cam i poravnavaju\u0107a \u010dahura jam\u010de visoku kvalitetu. Blokada se mo\u017ee potpuno rastaviti za jednostavno odr\u017eavanje i popravak. Va\u0111enje u\u017eeta mo\u017ee se izvr\u0161iti s zatvorenim polugom i automatski se blokira u novoj poziciji.<\/p>\n","protected":false},"excerpt":{"rendered":"<p>Stoper Antal V-Cam 814 jednostruki 10<\/p>\n","protected":false},"featured_media":5936794,"comment_status":"open","ping_status":"closed","template":"","meta":[],"product_brand":[2786],"product_cat":[1772],"product_tag":[],"class_list":{"0":"post-739641","1":"product","2":"type-product","3":"status-publish","4":"has-post-thumbnail","6":"product_brand-antal-hr","7":"product_cat-stoperi-i-kljune-za-jedrilice","9":"first","10":"instock","11":"shipping-taxable","12":"purchasable","13":"product-type-simple"},"_links":{"self":[{"href":"https:\/\/stoic-curie.212-227-153-4.plesk.page\/hr\/wp-json\/wp\/v2\/product\/739641","targetHints":{"allow":["GET"]}}],"collection":[{"href":"https:\/\/stoic-curie.212-227-153-4.plesk.page\/hr\/wp-json\/wp\/v2\/product"}],"about":[{"href":"https:\/\/stoic-curie.212-227-153-4.plesk.page\/hr\/wp-json\/wp\/v2\/types\/product"}],"replies":[{"embeddable":true,"href":"https:\/\/stoic-curie.212-227-153-4.plesk.page\/hr\/wp-json\/wp\/v2\/comments?post=739641"}],"version-history":[{"count":0,"href":"https:\/\/stoic-curie.212-227-153-4.plesk.page\/hr\/wp-json\/wp\/v2\/product\/739641\/revisions"}],"wp:featuredmedia":[{"embeddable":true,"href":"https:\/\/stoic-curie.212-227-153-4.plesk.page\/hr\/wp-json\/wp\/v2\/media\/5936794"}],"wp:attachment":[{"href":"https:\/\/stoic-curie.212-227-153-4.plesk.page\/hr\/wp-json\/wp\/v2\/media?parent=739641"}],"wp:term":[{"taxonomy":"product_brand","embeddable":true,"href":"https:\/\/stoic-curie.212-227-153-4.plesk.page\/hr\/wp-json\/wp\/v2\/product_brand?post=739641"},{"taxonomy":"product_cat","embeddable":true,"href":"https:\/\/stoic-curie.212-227-153-4.plesk.page\/hr\/wp-json\/wp\/v2\/product_cat?post=739641"},{"taxonomy":"product_tag","embeddable":true,"href":"https:\/\/stoic-curie.212-227-153-4.plesk.page\/hr\/wp-json\/wp\/v2\/product_tag?post=739641"}],"curies":[{"name":"wp","href":"https:\/\/api.w.org\/{rel}","templated":true}]}}