{"id":739645,"date":"2025-03-03T18:04:53","date_gmt":"2025-03-03T17:04:53","guid":{"rendered":"https:\/\/stoic-curie.212-227-153-4.plesk.page\/producto\/stoper-antal-v-cam-814-dvostruki-12\/"},"modified":"2026-02-25T00:00:34","modified_gmt":"2026-02-25T00:00:34","slug":"stoper-antal-v-cam-814-dvostruki-12","status":"publish","type":"product","link":"https:\/\/stoic-curie.212-227-153-4.plesk.page\/hr\/product\/stoper-antal-v-cam-814-dvostruki-12\/","title":{"rendered":"Stoper Antal V-Cam 814 dvostruki 12<14mm"},"content":{"rendered":"<p>Stoper Antal V-Cam 814 dvostruki 12<14mm - \n\n<p>Antal V-CAM 814 zaustavlja\u010d nudi pove\u0107anu snagu zadr\u017eavanja i ne uzrokuje o\u0161te\u0107enja za\u0161titnog sloja u\u017eeta. Savr\u0161eno za kompozitne konope poput Kevlara, Vectrana i Spectre. Izvrsno za poliester. Ku\u0107i\u0161te od UV-otporne smole oja\u010dane \u010delikom, aluminijski temelj, \u010deli\u010dni V-cam i poravnavaju\u0107a bu\u0161otina. Mo\u017ee se potpuno rastaviti radi jednostavnog odr\u017eavanja i popravaka. Povrat u\u017eeta mo\u017ee se ostvariti s zatvorenim prekida\u010dem, te se mo\u017ee automatski blokirati u novoj poziciji.<\/p>\n","protected":false},"excerpt":{"rendered":"<p>Stoper Antal V-Cam 814 dvostruki 12<\/p>\n","protected":false},"featured_media":5936794,"comment_status":"open","ping_status":"closed","template":"","meta":[],"product_brand":[2786],"product_cat":[1772],"product_tag":[],"class_list":{"0":"post-739645","1":"product","2":"type-product","3":"status-publish","4":"has-post-thumbnail","6":"product_brand-antal-hr","7":"product_cat-stoperi-i-kljune-za-jedrilice","9":"first","10":"instock","11":"shipping-taxable","12":"purchasable","13":"product-type-simple"},"_links":{"self":[{"href":"https:\/\/stoic-curie.212-227-153-4.plesk.page\/hr\/wp-json\/wp\/v2\/product\/739645","targetHints":{"allow":["GET"]}}],"collection":[{"href":"https:\/\/stoic-curie.212-227-153-4.plesk.page\/hr\/wp-json\/wp\/v2\/product"}],"about":[{"href":"https:\/\/stoic-curie.212-227-153-4.plesk.page\/hr\/wp-json\/wp\/v2\/types\/product"}],"replies":[{"embeddable":true,"href":"https:\/\/stoic-curie.212-227-153-4.plesk.page\/hr\/wp-json\/wp\/v2\/comments?post=739645"}],"version-history":[{"count":0,"href":"https:\/\/stoic-curie.212-227-153-4.plesk.page\/hr\/wp-json\/wp\/v2\/product\/739645\/revisions"}],"wp:featuredmedia":[{"embeddable":true,"href":"https:\/\/stoic-curie.212-227-153-4.plesk.page\/hr\/wp-json\/wp\/v2\/media\/5936794"}],"wp:attachment":[{"href":"https:\/\/stoic-curie.212-227-153-4.plesk.page\/hr\/wp-json\/wp\/v2\/media?parent=739645"}],"wp:term":[{"taxonomy":"product_brand","embeddable":true,"href":"https:\/\/stoic-curie.212-227-153-4.plesk.page\/hr\/wp-json\/wp\/v2\/product_brand?post=739645"},{"taxonomy":"product_cat","embeddable":true,"href":"https:\/\/stoic-curie.212-227-153-4.plesk.page\/hr\/wp-json\/wp\/v2\/product_cat?post=739645"},{"taxonomy":"product_tag","embeddable":true,"href":"https:\/\/stoic-curie.212-227-153-4.plesk.page\/hr\/wp-json\/wp\/v2\/product_tag?post=739645"}],"curies":[{"name":"wp","href":"https:\/\/api.w.org\/{rel}","templated":true}]}}