{"id":739647,"date":"2025-03-03T18:04:54","date_gmt":"2025-03-03T17:04:54","guid":{"rendered":"https:\/\/stoic-curie.212-227-153-4.plesk.page\/producto\/led-ugradbeni-reflektor-quick-miriam-12-24-v-77-mm-4000-k-dnevno-svjetlo\/"},"modified":"2026-02-25T00:00:34","modified_gmt":"2026-02-25T00:00:34","slug":"led-ugradbeni-reflektor-quick-miriam-12-24-v-77-mm-4000-k-dnevno-svjetlo","status":"publish","type":"product","link":"https:\/\/stoic-curie.212-227-153-4.plesk.page\/hr\/product\/led-ugradbeni-reflektor-quick-miriam-12-24-v-77-mm-4000-k-dnevno-svjetlo\/","title":{"rendered":"LED ugradbeni reflektor Quick Miriam 12-24 V 77 mm (4000 K \u00b0 dnevno svjetlo)"},"content":{"rendered":"<p>LED ugradbeni reflektor Quick Miriam 12-24 V 77 mm (4000 K \u00b0 dnevno svjetlo) &#8211; <\/p>\n<p>2W IP40 LED reflektor za unutra\u0161njost s ku\u0107i\u0161tem od nehr\u0111aju\u0107eg \u010delika 316. Ugradna monta\u017ea sa oprugama. Univerzalni napon od 9-32V s prilagodljivim LED-om za\u0161ti\u0107enim od prenapona i obratne veze.<\/p>\n","protected":false},"excerpt":{"rendered":"<p>LED ugradbeni reflektor Quick Miriam 12-24 V 77 mm (4000 K \u00b0 dnevno svjetlo) &#8211; 2W IP40 LED reflektor za<\/p>\n","protected":false},"featured_media":5936804,"comment_status":"open","ping_status":"closed","template":"","meta":[],"product_brand":[2200,3281],"product_cat":[1739],"product_tag":[],"class_list":{"0":"post-739647","1":"product","2":"type-product","3":"status-publish","4":"has-post-thumbnail","6":"product_brand-quick","7":"product_brand-quick-hr","8":"product_cat-rasvjeta","10":"first","11":"instock","12":"shipping-taxable","13":"purchasable","14":"product-type-simple"},"_links":{"self":[{"href":"https:\/\/stoic-curie.212-227-153-4.plesk.page\/hr\/wp-json\/wp\/v2\/product\/739647","targetHints":{"allow":["GET"]}}],"collection":[{"href":"https:\/\/stoic-curie.212-227-153-4.plesk.page\/hr\/wp-json\/wp\/v2\/product"}],"about":[{"href":"https:\/\/stoic-curie.212-227-153-4.plesk.page\/hr\/wp-json\/wp\/v2\/types\/product"}],"replies":[{"embeddable":true,"href":"https:\/\/stoic-curie.212-227-153-4.plesk.page\/hr\/wp-json\/wp\/v2\/comments?post=739647"}],"version-history":[{"count":0,"href":"https:\/\/stoic-curie.212-227-153-4.plesk.page\/hr\/wp-json\/wp\/v2\/product\/739647\/revisions"}],"wp:featuredmedia":[{"embeddable":true,"href":"https:\/\/stoic-curie.212-227-153-4.plesk.page\/hr\/wp-json\/wp\/v2\/media\/5936804"}],"wp:attachment":[{"href":"https:\/\/stoic-curie.212-227-153-4.plesk.page\/hr\/wp-json\/wp\/v2\/media?parent=739647"}],"wp:term":[{"taxonomy":"product_brand","embeddable":true,"href":"https:\/\/stoic-curie.212-227-153-4.plesk.page\/hr\/wp-json\/wp\/v2\/product_brand?post=739647"},{"taxonomy":"product_cat","embeddable":true,"href":"https:\/\/stoic-curie.212-227-153-4.plesk.page\/hr\/wp-json\/wp\/v2\/product_cat?post=739647"},{"taxonomy":"product_tag","embeddable":true,"href":"https:\/\/stoic-curie.212-227-153-4.plesk.page\/hr\/wp-json\/wp\/v2\/product_tag?post=739647"}],"curies":[{"name":"wp","href":"https:\/\/api.w.org\/{rel}","templated":true}]}}