{"id":739650,"date":"2025-03-03T18:04:54","date_gmt":"2025-03-03T17:04:54","guid":{"rendered":"https:\/\/stoic-curie.212-227-153-4.plesk.page\/producto\/osovina-propelera-od-nehrdajuceg-celika-25mm-x-150cm\/"},"modified":"2026-02-25T00:00:34","modified_gmt":"2026-02-25T00:00:34","slug":"osovina-propelera-od-nehrdajuceg-celika-25mm-x-150cm","status":"publish","type":"product","link":"https:\/\/stoic-curie.212-227-153-4.plesk.page\/hr\/product\/osovina-propelera-od-nehrdajuceg-celika-25mm-x-150cm\/","title":{"rendered":"Osovina propelera od nehr\u0111aju\u0107eg \u010delika 25mm x 150cm"},"content":{"rendered":"<p>Osovina propelera od nehr\u0111aju\u0107eg \u010delika 25mm x 150cm &#8211; <\/p>\n<p>Exalto osovine propellera izra\u0111ene su od visokokvalitetnog duplex nehr\u0111aju\u0107eg \u010delika 1.4462, koji nudi izuzetnu izdr\u017eljivost i otpornost na koroziju, \u0161to ih \u010dini idealnim izborom za pomorske pogonske sisteme. Svaka osovina je pomno obra\u0111ena i uklju\u010duje sve neophodne komponente, poput klju\u010da, zaklopke i obloge matice koja ima ugra\u0111eni anodu za dodatnu za\u0161titu. Taper 1:10 je u skladu sa ISO 4566 standardima, \u010dime se osigurava pouzdana izvedba \u010dak i u zahtevnim uslovima.<\/p>\n<p>Ove osovine propellera dostupne su u razli\u010ditim dijametralnim dimenzijama i du\u017einama, uklju\u010duju\u0107i 25mm, 30mm, 35mm i 40mm, a du\u017eine variraju od 1200mm do 2000mm. Ova selekcija omogu\u0107ava vam da prona\u0111ete savr\u0161eno re\u0161enje za va\u0161 brod. Pored toga, ako vam je potrebna prilago\u0111ena re\u0161enja, mo\u017eemo proizvesti osovine s razli\u010ditim taperima ili duplim krajevima posebno dizajniranim da ispune va\u0161e potrebe.<\/p>\n<p>Sa svojim robusnim dizajnom i jednostavnom instalacijom, Exalto osovina propellera je odli\u010dan izbor za pomorsku propulziju. Posebno je pogodna za vlasnike jahti koji tra\u017ee pouzdanu i visokokvalitetnu komponentu za pogonski sistem svog plovila.<\/p>\n<p><strong>Klju\u010dne karakteristike:<\/strong><\/p>\n<ul>\n<li><strong>Materijal:<\/strong> Izra\u0111eno od duplex nehr\u0111aju\u0107eg \u010delika 1.4462 za izuzetnu \u010dvrsto\u0107u i otpornost na koroziju.<\/li>\n<li><strong>Povr\u0161inska obrada:<\/strong> Potpuno obra\u0111eno s visokokvalitetnim tolerancijama za optimalnu performansu i izdr\u017eljivost.<\/li>\n<li><strong>ISO 4566 taper:<\/strong> Taper 1:10 koji odgovara me\u0111unarodnim standardima za ve\u0107u pouzdanost.<\/li>\n<li><strong>Kompletan paket:<\/strong> Uklju\u010duje klju\u010d, zaklopku i oblogu matice s integriranom anodnom za\u0161titom za jednostavnu instalaciju i ve\u0107u sigurnost.<\/li>\n<li><strong>Izdr\u017eljivost:<\/strong> Dizajnirano za dugotrajnu performansu, \u0161to ga \u010dini odli\u010dnim izborom za rekreativne i komercijalne plovila.<\/li>\n<\/ul>\n","protected":false},"excerpt":{"rendered":"<p>Osovina propelera od nehr\u0111aju\u0107eg \u010delika 25mm x 150cm &#8211; Exalto osovine propellera izra\u0111ene su od visokokvalitetnog duplex nehr\u0111aju\u0107eg \u010delika 1.4462,<\/p>\n","protected":false},"featured_media":5936807,"comment_status":"open","ping_status":"closed","template":"","meta":[],"product_brand":[2931],"product_cat":[1786],"product_tag":[],"class_list":{"0":"post-739650","1":"product","2":"type-product","3":"status-publish","4":"has-post-thumbnail","6":"product_brand-exalto-marine-hr","7":"product_cat-osovine-propelera","9":"first","10":"instock","11":"shipping-taxable","12":"purchasable","13":"product-type-simple"},"_links":{"self":[{"href":"https:\/\/stoic-curie.212-227-153-4.plesk.page\/hr\/wp-json\/wp\/v2\/product\/739650","targetHints":{"allow":["GET"]}}],"collection":[{"href":"https:\/\/stoic-curie.212-227-153-4.plesk.page\/hr\/wp-json\/wp\/v2\/product"}],"about":[{"href":"https:\/\/stoic-curie.212-227-153-4.plesk.page\/hr\/wp-json\/wp\/v2\/types\/product"}],"replies":[{"embeddable":true,"href":"https:\/\/stoic-curie.212-227-153-4.plesk.page\/hr\/wp-json\/wp\/v2\/comments?post=739650"}],"version-history":[{"count":0,"href":"https:\/\/stoic-curie.212-227-153-4.plesk.page\/hr\/wp-json\/wp\/v2\/product\/739650\/revisions"}],"wp:featuredmedia":[{"embeddable":true,"href":"https:\/\/stoic-curie.212-227-153-4.plesk.page\/hr\/wp-json\/wp\/v2\/media\/5936807"}],"wp:attachment":[{"href":"https:\/\/stoic-curie.212-227-153-4.plesk.page\/hr\/wp-json\/wp\/v2\/media?parent=739650"}],"wp:term":[{"taxonomy":"product_brand","embeddable":true,"href":"https:\/\/stoic-curie.212-227-153-4.plesk.page\/hr\/wp-json\/wp\/v2\/product_brand?post=739650"},{"taxonomy":"product_cat","embeddable":true,"href":"https:\/\/stoic-curie.212-227-153-4.plesk.page\/hr\/wp-json\/wp\/v2\/product_cat?post=739650"},{"taxonomy":"product_tag","embeddable":true,"href":"https:\/\/stoic-curie.212-227-153-4.plesk.page\/hr\/wp-json\/wp\/v2\/product_tag?post=739650"}],"curies":[{"name":"wp","href":"https:\/\/api.w.org\/{rel}","templated":true}]}}