{"id":739651,"date":"2025-03-03T18:04:54","date_gmt":"2025-03-03T17:04:54","guid":{"rendered":"https:\/\/stoic-curie.212-227-153-4.plesk.page\/producto\/osovina-propelera-od-nehrdajuceg-celika-25mm-x-180cm\/"},"modified":"2026-02-25T00:00:34","modified_gmt":"2026-02-25T00:00:34","slug":"osovina-propelera-od-nehrdajuceg-celika-25mm-x-180cm","status":"publish","type":"product","link":"https:\/\/stoic-curie.212-227-153-4.plesk.page\/hr\/product\/osovina-propelera-od-nehrdajuceg-celika-25mm-x-180cm\/","title":{"rendered":"Osovina propelera od nehr\u0111aju\u0107eg \u010delika 25mm x 180cm"},"content":{"rendered":"<p>Osovina propelera od nehr\u0111aju\u0107eg \u010delika 25mm x 180cm &#8211; <\/p>\n<p>Exalto propeler osovine napravljene su od premijum 1.4462 duplex nehr\u0111aju\u0107eg \u010delika, \u0161to osigurava izdr\u017eljivost i otpornost na koroziju, \u010dime su odli\u010dna opcija za morski pogonski sistem. Svaka osovina je precizno obra\u0111ena i dolazi sa svim potrebnim komponentama, uklju\u010duju\u0107i klju\u010d, zakovicu i navrtku koja uklju\u010duje integrisanu anodnu za\u0161titu za pobolj\u0161anu za\u0161titu. Taper 1:10 se pridr\u017eava ISO 4566 standarda, osiguravaju\u0107i pouzdanu performansu \u010dak i u te\u0161kim uslovima.<\/p>\n<p>Ova propeler osovina je dostupna u raznim pre\u010dnicima i du\u017einama, kao \u0161to su 25mm, 30mm, 35mm i 40mm, sa du\u017einama od 1200mm do 2000mm. Ova raznolikost omogu\u0107ava vam da odaberete idealno re\u0161enje za va\u0161u \u010damac. Tako\u0111e, ako vam je potrebna prilago\u0111ena solucija, mo\u017eemo proizvesti osovine sa razli\u010ditim taperima ili dvostrukim krajevima posebno dizajniranim da zadovolje va\u0161e zahteve.<\/p>\n<p>Sa svojom \u010dvrstom konstrukcijom i jednostavnom instalacijom, Exalto propeler osovina predstavlja izvrsnu opciju za morski pogon. Posebno je pogodna za vlasnike jahti koji tra\u017ee pouzdan i visokokvalitetan deo za svoj sistem pogona \u010damca.<\/p>\n<p><strong>Klju\u010dne karakteristike:<\/strong><\/p>\n<ul>\n<li><strong>Materijal:<\/strong> Napravljen od 1.4462 duplex nehr\u0111aju\u0107eg \u010delika za izuzetnu otpornost na koroziju i \u010dvrsto\u0107u.<\/li>\n<li><strong>Precizno obra\u0111eno:<\/strong> Potpuno obra\u0111eno sa visokokvalitetnim tolerancijama kako bi se osigurala optimalna performansa i dugove\u010dnost.<\/li>\n<li><strong>ISO 4566 taper:<\/strong> Taper 1:10 koji ispunjava me\u0111unarodne standarde za pove\u0107anu pouzdanost.<\/li>\n<li><strong>Kompletan paket:<\/strong> Dolazi sa klju\u010dem, zakovicom i navrtkom sa integrisanom anodnom za\u0161titom za jednostavnu instalaciju i dodatnu za\u0161titu.<\/li>\n<li><strong>Izdr\u017eljivost:<\/strong> Dizajnirano za dugotrajnu upotrebu, \u010dine\u0107i ga odli\u010dnim izborom za rekreativne i komercijalne plovila.<\/li>\n<\/ul>\n","protected":false},"excerpt":{"rendered":"<p>Osovina propelera od nehr\u0111aju\u0107eg \u010delika 25mm x 180cm &#8211; Exalto propeler osovine napravljene su od premijum 1.4462 duplex nehr\u0111aju\u0107eg \u010delika,<\/p>\n","protected":false},"featured_media":5936807,"comment_status":"open","ping_status":"closed","template":"","meta":[],"product_brand":[2931],"product_cat":[1786],"product_tag":[],"class_list":{"0":"post-739651","1":"product","2":"type-product","3":"status-publish","4":"has-post-thumbnail","6":"product_brand-exalto-marine-hr","7":"product_cat-osovine-propelera","9":"first","10":"instock","11":"shipping-taxable","12":"purchasable","13":"product-type-simple"},"_links":{"self":[{"href":"https:\/\/stoic-curie.212-227-153-4.plesk.page\/hr\/wp-json\/wp\/v2\/product\/739651","targetHints":{"allow":["GET"]}}],"collection":[{"href":"https:\/\/stoic-curie.212-227-153-4.plesk.page\/hr\/wp-json\/wp\/v2\/product"}],"about":[{"href":"https:\/\/stoic-curie.212-227-153-4.plesk.page\/hr\/wp-json\/wp\/v2\/types\/product"}],"replies":[{"embeddable":true,"href":"https:\/\/stoic-curie.212-227-153-4.plesk.page\/hr\/wp-json\/wp\/v2\/comments?post=739651"}],"version-history":[{"count":0,"href":"https:\/\/stoic-curie.212-227-153-4.plesk.page\/hr\/wp-json\/wp\/v2\/product\/739651\/revisions"}],"wp:featuredmedia":[{"embeddable":true,"href":"https:\/\/stoic-curie.212-227-153-4.plesk.page\/hr\/wp-json\/wp\/v2\/media\/5936807"}],"wp:attachment":[{"href":"https:\/\/stoic-curie.212-227-153-4.plesk.page\/hr\/wp-json\/wp\/v2\/media?parent=739651"}],"wp:term":[{"taxonomy":"product_brand","embeddable":true,"href":"https:\/\/stoic-curie.212-227-153-4.plesk.page\/hr\/wp-json\/wp\/v2\/product_brand?post=739651"},{"taxonomy":"product_cat","embeddable":true,"href":"https:\/\/stoic-curie.212-227-153-4.plesk.page\/hr\/wp-json\/wp\/v2\/product_cat?post=739651"},{"taxonomy":"product_tag","embeddable":true,"href":"https:\/\/stoic-curie.212-227-153-4.plesk.page\/hr\/wp-json\/wp\/v2\/product_tag?post=739651"}],"curies":[{"name":"wp","href":"https:\/\/api.w.org\/{rel}","templated":true}]}}