{"id":739677,"date":"2025-03-03T18:05:03","date_gmt":"2025-03-03T17:05:03","guid":{"rendered":"https:\/\/stoic-curie.212-227-153-4.plesk.page\/producto\/bitva-za-vez-od-nehrdajuceg-celika-silver-250mm\/"},"modified":"2026-02-25T00:00:36","modified_gmt":"2026-02-25T00:00:36","slug":"bitva-za-vez-od-nehrdajuceg-celika-silver-250mm","status":"publish","type":"product","link":"https:\/\/stoic-curie.212-227-153-4.plesk.page\/hr\/product\/bitva-za-vez-od-nehrdajuceg-celika-silver-250mm\/","title":{"rendered":"Bitva za vez od nehr\u0111aju\u0107eg \u010delika &#8221; Silver&#8221; 250mm"},"content":{"rendered":"<p>Bitva za vez od nehr\u0111aju\u0107eg \u010delika &#8221; Silver&#8221; 250mm &#8211; <\/p>\n<p>Garnitura od nehr\u0111aju\u0107eg \u010delika 316, polirana ogledalom u obliku vrata. 2 skrivene metri\u010dke rupice u \u0161upljoj bazi.<\/p>\n","protected":false},"excerpt":{"rendered":"<p>Bitva za vez od nehr\u0111aju\u0107eg \u010delika &#8221; Silver&#8221; 250mm &#8211; Garnitura od nehr\u0111aju\u0107eg \u010delika 316, polirana ogledalom u obliku vrata.<\/p>\n","protected":false},"featured_media":5936828,"comment_status":"open","ping_status":"closed","template":"","meta":[],"product_brand":[3121],"product_cat":[1704],"product_tag":[],"class_list":{"0":"post-739677","1":"product","2":"type-product","3":"status-publish","4":"has-post-thumbnail","6":"product_brand-marinetech-hr","7":"product_cat-palubne-kljune","9":"first","10":"instock","11":"shipping-taxable","12":"purchasable","13":"product-type-simple"},"_links":{"self":[{"href":"https:\/\/stoic-curie.212-227-153-4.plesk.page\/hr\/wp-json\/wp\/v2\/product\/739677","targetHints":{"allow":["GET"]}}],"collection":[{"href":"https:\/\/stoic-curie.212-227-153-4.plesk.page\/hr\/wp-json\/wp\/v2\/product"}],"about":[{"href":"https:\/\/stoic-curie.212-227-153-4.plesk.page\/hr\/wp-json\/wp\/v2\/types\/product"}],"replies":[{"embeddable":true,"href":"https:\/\/stoic-curie.212-227-153-4.plesk.page\/hr\/wp-json\/wp\/v2\/comments?post=739677"}],"version-history":[{"count":0,"href":"https:\/\/stoic-curie.212-227-153-4.plesk.page\/hr\/wp-json\/wp\/v2\/product\/739677\/revisions"}],"wp:featuredmedia":[{"embeddable":true,"href":"https:\/\/stoic-curie.212-227-153-4.plesk.page\/hr\/wp-json\/wp\/v2\/media\/5936828"}],"wp:attachment":[{"href":"https:\/\/stoic-curie.212-227-153-4.plesk.page\/hr\/wp-json\/wp\/v2\/media?parent=739677"}],"wp:term":[{"taxonomy":"product_brand","embeddable":true,"href":"https:\/\/stoic-curie.212-227-153-4.plesk.page\/hr\/wp-json\/wp\/v2\/product_brand?post=739677"},{"taxonomy":"product_cat","embeddable":true,"href":"https:\/\/stoic-curie.212-227-153-4.plesk.page\/hr\/wp-json\/wp\/v2\/product_cat?post=739677"},{"taxonomy":"product_tag","embeddable":true,"href":"https:\/\/stoic-curie.212-227-153-4.plesk.page\/hr\/wp-json\/wp\/v2\/product_tag?post=739677"}],"curies":[{"name":"wp","href":"https:\/\/api.w.org\/{rel}","templated":true}]}}