{"id":739681,"date":"2025-03-03T18:05:04","date_gmt":"2025-03-03T17:05:04","guid":{"rendered":"https:\/\/stoic-curie.212-227-153-4.plesk.page\/producto\/brisaci-vjetrobranskog-stakla-mtm-w40hd-24v\/"},"modified":"2026-02-25T00:00:36","modified_gmt":"2026-02-25T00:00:36","slug":"brisaci-vjetrobranskog-stakla-mtm-w40hd-24v","status":"publish","type":"product","link":"https:\/\/stoic-curie.212-227-153-4.plesk.page\/hr\/product\/brisaci-vjetrobranskog-stakla-mtm-w40hd-24v\/","title":{"rendered":"Brisa\u010di vjetrobranskog stakla MTM W40hd 24V"},"content":{"rendered":"<p>Brisa\u010di vjetrobranskog stakla MTM W40hd 24V &#8211; <\/p>\n<p>W40 HD brisa\u010di za srednje velike brodove. Vodonepropusan motor od 35 Nm s 2 brzine (sporo 30 brisanja\/minuta i brzo 45 brisanja\/minuta), kut brisanja 70\u00b0 i automatsko lijevo samostalan parkiranje. Mehanizam bez pakiranja za jednostavno podmazivanje. Aktivna du\u017eina navojne osovine od 60 mm s konusnim rebrastim priklju\u010dkom promjera 9-7 mm. Upotpuniti s pantograf-lik brisa\u010dem i o\u0161tricom od nehr\u0111aju\u0107eg \u010delika.<\/p>\n","protected":false},"excerpt":{"rendered":"<p>Brisa\u010di vjetrobranskog stakla MTM W40hd 24V &#8211; W40 HD brisa\u010di za srednje velike brodove. Vodonepropusan motor od 35 Nm s<\/p>\n","protected":false},"featured_media":5936831,"comment_status":"open","ping_status":"closed","template":"","meta":[],"product_brand":[3236],"product_cat":[1735],"product_tag":[],"class_list":{"0":"post-739681","1":"product","2":"type-product","3":"status-publish","4":"has-post-thumbnail","6":"product_brand-osculati-hr","7":"product_cat-brisaci-vjetrobranskog-stakla-na-brodu","9":"first","10":"instock","11":"shipping-taxable","12":"purchasable","13":"product-type-simple"},"_links":{"self":[{"href":"https:\/\/stoic-curie.212-227-153-4.plesk.page\/hr\/wp-json\/wp\/v2\/product\/739681","targetHints":{"allow":["GET"]}}],"collection":[{"href":"https:\/\/stoic-curie.212-227-153-4.plesk.page\/hr\/wp-json\/wp\/v2\/product"}],"about":[{"href":"https:\/\/stoic-curie.212-227-153-4.plesk.page\/hr\/wp-json\/wp\/v2\/types\/product"}],"replies":[{"embeddable":true,"href":"https:\/\/stoic-curie.212-227-153-4.plesk.page\/hr\/wp-json\/wp\/v2\/comments?post=739681"}],"version-history":[{"count":0,"href":"https:\/\/stoic-curie.212-227-153-4.plesk.page\/hr\/wp-json\/wp\/v2\/product\/739681\/revisions"}],"wp:featuredmedia":[{"embeddable":true,"href":"https:\/\/stoic-curie.212-227-153-4.plesk.page\/hr\/wp-json\/wp\/v2\/media\/5936831"}],"wp:attachment":[{"href":"https:\/\/stoic-curie.212-227-153-4.plesk.page\/hr\/wp-json\/wp\/v2\/media?parent=739681"}],"wp:term":[{"taxonomy":"product_brand","embeddable":true,"href":"https:\/\/stoic-curie.212-227-153-4.plesk.page\/hr\/wp-json\/wp\/v2\/product_brand?post=739681"},{"taxonomy":"product_cat","embeddable":true,"href":"https:\/\/stoic-curie.212-227-153-4.plesk.page\/hr\/wp-json\/wp\/v2\/product_cat?post=739681"},{"taxonomy":"product_tag","embeddable":true,"href":"https:\/\/stoic-curie.212-227-153-4.plesk.page\/hr\/wp-json\/wp\/v2\/product_tag?post=739681"}],"curies":[{"name":"wp","href":"https:\/\/api.w.org\/{rel}","templated":true}]}}