{"id":739683,"date":"2025-03-03T18:05:05","date_gmt":"2025-03-03T17:05:05","guid":{"rendered":"https:\/\/stoic-curie.212-227-153-4.plesk.page\/producto\/pantografska-ruka-od-nehrdajuceg-celika-mtm-w40-uvlacenje-550-650mm\/"},"modified":"2026-02-25T00:00:36","modified_gmt":"2026-02-25T00:00:36","slug":"pantografska-ruka-od-nehrdajuceg-celika-mtm-w40-uvlacenje-550-650mm","status":"publish","type":"product","link":"https:\/\/stoic-curie.212-227-153-4.plesk.page\/hr\/product\/pantografska-ruka-od-nehrdajuceg-celika-mtm-w40-uvlacenje-550-650mm\/","title":{"rendered":"Pantografska ruka od nehr\u0111aju\u0107eg \u010delika MTM W40 uvla\u010denje 550-650mm"},"content":{"rendered":"<p>Pantografska ruka od nehr\u0111aju\u0107eg \u010delika MTM W40 uvla\u010denje 550-650mm &#8211; <\/p>\n<p>W40 HD brisa\u010di za srednje velike do velike \u010damce. Vodootporni motor od 35 Nm s 2 brzine (spora 30 brisanja\/minutu i brza 45 brisanja\/minutu), kut brisanja 70\u00b0 i automatsko lijevo samozadr\u017eavanje. Mekanizam bez pakiranja za jednostavno podmazivanje. Efektivna duljina navojne osi od 60 mm s koni\u010dnim reljefnim promjerom pri\u010dvr\u0161\u0107enja od 9-7 mm.<br \/> Treba ga dovr\u0161iti pantografskim brisa\u010dem i o\u0161tricom od nehr\u0111aju\u0107eg \u010delika.<\/p>\n","protected":false},"excerpt":{"rendered":"<p>Pantografska ruka od nehr\u0111aju\u0107eg \u010delika MTM W40 uvla\u010denje 550-650mm &#8211; W40 HD brisa\u010di za srednje velike do velike \u010damce. Vodootporni<\/p>\n","protected":false},"featured_media":5936833,"comment_status":"open","ping_status":"closed","template":"","meta":[],"product_brand":[3236],"product_cat":[1735],"product_tag":[],"class_list":{"0":"post-739683","1":"product","2":"type-product","3":"status-publish","4":"has-post-thumbnail","6":"product_brand-osculati-hr","7":"product_cat-brisaci-vjetrobranskog-stakla-na-brodu","9":"first","10":"instock","11":"shipping-taxable","12":"purchasable","13":"product-type-simple"},"_links":{"self":[{"href":"https:\/\/stoic-curie.212-227-153-4.plesk.page\/hr\/wp-json\/wp\/v2\/product\/739683","targetHints":{"allow":["GET"]}}],"collection":[{"href":"https:\/\/stoic-curie.212-227-153-4.plesk.page\/hr\/wp-json\/wp\/v2\/product"}],"about":[{"href":"https:\/\/stoic-curie.212-227-153-4.plesk.page\/hr\/wp-json\/wp\/v2\/types\/product"}],"replies":[{"embeddable":true,"href":"https:\/\/stoic-curie.212-227-153-4.plesk.page\/hr\/wp-json\/wp\/v2\/comments?post=739683"}],"version-history":[{"count":0,"href":"https:\/\/stoic-curie.212-227-153-4.plesk.page\/hr\/wp-json\/wp\/v2\/product\/739683\/revisions"}],"wp:featuredmedia":[{"embeddable":true,"href":"https:\/\/stoic-curie.212-227-153-4.plesk.page\/hr\/wp-json\/wp\/v2\/media\/5936833"}],"wp:attachment":[{"href":"https:\/\/stoic-curie.212-227-153-4.plesk.page\/hr\/wp-json\/wp\/v2\/media?parent=739683"}],"wp:term":[{"taxonomy":"product_brand","embeddable":true,"href":"https:\/\/stoic-curie.212-227-153-4.plesk.page\/hr\/wp-json\/wp\/v2\/product_brand?post=739683"},{"taxonomy":"product_cat","embeddable":true,"href":"https:\/\/stoic-curie.212-227-153-4.plesk.page\/hr\/wp-json\/wp\/v2\/product_cat?post=739683"},{"taxonomy":"product_tag","embeddable":true,"href":"https:\/\/stoic-curie.212-227-153-4.plesk.page\/hr\/wp-json\/wp\/v2\/product_tag?post=739683"}],"curies":[{"name":"wp","href":"https:\/\/api.w.org\/{rel}","templated":true}]}}