{"id":739684,"date":"2025-03-03T18:05:05","date_gmt":"2025-03-03T17:05:05","guid":{"rendered":"https:\/\/stoic-curie.212-227-153-4.plesk.page\/producto\/motor-brisaca-mtm-w70hd-12-v\/"},"modified":"2026-02-25T00:00:36","modified_gmt":"2026-02-25T00:00:36","slug":"motor-brisaca-mtm-w70hd-12-v","status":"publish","type":"product","link":"https:\/\/stoic-curie.212-227-153-4.plesk.page\/hr\/product\/motor-brisaca-mtm-w70hd-12-v\/","title":{"rendered":"Motor brisa\u010da MTM W70HD 12 V"},"content":{"rendered":"<p>Motor brisa\u010da MTM W70HD 12 V &#8211; <\/p>\n<p>W70 HD brisa\u010d za velike brodove. Vodonepropusni motor s okretnim momentom do 35 Nm. Kut brisanja 70\u00b0. Automatsko lijevo parkiranje. 2 brzine: Sporo 30 brisanja\/min i Brzo 45 brisanja\/min. Mehanizam u kutiji za jednostavno podmazivanje. Duljina zavrtnja od 60 mm. Razmak izme\u0111u osovine 60 mm. Za dovr\u0161avanje s pantografskom brisa\u010dem i o\u0161tricom od nehr\u0111aju\u0107eg \u010delika.<\/p>\n","protected":false},"excerpt":{"rendered":"<p>Motor brisa\u010da MTM W70HD 12 V &#8211; W70 HD brisa\u010d za velike brodove. Vodonepropusni motor s okretnim momentom do 35<\/p>\n","protected":false},"featured_media":5936839,"comment_status":"open","ping_status":"closed","template":"","meta":[],"product_brand":[3236],"product_cat":[1735],"product_tag":[],"class_list":{"0":"post-739684","1":"product","2":"type-product","3":"status-publish","4":"has-post-thumbnail","6":"product_brand-osculati-hr","7":"product_cat-brisaci-vjetrobranskog-stakla-na-brodu","9":"first","10":"instock","11":"shipping-taxable","12":"purchasable","13":"product-type-simple"},"_links":{"self":[{"href":"https:\/\/stoic-curie.212-227-153-4.plesk.page\/hr\/wp-json\/wp\/v2\/product\/739684","targetHints":{"allow":["GET"]}}],"collection":[{"href":"https:\/\/stoic-curie.212-227-153-4.plesk.page\/hr\/wp-json\/wp\/v2\/product"}],"about":[{"href":"https:\/\/stoic-curie.212-227-153-4.plesk.page\/hr\/wp-json\/wp\/v2\/types\/product"}],"replies":[{"embeddable":true,"href":"https:\/\/stoic-curie.212-227-153-4.plesk.page\/hr\/wp-json\/wp\/v2\/comments?post=739684"}],"version-history":[{"count":0,"href":"https:\/\/stoic-curie.212-227-153-4.plesk.page\/hr\/wp-json\/wp\/v2\/product\/739684\/revisions"}],"wp:featuredmedia":[{"embeddable":true,"href":"https:\/\/stoic-curie.212-227-153-4.plesk.page\/hr\/wp-json\/wp\/v2\/media\/5936839"}],"wp:attachment":[{"href":"https:\/\/stoic-curie.212-227-153-4.plesk.page\/hr\/wp-json\/wp\/v2\/media?parent=739684"}],"wp:term":[{"taxonomy":"product_brand","embeddable":true,"href":"https:\/\/stoic-curie.212-227-153-4.plesk.page\/hr\/wp-json\/wp\/v2\/product_brand?post=739684"},{"taxonomy":"product_cat","embeddable":true,"href":"https:\/\/stoic-curie.212-227-153-4.plesk.page\/hr\/wp-json\/wp\/v2\/product_cat?post=739684"},{"taxonomy":"product_tag","embeddable":true,"href":"https:\/\/stoic-curie.212-227-153-4.plesk.page\/hr\/wp-json\/wp\/v2\/product_tag?post=739684"}],"curies":[{"name":"wp","href":"https:\/\/api.w.org\/{rel}","templated":true}]}}