{"id":739689,"date":"2025-03-03T18:05:07","date_gmt":"2025-03-03T17:05:07","guid":{"rendered":"https:\/\/stoic-curie.212-227-153-4.plesk.page\/producto\/univerzalni-propeleri-za-jedrilicu-sa-dva-krila-16x13\/"},"modified":"2026-02-25T00:00:36","modified_gmt":"2026-02-25T00:00:36","slug":"univerzalni-propeleri-za-jedrilicu-sa-dva-krila-16x13","status":"publish","type":"product","link":"https:\/\/stoic-curie.212-227-153-4.plesk.page\/hr\/product\/univerzalni-propeleri-za-jedrilicu-sa-dva-krila-16x13\/","title":{"rendered":"Univerzalni propeleri za jedrilicu sa dva krila 16X13"},"content":{"rendered":"<p>Univerzalni propeleri za jedrilicu sa dva krila 16X13 &#8211; <\/p>\n<p>Propeleri tipa Sail Drive od aluminijske legure s 2 o\u0161trice. Dinami\u010dki uravnote\u017eeni, otporni na koroziju i udarce. Rebrasta uti\u010dnica s 17 utora. Va\u017eno: propeleri saildrive moraju biti montirani prema uputama proizvo\u0111a\u010da kao \u0161to su Volvo, Yanmar, Bukh, Nanni itd., koriste\u0107i originalne dodatke.<\/p>\n","protected":false},"excerpt":{"rendered":"<p>Univerzalni propeleri za jedrilicu sa dva krila 16X13 &#8211; Propeleri tipa Sail Drive od aluminijske legure s 2 o\u0161trice. Dinami\u010dki<\/p>\n","protected":false},"featured_media":5936857,"comment_status":"open","ping_status":"closed","template":"","meta":[],"product_brand":[2916],"product_cat":[1813,1829,1816],"product_tag":[],"class_list":{"0":"post-739689","1":"product","2":"type-product","3":"status-publish","4":"has-post-thumbnail","6":"product_brand-eliche-radice-hr","7":"product_cat-propeleri-za-saildrive-pogone","8":"product_cat-rezervni-dijelovi-za-motore-volvo-penta","9":"product_cat-rezervni-dijelovi-za-motore-yanmar","11":"first","12":"instock","13":"shipping-taxable","14":"purchasable","15":"product-type-simple"},"_links":{"self":[{"href":"https:\/\/stoic-curie.212-227-153-4.plesk.page\/hr\/wp-json\/wp\/v2\/product\/739689","targetHints":{"allow":["GET"]}}],"collection":[{"href":"https:\/\/stoic-curie.212-227-153-4.plesk.page\/hr\/wp-json\/wp\/v2\/product"}],"about":[{"href":"https:\/\/stoic-curie.212-227-153-4.plesk.page\/hr\/wp-json\/wp\/v2\/types\/product"}],"replies":[{"embeddable":true,"href":"https:\/\/stoic-curie.212-227-153-4.plesk.page\/hr\/wp-json\/wp\/v2\/comments?post=739689"}],"version-history":[{"count":0,"href":"https:\/\/stoic-curie.212-227-153-4.plesk.page\/hr\/wp-json\/wp\/v2\/product\/739689\/revisions"}],"wp:featuredmedia":[{"embeddable":true,"href":"https:\/\/stoic-curie.212-227-153-4.plesk.page\/hr\/wp-json\/wp\/v2\/media\/5936857"}],"wp:attachment":[{"href":"https:\/\/stoic-curie.212-227-153-4.plesk.page\/hr\/wp-json\/wp\/v2\/media?parent=739689"}],"wp:term":[{"taxonomy":"product_brand","embeddable":true,"href":"https:\/\/stoic-curie.212-227-153-4.plesk.page\/hr\/wp-json\/wp\/v2\/product_brand?post=739689"},{"taxonomy":"product_cat","embeddable":true,"href":"https:\/\/stoic-curie.212-227-153-4.plesk.page\/hr\/wp-json\/wp\/v2\/product_cat?post=739689"},{"taxonomy":"product_tag","embeddable":true,"href":"https:\/\/stoic-curie.212-227-153-4.plesk.page\/hr\/wp-json\/wp\/v2\/product_tag?post=739689"}],"curies":[{"name":"wp","href":"https:\/\/api.w.org\/{rel}","templated":true}]}}