{"id":739698,"date":"2025-03-03T18:05:09","date_gmt":"2025-03-03T17:05:09","guid":{"rendered":"https:\/\/stoic-curie.212-227-153-4.plesk.page\/producto\/dvostruka-sirena-kromirana-600mm-zajedno-s-24v-kompresorom\/"},"modified":"2026-02-25T00:00:36","modified_gmt":"2026-02-25T00:00:36","slug":"dvostruka-sirena-kromirana-600mm-zajedno-s-24v-kompresorom","status":"publish","type":"product","link":"https:\/\/stoic-curie.212-227-153-4.plesk.page\/hr\/product\/dvostruka-sirena-kromirana-600mm-zajedno-s-24v-kompresorom\/","title":{"rendered":"Dvostruka sirena kromirana 600mm zajedno s 24V kompresorom"},"content":{"rendered":"<p>Dvostruka sirena kromirana 600mm zajedno s 24V kompresorom &#8211; <\/p>\n<p>Kombinirani i kromirani mjedeni elektri\u010dni zra\u010dni kompresor s dvostrukim rogom. Kromirane mjedene trube. Kompresor, zra\u010dni cijevi, priklju\u010dci i oprema uklju\u010deni.<\/p>\n","protected":false},"excerpt":{"rendered":"<p>Dvostruka sirena kromirana 600mm zajedno s 24V kompresorom &#8211; Kombinirani i kromirani mjedeni elektri\u010dni zra\u010dni kompresor s dvostrukim rogom. Kromirane<\/p>\n","protected":false},"featured_media":5936860,"comment_status":"open","ping_status":"closed","template":"","meta":[],"product_brand":[3096],"product_cat":[1747],"product_tag":[],"class_list":{"0":"post-739698","1":"product","2":"type-product","3":"status-publish","4":"has-post-thumbnail","6":"product_brand-marco-hr","7":"product_cat-rogovi","9":"first","10":"instock","11":"shipping-taxable","12":"purchasable","13":"product-type-simple"},"_links":{"self":[{"href":"https:\/\/stoic-curie.212-227-153-4.plesk.page\/hr\/wp-json\/wp\/v2\/product\/739698","targetHints":{"allow":["GET"]}}],"collection":[{"href":"https:\/\/stoic-curie.212-227-153-4.plesk.page\/hr\/wp-json\/wp\/v2\/product"}],"about":[{"href":"https:\/\/stoic-curie.212-227-153-4.plesk.page\/hr\/wp-json\/wp\/v2\/types\/product"}],"replies":[{"embeddable":true,"href":"https:\/\/stoic-curie.212-227-153-4.plesk.page\/hr\/wp-json\/wp\/v2\/comments?post=739698"}],"version-history":[{"count":0,"href":"https:\/\/stoic-curie.212-227-153-4.plesk.page\/hr\/wp-json\/wp\/v2\/product\/739698\/revisions"}],"wp:featuredmedia":[{"embeddable":true,"href":"https:\/\/stoic-curie.212-227-153-4.plesk.page\/hr\/wp-json\/wp\/v2\/media\/5936860"}],"wp:attachment":[{"href":"https:\/\/stoic-curie.212-227-153-4.plesk.page\/hr\/wp-json\/wp\/v2\/media?parent=739698"}],"wp:term":[{"taxonomy":"product_brand","embeddable":true,"href":"https:\/\/stoic-curie.212-227-153-4.plesk.page\/hr\/wp-json\/wp\/v2\/product_brand?post=739698"},{"taxonomy":"product_cat","embeddable":true,"href":"https:\/\/stoic-curie.212-227-153-4.plesk.page\/hr\/wp-json\/wp\/v2\/product_cat?post=739698"},{"taxonomy":"product_tag","embeddable":true,"href":"https:\/\/stoic-curie.212-227-153-4.plesk.page\/hr\/wp-json\/wp\/v2\/product_tag?post=739698"}],"curies":[{"name":"wp","href":"https:\/\/api.w.org\/{rel}","templated":true}]}}