{"id":739701,"date":"2025-03-03T18:05:10","date_gmt":"2025-03-03T17:05:10","guid":{"rendered":"https:\/\/stoic-curie.212-227-153-4.plesk.page\/producto\/set-pribora-za-jelo-od-nehrdajuceg-celika-24-kom\/"},"modified":"2026-02-25T00:00:36","modified_gmt":"2026-02-25T00:00:36","slug":"set-pribora-za-jelo-od-nehrdajuceg-celika-24-kom","status":"publish","type":"product","link":"https:\/\/stoic-curie.212-227-153-4.plesk.page\/hr\/product\/set-pribora-za-jelo-od-nehrdajuceg-celika-24-kom\/","title":{"rendered":"Set pribora za jelo od nehr\u0111aju\u0107eg \u010delika 24 kom"},"content":{"rendered":"<p>Set pribora za jelo od nehr\u0111aju\u0107eg \u010delika 24 kom &#8211; <\/p>\n<p>Savr\u0161ena zavr\u0161na obrada, pribor za jelo od nehr\u0111aju\u0107eg \u010delika 18\/10, 24 dijela za 6 osoba. 6 no\u017eeva za stol; 6 vilica za stol; 6 \u017elica; 6 \u010dajnih \u017eli\u010dica.<\/p>\n","protected":false},"excerpt":{"rendered":"<p>Set pribora za jelo od nehr\u0111aju\u0107eg \u010delika 24 kom &#8211; Savr\u0161ena zavr\u0161na obrada, pribor za jelo od nehr\u0111aju\u0107eg \u010delika 18\/10,<\/p>\n","protected":false},"featured_media":5936862,"comment_status":"open","ping_status":"closed","template":"","meta":[],"product_brand":[3111],"product_cat":[1645],"product_tag":[],"class_list":{"0":"post-739701","1":"product","2":"type-product","3":"status-publish","4":"has-post-thumbnail","6":"product_brand-marine-business-mb-hr","7":"product_cat-brodsko-posude","9":"first","10":"instock","11":"shipping-taxable","12":"purchasable","13":"product-type-simple"},"_links":{"self":[{"href":"https:\/\/stoic-curie.212-227-153-4.plesk.page\/hr\/wp-json\/wp\/v2\/product\/739701","targetHints":{"allow":["GET"]}}],"collection":[{"href":"https:\/\/stoic-curie.212-227-153-4.plesk.page\/hr\/wp-json\/wp\/v2\/product"}],"about":[{"href":"https:\/\/stoic-curie.212-227-153-4.plesk.page\/hr\/wp-json\/wp\/v2\/types\/product"}],"replies":[{"embeddable":true,"href":"https:\/\/stoic-curie.212-227-153-4.plesk.page\/hr\/wp-json\/wp\/v2\/comments?post=739701"}],"version-history":[{"count":0,"href":"https:\/\/stoic-curie.212-227-153-4.plesk.page\/hr\/wp-json\/wp\/v2\/product\/739701\/revisions"}],"wp:featuredmedia":[{"embeddable":true,"href":"https:\/\/stoic-curie.212-227-153-4.plesk.page\/hr\/wp-json\/wp\/v2\/media\/5936862"}],"wp:attachment":[{"href":"https:\/\/stoic-curie.212-227-153-4.plesk.page\/hr\/wp-json\/wp\/v2\/media?parent=739701"}],"wp:term":[{"taxonomy":"product_brand","embeddable":true,"href":"https:\/\/stoic-curie.212-227-153-4.plesk.page\/hr\/wp-json\/wp\/v2\/product_brand?post=739701"},{"taxonomy":"product_cat","embeddable":true,"href":"https:\/\/stoic-curie.212-227-153-4.plesk.page\/hr\/wp-json\/wp\/v2\/product_cat?post=739701"},{"taxonomy":"product_tag","embeddable":true,"href":"https:\/\/stoic-curie.212-227-153-4.plesk.page\/hr\/wp-json\/wp\/v2\/product_tag?post=739701"}],"curies":[{"name":"wp","href":"https:\/\/api.w.org\/{rel}","templated":true}]}}