{"id":739707,"date":"2025-03-03T18:05:12","date_gmt":"2025-03-03T17:05:12","guid":{"rendered":"https:\/\/stoic-curie.212-227-153-4.plesk.page\/producto\/siva-cerada-za-brodove-podesiva-od-550-do-610-cm\/"},"modified":"2026-02-25T00:00:36","modified_gmt":"2026-02-25T00:00:36","slug":"siva-cerada-za-brodove-podesiva-od-550-do-610-cm","status":"publish","type":"product","link":"https:\/\/stoic-curie.212-227-153-4.plesk.page\/hr\/product\/siva-cerada-za-brodove-podesiva-od-550-do-610-cm\/","title":{"rendered":"Siva cerada za brodove podesiva od 550 do 610 cm"},"content":{"rendered":"<p>Siva cerada za brodove podesiva od 550 do 610 cm &#8211; <\/p>\n<p>Premium kvalitete pokriva\u010di za \u010damce izra\u0111eni od 100% vodonepropusnih PVC premazanih tkanina. Otporni na UV zrake, reflektiraju sun\u010devu svjetlost zahvaljuju\u0107i srebrnoj boji (osim veli\u010dina XL-XXL-XXXL u plavoj boji). Opremljeni unutarnjim elasti\u010dnim pojasom za savr\u0161eno pristajanje na oblik \u010damca i s dvostrukim \u0161avovima za najbolju izdr\u017eljivost. D-ringovi otporni na ogrebotine i u\u017ee osiguravaju sigurno pri\u010dvr\u0161\u0107ivanje.<\/p>\n","protected":false},"excerpt":{"rendered":"<p>Siva cerada za brodove podesiva od 550 do 610 cm &#8211; Premium kvalitete pokriva\u010di za \u010damce izra\u0111eni od 100% vodonepropusnih<\/p>\n","protected":false},"featured_media":5936863,"comment_status":"open","ping_status":"closed","template":"","meta":[],"product_brand":[3236],"product_cat":[1683],"product_tag":[],"class_list":{"0":"post-739707","1":"product","2":"type-product","3":"status-publish","4":"has-post-thumbnail","6":"product_brand-osculati-hr","7":"product_cat-cerade","9":"first","10":"instock","11":"shipping-taxable","12":"purchasable","13":"product-type-simple"},"_links":{"self":[{"href":"https:\/\/stoic-curie.212-227-153-4.plesk.page\/hr\/wp-json\/wp\/v2\/product\/739707","targetHints":{"allow":["GET"]}}],"collection":[{"href":"https:\/\/stoic-curie.212-227-153-4.plesk.page\/hr\/wp-json\/wp\/v2\/product"}],"about":[{"href":"https:\/\/stoic-curie.212-227-153-4.plesk.page\/hr\/wp-json\/wp\/v2\/types\/product"}],"replies":[{"embeddable":true,"href":"https:\/\/stoic-curie.212-227-153-4.plesk.page\/hr\/wp-json\/wp\/v2\/comments?post=739707"}],"version-history":[{"count":0,"href":"https:\/\/stoic-curie.212-227-153-4.plesk.page\/hr\/wp-json\/wp\/v2\/product\/739707\/revisions"}],"wp:featuredmedia":[{"embeddable":true,"href":"https:\/\/stoic-curie.212-227-153-4.plesk.page\/hr\/wp-json\/wp\/v2\/media\/5936863"}],"wp:attachment":[{"href":"https:\/\/stoic-curie.212-227-153-4.plesk.page\/hr\/wp-json\/wp\/v2\/media?parent=739707"}],"wp:term":[{"taxonomy":"product_brand","embeddable":true,"href":"https:\/\/stoic-curie.212-227-153-4.plesk.page\/hr\/wp-json\/wp\/v2\/product_brand?post=739707"},{"taxonomy":"product_cat","embeddable":true,"href":"https:\/\/stoic-curie.212-227-153-4.plesk.page\/hr\/wp-json\/wp\/v2\/product_cat?post=739707"},{"taxonomy":"product_tag","embeddable":true,"href":"https:\/\/stoic-curie.212-227-153-4.plesk.page\/hr\/wp-json\/wp\/v2\/product_tag?post=739707"}],"curies":[{"name":"wp","href":"https:\/\/api.w.org\/{rel}","templated":true}]}}