{"id":739733,"date":"2025-03-03T18:05:18","date_gmt":"2025-03-03T17:05:18","guid":{"rendered":"https:\/\/stoic-curie.212-227-153-4.plesk.page\/producto\/fendress-navlake-za-vanbrodski-motor-bez-60-x-35-x-35-cm\/"},"modified":"2026-02-25T00:00:36","modified_gmt":"2026-02-25T00:00:36","slug":"fendress-navlake-za-vanbrodski-motor-bez-60-x-35-x-35-cm","status":"publish","type":"product","link":"https:\/\/stoic-curie.212-227-153-4.plesk.page\/hr\/product\/fendress-navlake-za-vanbrodski-motor-bez-60-x-35-x-35-cm\/","title":{"rendered":"Fendress navlake za vanbrodski motor be\u017e 60 x 35 x 35 cm"},"content":{"rendered":"<p>Fendress navlake za vanbrodski motor be\u017e 60 x 35 x 35 cm &#8211; <\/p>\n<p>Premium kvaliteta pokriva\u010da za vanbrodske motore, izra\u0111ena od istog materijala koji se koristi za mekane i \u010dvrste Fendress pokriva\u010de za fendere. \u0160titi od tro\u0161enja, atmosferskih utjecaja, udaraca, ogrebanja, UV zraka, a mo\u017ee se \u010dak ostaviti na vanbrodskom motoru dok se plovi. Fenboard Covers izra\u0111eni su od prozra\u010dnog materijala (ne stvara kondenzaciju) i ne blijede. Mogu se prati u perilici i brzo se su\u0161e. S Fendboard pokriva\u010dem va\u0161 vanbrodski motor \u0107e du\u017ee ostati kao nov.<\/p>\n","protected":false},"excerpt":{"rendered":"<p>Fendress navlake za vanbrodski motor be\u017e 60 x 35 x 35 cm &#8211; Premium kvaliteta pokriva\u010da za vanbrodske motore, izra\u0111ena<\/p>\n","protected":false},"featured_media":5936878,"comment_status":"open","ping_status":"closed","template":"","meta":[],"product_brand":[2936],"product_cat":[1683,1827],"product_tag":[],"class_list":{"0":"post-739733","1":"product","2":"type-product","3":"status-publish","4":"has-post-thumbnail","6":"product_brand-fendress-hr","7":"product_cat-cerade","8":"product_cat-dodatna-oprema-za-vanbrodske-motore","10":"first","11":"instock","12":"shipping-taxable","13":"purchasable","14":"product-type-simple"},"_links":{"self":[{"href":"https:\/\/stoic-curie.212-227-153-4.plesk.page\/hr\/wp-json\/wp\/v2\/product\/739733","targetHints":{"allow":["GET"]}}],"collection":[{"href":"https:\/\/stoic-curie.212-227-153-4.plesk.page\/hr\/wp-json\/wp\/v2\/product"}],"about":[{"href":"https:\/\/stoic-curie.212-227-153-4.plesk.page\/hr\/wp-json\/wp\/v2\/types\/product"}],"replies":[{"embeddable":true,"href":"https:\/\/stoic-curie.212-227-153-4.plesk.page\/hr\/wp-json\/wp\/v2\/comments?post=739733"}],"version-history":[{"count":0,"href":"https:\/\/stoic-curie.212-227-153-4.plesk.page\/hr\/wp-json\/wp\/v2\/product\/739733\/revisions"}],"wp:featuredmedia":[{"embeddable":true,"href":"https:\/\/stoic-curie.212-227-153-4.plesk.page\/hr\/wp-json\/wp\/v2\/media\/5936878"}],"wp:attachment":[{"href":"https:\/\/stoic-curie.212-227-153-4.plesk.page\/hr\/wp-json\/wp\/v2\/media?parent=739733"}],"wp:term":[{"taxonomy":"product_brand","embeddable":true,"href":"https:\/\/stoic-curie.212-227-153-4.plesk.page\/hr\/wp-json\/wp\/v2\/product_brand?post=739733"},{"taxonomy":"product_cat","embeddable":true,"href":"https:\/\/stoic-curie.212-227-153-4.plesk.page\/hr\/wp-json\/wp\/v2\/product_cat?post=739733"},{"taxonomy":"product_tag","embeddable":true,"href":"https:\/\/stoic-curie.212-227-153-4.plesk.page\/hr\/wp-json\/wp\/v2\/product_tag?post=739733"}],"curies":[{"name":"wp","href":"https:\/\/api.w.org\/{rel}","templated":true}]}}