{"id":739752,"date":"2025-03-03T18:05:23","date_gmt":"2025-03-03T17:05:23","guid":{"rendered":"https:\/\/stoic-curie.212-227-153-4.plesk.page\/producto\/mega-bokobran-crni-560x230mm\/"},"modified":"2026-02-25T00:00:36","modified_gmt":"2026-02-25T00:00:36","slug":"mega-bokobran-crni-560x230mm","status":"publish","type":"product","link":"https:\/\/stoic-curie.212-227-153-4.plesk.page\/hr\/product\/mega-bokobran-crni-560x230mm\/","title":{"rendered":"MegaFender Fendress 560 x 230mm"},"content":{"rendered":"<p>MegaFender Fendress 560 x 230mm &#8211; <\/p>\n<p style=\"color: rgb(34, 34, 34); font-family: Arial, Helvetica, sans-serif; font-size: small;\">Fendress Mega Fenders posebno su dizajnirani kako bi osigurali sigurnost velikih brodova i mega jahti. Njihov lagani dizajn omogu\u0107ava jednostavno rukovanje, a inovativni sustav ventila, uz njihovu fleksibilnost, omogu\u0107ava lako ispuhivanje i skladi\u0161tenje, \u010dak i u ogranicenim prostorima.<\/p>\n<p style=\"color: rgb(34, 34, 34); font-family: Arial, Helvetica, sans-serif; font-size: small;\">Ove fendere su konstruirane za dugotrajnost, sa robusnim okovima od nehr\u0111aju\u0107eg \u010delika i trakama oja\u010danim Kevlar-om koji mogu izdr\u017eati do 3.5 tona vu\u010dne sile. Uspje\u0161no kombinuju laganu te\u017einu s izvanrednom snagom.<\/p>\n<p style=\"color: rgb(34, 34, 34); font-family: Arial, Helvetica, sans-serif; font-size: small;\">Evo nekih zna\u010dajnih karakteristika:<\/p>\n<ul style=\"color: rgb(34, 34, 34); font-family: Arial, Helvetica, sans-serif; font-size: small;\">\n<li>Oja\u010dane trake za pobolj\u0161anu izdr\u017eljivost<\/li>\n<li>Jednostavno rukovanje za pobolj\u0161anu korisnost<\/li>\n<li>Okovi od nehr\u0111aju\u0107eg \u010delika za sigurno pri\u010dvr\u0161\u0107ivanje<\/li>\n<li>Standardni vodootporni ventil za jednostavno napuhavanje i ispuhivanje<\/li>\n<\/ul>\n<p style=\"color: rgb(34, 34, 34); font-family: Arial, Helvetica, sans-serif; font-size: small;\">S Mega Fenderima, vlasnici brodova mogu biti sigurni da su njihova plovila dobro za\u0161ti\u0107ena.<\/p>\n<p style=\"color: rgb(34, 34, 34); font-family: Arial, Helvetica, sans-serif; font-size: small;\">Fendress napuhani fenderi proizvode se na Dalekom istoku i visoko su cijenjeni me\u0111u posadama superjahti zbog svoje lagane, kompaktne konstrukcije i izvanredne izdr\u017eljivosti. Napravljeni su od kombinacije konsolidiranog PVC-a i Kevlar oja\u010danja, \u0161to ih \u010dini otporni na probijanje i habanje.<\/p>\n<p style=\"color: rgb(34, 34, 34); font-family: Arial, Helvetica, sans-serif; font-size: small;\">Glavne karakteristike Fendress napuhanih fendera uklju\u010duju:<\/p>\n<ul style=\"color: rgb(34, 34, 34); font-family: Arial, Helvetica, sans-serif; font-size: small;\">\n<li>Lagani i kompaktni: Ovi fenderi su znatno lak\u0161i od tradicionalnih gumiranih opcija, \u0161to ih \u010dini lak\u0161im za upravljanje i skladi\u0161tenje.<\/li>\n<li>\u010cvrsti i izdr\u017eljivi: Kombinacija konsolidiranog PVC-a i Kevlar oja\u010danja pru\u017ea izvrsnu za\u0161titu od probijanja i abrazije.<\/li>\n<li>Jednostavni za napuhavanje i ispuhivanje: Za napuhavanje se mo\u017ee koristiti svaka standardna pumpa, a brzo se ispuhuju za prakti\u010dno skladi\u0161tenje.<\/li>\n<li>Dostupni u razli\u010ditim veli\u010dinama: Fendress fenderi dolaze u vi\u0161e veli\u010dina kako bi se prilagodili \u0161irokom rasponu plovila.<\/li>\n<\/ul>\n<p style=\"color: rgb(34, 34, 34); font-family: Arial, Helvetica, sans-serif; font-size: small;\">U sa\u017eetku, Fendress napuhani fenderi su izvrstan izbor za posade superjahti koje tra\u017ee lagano, izdr\u017eljivo i lako za kori\u0161tenje rje\u0161enje za napuhavaju\u0107e fendere.<\/p>\n","protected":false},"excerpt":{"rendered":"<p>MegaFender Fendress 560 x 230mm &#8211; Fendress Mega Fenders posebno su dizajnirani kako bi osigurali sigurnost velikih brodova i mega<\/p>\n","protected":false},"featured_media":5936924,"comment_status":"open","ping_status":"closed","template":"","meta":[],"product_brand":[2936],"product_cat":[1848],"product_tag":[],"class_list":{"0":"post-739752","1":"product","2":"type-product","3":"status-publish","4":"has-post-thumbnail","6":"product_brand-fendress-hr","7":"product_cat-brodski-bokobrani","9":"first","10":"instock","11":"shipping-taxable","12":"purchasable","13":"product-type-simple"},"_links":{"self":[{"href":"https:\/\/stoic-curie.212-227-153-4.plesk.page\/hr\/wp-json\/wp\/v2\/product\/739752","targetHints":{"allow":["GET"]}}],"collection":[{"href":"https:\/\/stoic-curie.212-227-153-4.plesk.page\/hr\/wp-json\/wp\/v2\/product"}],"about":[{"href":"https:\/\/stoic-curie.212-227-153-4.plesk.page\/hr\/wp-json\/wp\/v2\/types\/product"}],"replies":[{"embeddable":true,"href":"https:\/\/stoic-curie.212-227-153-4.plesk.page\/hr\/wp-json\/wp\/v2\/comments?post=739752"}],"version-history":[{"count":0,"href":"https:\/\/stoic-curie.212-227-153-4.plesk.page\/hr\/wp-json\/wp\/v2\/product\/739752\/revisions"}],"wp:featuredmedia":[{"embeddable":true,"href":"https:\/\/stoic-curie.212-227-153-4.plesk.page\/hr\/wp-json\/wp\/v2\/media\/5936924"}],"wp:attachment":[{"href":"https:\/\/stoic-curie.212-227-153-4.plesk.page\/hr\/wp-json\/wp\/v2\/media?parent=739752"}],"wp:term":[{"taxonomy":"product_brand","embeddable":true,"href":"https:\/\/stoic-curie.212-227-153-4.plesk.page\/hr\/wp-json\/wp\/v2\/product_brand?post=739752"},{"taxonomy":"product_cat","embeddable":true,"href":"https:\/\/stoic-curie.212-227-153-4.plesk.page\/hr\/wp-json\/wp\/v2\/product_cat?post=739752"},{"taxonomy":"product_tag","embeddable":true,"href":"https:\/\/stoic-curie.212-227-153-4.plesk.page\/hr\/wp-json\/wp\/v2\/product_tag?post=739752"}],"curies":[{"name":"wp","href":"https:\/\/api.w.org\/{rel}","templated":true}]}}