{"id":739754,"date":"2025-03-03T18:05:23","date_gmt":"2025-03-03T17:05:23","guid":{"rendered":"https:\/\/stoic-curie.212-227-153-4.plesk.page\/producto\/mega-bokobran-crni-910x360mm\/"},"modified":"2026-02-25T00:00:36","modified_gmt":"2026-02-25T00:00:36","slug":"mega-bokobran-crni-910x360mm","status":"publish","type":"product","link":"https:\/\/stoic-curie.212-227-153-4.plesk.page\/hr\/product\/mega-bokobran-crni-910x360mm\/","title":{"rendered":"MegaFender Fendress 910 x 360mm"},"content":{"rendered":"<p>MegaFender Fendress 910 x 360mm &#8211; <\/p>\n<p style=\"color: rgb(34, 34, 34); font-family: Arial, Helvetica, sans-serif; font-size: small;\">Fendress Mega fendere su vje\u0161to izra\u0111ene za za\u0161titu velikih brodova i mega jahti. Njihov lagani dizajn omogu\u0107ava lako rukovanje, dok inovativni sustav ventila i izvanredna fleksibilnost omogu\u0107uju jednostavno ispu\u0161tanje i pohranu, \u010dak i u uskim prostorima.<\/p>\n<p style=\"color: rgb(34, 34, 34); font-family: Arial, Helvetica, sans-serif; font-size: small;\">Ovi fenderi su napravljeni za dugotrajnost, opremljeni \u010dvrstim prstenovima od nehr\u0111aju\u0107eg \u010delika i remenjem oja\u010danim Kevlarom\u00ae koje pru\u017ea otpornost do 3,5 tona. Oni uspje\u0161no spajaju laganu konstrukciju s impresivnom snagom.<\/p>\n<p style=\"color: rgb(34, 34, 34); font-family: Arial, Helvetica, sans-serif; font-size: small;\">Istaknute zna\u010dajke uklju\u010duju:<\/p>\n<ul style=\"color: rgb(34, 34, 34); font-family: Arial, Helvetica, sans-serif; font-size: small;\">\n<li>Oja\u010dani traci za ve\u0107u izdr\u017eljivost<\/li>\n<li>Lak\u0161e rukovanje za bolju upotrebljivost<\/li>\n<li>Prstenovi u obliku slova D od nehr\u0111aju\u0107eg \u010delika za sigurnu vezivanje<\/li>\n<li>Standardni vodootporni ventil za jednostavno infliranje i deflaciju<\/li>\n<\/ul>\n<p style=\"color: rgb(34, 34, 34); font-family: Arial, Helvetica, sans-serif; font-size: small;\">S Mega fenderima, vlasnici brodova mogu biti sigurni da su njihova plovila dobro za\u0161ti\u0107ena.<\/p>\n<p style=\"color: rgb(34, 34, 34); font-family: Arial, Helvetica, sans-serif; font-size: small;\">Fendress napuhivi fenderi proizvedeni su na Dalekom istoku i vrlo su cijenjeni me\u0111u posadama superjahti zbog svog laganog, kompaktno dizajniranog i izdr\u017eljivog karaktera. Izra\u0111eni su od mje\u0161avine konsolidiranog PVC-a i Kevlar oja\u010danja, \u0161to ih \u010dini otpornima na probijanje i habanje.<\/p>\n<p style=\"color: rgb(34, 34, 34); font-family: Arial, Helvetica, sans-serif; font-size: small;\">Glavne zna\u010dajke Fendress napuhivih fendera su:<\/p>\n<ul style=\"color: rgb(34, 34, 34); font-family: Arial, Helvetica, sans-serif; font-size: small;\">\n<li>Lagani i kompaktni: Ovi fenderi su znatno lak\u0161i od tradicionalnih gumenih fendera, \u0161to olak\u0161ava rukovanje i pohranu.<\/li>\n<li>\u010cvrsti i izdr\u017eljivi: Kombinacija konsolidiranog PVC-a i Kevlar oja\u010danja pru\u017ea izvrsnu za\u0161titu od probijanja i abrazije.<\/li>\n<li>Jednostavni za inflaciju i deflaciju: Mogu se napuhati standardnom pumpom i brzo ispustiti radi lak\u0161eg skladi\u0161tenja.<\/li>\n<li>Dostupni u raznim veli\u010dinama: Fendress fenderi dolaze u vi\u0161e veli\u010dina kako bi zadovoljili razli\u010dite vrste plovila.<\/li>\n<\/ul>\n<p style=\"color: rgb(34, 34, 34); font-family: Arial, Helvetica, sans-serif; font-size: small;\">U sa\u017eetku, Fendress napuhivi fenderi su izvrsna opcija za posade superjahti koje tra\u017ee lagani, izdr\u017eljivi i jednostavni rje\u0161enje za napuhive fendere.<\/p>\n","protected":false},"excerpt":{"rendered":"<p>MegaFender Fendress 910 x 360mm &#8211; Fendress Mega fendere su vje\u0161to izra\u0111ene za za\u0161titu velikih brodova i mega jahti. Njihov<\/p>\n","protected":false},"featured_media":5936924,"comment_status":"open","ping_status":"closed","template":"","meta":[],"product_brand":[2936],"product_cat":[1848],"product_tag":[],"class_list":{"0":"post-739754","1":"product","2":"type-product","3":"status-publish","4":"has-post-thumbnail","6":"product_brand-fendress-hr","7":"product_cat-brodski-bokobrani","9":"first","10":"instock","11":"shipping-taxable","12":"purchasable","13":"product-type-simple"},"_links":{"self":[{"href":"https:\/\/stoic-curie.212-227-153-4.plesk.page\/hr\/wp-json\/wp\/v2\/product\/739754","targetHints":{"allow":["GET"]}}],"collection":[{"href":"https:\/\/stoic-curie.212-227-153-4.plesk.page\/hr\/wp-json\/wp\/v2\/product"}],"about":[{"href":"https:\/\/stoic-curie.212-227-153-4.plesk.page\/hr\/wp-json\/wp\/v2\/types\/product"}],"replies":[{"embeddable":true,"href":"https:\/\/stoic-curie.212-227-153-4.plesk.page\/hr\/wp-json\/wp\/v2\/comments?post=739754"}],"version-history":[{"count":0,"href":"https:\/\/stoic-curie.212-227-153-4.plesk.page\/hr\/wp-json\/wp\/v2\/product\/739754\/revisions"}],"wp:featuredmedia":[{"embeddable":true,"href":"https:\/\/stoic-curie.212-227-153-4.plesk.page\/hr\/wp-json\/wp\/v2\/media\/5936924"}],"wp:attachment":[{"href":"https:\/\/stoic-curie.212-227-153-4.plesk.page\/hr\/wp-json\/wp\/v2\/media?parent=739754"}],"wp:term":[{"taxonomy":"product_brand","embeddable":true,"href":"https:\/\/stoic-curie.212-227-153-4.plesk.page\/hr\/wp-json\/wp\/v2\/product_brand?post=739754"},{"taxonomy":"product_cat","embeddable":true,"href":"https:\/\/stoic-curie.212-227-153-4.plesk.page\/hr\/wp-json\/wp\/v2\/product_cat?post=739754"},{"taxonomy":"product_tag","embeddable":true,"href":"https:\/\/stoic-curie.212-227-153-4.plesk.page\/hr\/wp-json\/wp\/v2\/product_tag?post=739754"}],"curies":[{"name":"wp","href":"https:\/\/api.w.org\/{rel}","templated":true}]}}