{"id":739755,"date":"2025-03-03T18:05:23","date_gmt":"2025-03-03T17:05:23","guid":{"rendered":"https:\/\/stoic-curie.212-227-153-4.plesk.page\/producto\/mega-bokobran-crni-1070x460mm\/"},"modified":"2026-02-25T00:00:36","modified_gmt":"2026-02-25T00:00:36","slug":"mega-bokobran-crni-1070x460mm","status":"publish","type":"product","link":"https:\/\/stoic-curie.212-227-153-4.plesk.page\/hr\/product\/mega-bokobran-crni-1070x460mm\/","title":{"rendered":"MegaFender Fendress 1070 x 460mm"},"content":{"rendered":"<p>MegaFender Fendress 1070 x 460mm &#8211; <\/p>\n<p style=\"color: rgb(34, 34, 34); font-family: Arial, Helvetica, sans-serif; font-size: small;\">Fendress Mega Fenderi pa\u017eljivo su dizajnirani kako bi za\u0161titili velike brodove i mega jahte. Njihova lagana konstrukcija omogu\u0107ava jednostavno rukovanje, dok napredni sustav ventila i impresivna fleksibilnost omogu\u0107avaju jednostavno pra\u017enjenje i pohranu, \u010dak i u uskim prostorima.<\/p>\n<p style=\"color: rgb(34, 34, 34); font-family: Arial, Helvetica, sans-serif; font-size: small;\">Ovi fenderi su izra\u0111eni da traju, s robusnim prstenovima od nehr\u0111aju\u0107eg \u010delika i trakama oja\u010danim Kevlar\u00ae-om koje nude \u010dvrsto\u0107u do 3,5 tona. Uspje\u0161no kombiniraju lagani dizajn s zna\u010dajnom snagom.<\/p>\n<p style=\"color: rgb(34, 34, 34); font-family: Arial, Helvetica, sans-serif; font-size: small;\">Istaknute zna\u010dajke uklju\u010duju:<\/p>\n<ul style=\"color: rgb(34, 34, 34); font-family: Arial, Helvetica, sans-serif; font-size: small;\">\n<li>Oja\u010dane trake za pove\u0107anu izdr\u017eljivost<\/li>\n<li>Jednostavno rukovanje za pobolj\u0161anu upotrebljivost<\/li>\n<li>Prstenovi u obliku slova D od nehr\u0111aju\u0107eg \u010delika za sigurnu vezivanje<\/li>\n<li>Standardni vodonepropusni ventil za jednostavno napumpavanje i pra\u017enjenje<\/li>\n<\/ul>\n<p style=\"color: rgb(34, 34, 34); font-family: Arial, Helvetica, sans-serif; font-size: small;\">S Mega Fenderima, vlasnici brodova mogu biti sigurni da su njihova plovila dobro za\u0161ti\u0107ena.<\/p>\n<p style=\"color: rgb(34, 34, 34); font-family: Arial, Helvetica, sans-serif; font-size: small;\">Fendress napuhivi fenderi se proizvode na Dalekom istoku i visoko su cijenjeni od strane posada superjahti zbog svog laganog, kompaktnog dizajna i izuzetne izdr\u017eljivosti. Izra\u0111eni su od kombinacije konsolidiranog PVC-a i Kevlar oja\u010danja, \u0161to ih \u010dini otporni na probijanje i tro\u0161enje.<\/p>\n<p style=\"color: rgb(34, 34, 34); font-family: Arial, Helvetica, sans-serif; font-size: small;\">Glavne zna\u010dajke Fendress napuhivih fendera su:<\/p>\n<ul style=\"color: rgb(34, 34, 34); font-family: Arial, Helvetica, sans-serif; font-size: small;\">\n<li>Lagani i kompaktni: Ovi fenderi su znatno lak\u0161i od tradicionalnih gumenih fendera, \u0161to olak\u0161ava rukovanje i pohranu.<\/li>\n<li>\u010cvrsti i izdr\u017eljivi: Mje\u0161avina konsolidiranog PVC-a i Kevlar oja\u010danja nudi izvrsnu za\u0161titu protiv probijanja i ogrebotina.<\/li>\n<li>Jednostavna inflacija i deflacija: Mogu se napuhati pomo\u0107u bilo kojeg standardnog pumpe i brzo ispuhati za jednostavnu pohranu.<\/li>\n<li>Dostupni u raznim veli\u010dinama: Fendress fenderi dolaze u razli\u010ditim veli\u010dinama kako bi odgovarali razli\u010ditim plovilima.<\/li>\n<\/ul>\n<p style=\"color: rgb(34, 34, 34); font-family: Arial, Helvetica, sans-serif; font-size: small;\">Zaklju\u010dno, Fendress napuhivi fenderi su izvrsna opcija za posade superjahti koje tra\u017ee lagano, izdr\u017eljivo i korisni\u010dki prijateljsko rje\u0161enje napuhivih fendera.<\/p>\n","protected":false},"excerpt":{"rendered":"<p>MegaFender Fendress 1070 x 460mm &#8211; Fendress Mega Fenderi pa\u017eljivo su dizajnirani kako bi za\u0161titili velike brodove i mega jahte.<\/p>\n","protected":false},"featured_media":5936924,"comment_status":"open","ping_status":"closed","template":"","meta":[],"product_brand":[2936],"product_cat":[1848],"product_tag":[],"class_list":{"0":"post-739755","1":"product","2":"type-product","3":"status-publish","4":"has-post-thumbnail","6":"product_brand-fendress-hr","7":"product_cat-brodski-bokobrani","9":"first","10":"instock","11":"shipping-taxable","12":"purchasable","13":"product-type-simple"},"_links":{"self":[{"href":"https:\/\/stoic-curie.212-227-153-4.plesk.page\/hr\/wp-json\/wp\/v2\/product\/739755","targetHints":{"allow":["GET"]}}],"collection":[{"href":"https:\/\/stoic-curie.212-227-153-4.plesk.page\/hr\/wp-json\/wp\/v2\/product"}],"about":[{"href":"https:\/\/stoic-curie.212-227-153-4.plesk.page\/hr\/wp-json\/wp\/v2\/types\/product"}],"replies":[{"embeddable":true,"href":"https:\/\/stoic-curie.212-227-153-4.plesk.page\/hr\/wp-json\/wp\/v2\/comments?post=739755"}],"version-history":[{"count":0,"href":"https:\/\/stoic-curie.212-227-153-4.plesk.page\/hr\/wp-json\/wp\/v2\/product\/739755\/revisions"}],"wp:featuredmedia":[{"embeddable":true,"href":"https:\/\/stoic-curie.212-227-153-4.plesk.page\/hr\/wp-json\/wp\/v2\/media\/5936924"}],"wp:attachment":[{"href":"https:\/\/stoic-curie.212-227-153-4.plesk.page\/hr\/wp-json\/wp\/v2\/media?parent=739755"}],"wp:term":[{"taxonomy":"product_brand","embeddable":true,"href":"https:\/\/stoic-curie.212-227-153-4.plesk.page\/hr\/wp-json\/wp\/v2\/product_brand?post=739755"},{"taxonomy":"product_cat","embeddable":true,"href":"https:\/\/stoic-curie.212-227-153-4.plesk.page\/hr\/wp-json\/wp\/v2\/product_cat?post=739755"},{"taxonomy":"product_tag","embeddable":true,"href":"https:\/\/stoic-curie.212-227-153-4.plesk.page\/hr\/wp-json\/wp\/v2\/product_tag?post=739755"}],"curies":[{"name":"wp","href":"https:\/\/api.w.org\/{rel}","templated":true}]}}