{"id":739756,"date":"2025-03-03T18:05:23","date_gmt":"2025-03-03T17:05:23","guid":{"rendered":"https:\/\/stoic-curie.212-227-153-4.plesk.page\/producto\/mega-bokobran-crni-1140x460mm\/"},"modified":"2026-02-25T00:00:36","modified_gmt":"2026-02-25T00:00:36","slug":"mega-bokobran-crni-1140x460mm","status":"publish","type":"product","link":"https:\/\/stoic-curie.212-227-153-4.plesk.page\/hr\/product\/mega-bokobran-crni-1140x460mm\/","title":{"rendered":"MegaFender Fendress 1140 x 460mm"},"content":{"rendered":"<p>MegaFender Fendress 1140 x 460mm &#8211; <\/p>\n<p style=\"color: rgb(34, 34, 34); font-family: Arial, Helvetica, sans-serif; font-size: small;\">Fendress Mega Fenders su stru\u010dno dizajnirani za za\u0161titu velikih brodova i mega jahti. Njihova lagana konstrukcija omogu\u0107uje jednostavno rukovanje, dok napredni sustav ventila i izvanredna fleksibilnost omogu\u0107uju lako deflaciju i skladi\u0161tenje, \u010dak i u ograni\u010denim prostorima.<\/p>\n<p style=\"color: rgb(34, 34, 34); font-family: Arial, Helvetica, sans-serif; font-size: small;\">Ovi fenderi su projektirani za izdr\u017eljivost, s robusnim prstenovima od nehr\u0111aju\u0107eg \u010delika i trakama oja\u010danim Kevlar\u00ae-om koje nude vla\u010dnu \u010dvrsto\u0107u do 3.5 tona. Uspje\u0161no kombiniraju lagani okvir s zna\u010dajnom snagom.<\/p>\n<p style=\"color: rgb(34, 34, 34); font-family: Arial, Helvetica, sans-serif; font-size: small;\">Klju\u010dne zna\u010dajke uklju\u010duju:<\/p>\n<ul style=\"color: rgb(34, 34, 34); font-family: Arial, Helvetica, sans-serif; font-size: small;\">\n<li>Oja\u010dane trake za pobolj\u0161anu izdr\u017eljivost<\/li>\n<li>Jednostavno rukovanje za pobolj\u0161anu upotrebljivost<\/li>\n<li>Prstenovi u obliku slova D od nehr\u0111aju\u0107eg \u010delika za sigurno pri\u010dvr\u0161\u0107ivanje<\/li>\n<li>Standardni vodootporni ventil za prakti\u010dnu inflaciju i deflaciju<\/li>\n<\/ul>\n<p style=\"color: rgb(34, 34, 34); font-family: Arial, Helvetica, sans-serif; font-size: small;\">S Mega Fenderima, vlasnici brodova mogu biti sigurni da su njihova plovila dobro za\u0161ti\u0107ena.<\/p>\n<p style=\"color: rgb(34, 34, 34); font-family: Arial, Helvetica, sans-serif; font-size: small;\">Fendress pneumatski fenderi se proizvode na Dalekom istoku i visoko su cijenjeni od strane posada superjahti zbog svog laganog, kompaktnog dizajna i izvanredne izdr\u017eljivosti. Napravljeni su od kombinacije konsolidiranog PVC-a i oja\u010danja Kevlarom, \u010dime su otporni na probijanje i tro\u0161enje.<\/p>\n<p style=\"color: rgb(34, 34, 34); font-family: Arial, Helvetica, sans-serif; font-size: small;\">Glavne zna\u010dajke Fendress pneumatskih fendera su:<\/p>\n<ul style=\"color: rgb(34, 34, 34); font-family: Arial, Helvetica, sans-serif; font-size: small;\">\n<li>Lagani i kompaktni: Ovi fenderi su zna\u010dajno lak\u0161i od tradicionalnih gumenih fendera, \u0161to olak\u0161ava rukovanje i skladi\u0161tenje.<\/li>\n<li>\u010cvrsti i izdr\u017eljivi: Mje\u0161avina konsolidiranog PVC-a i Kevlar oja\u010danja pru\u017ea izvrsnu za\u0161titu od probijanja i ogrebotina.<\/li>\n<li>Jednostavna inflacija i deflacija: Mogu se napuhati pomo\u0107u bilo koje standardne pumpe i brzo ispustiti za prakti\u010dno skladi\u0161tenje.<\/li>\n<li>Dostupni u raznim veli\u010dinama: Fendress fenderi se nude u vi\u0161e veli\u010dina kako bi odgovarali razli\u010ditim plovilima.<\/li>\n<\/ul>\n<p style=\"color: rgb(34, 34, 34); font-family: Arial, Helvetica, sans-serif; font-size: small;\">Zaklju\u010dno, Fendress pneumatski fenderi predstavljaju izvrsan izbor za posade superjahti koje tra\u017ee lagano, izdr\u017eljivo i lako za kori\u0161tenje rje\u0161enje pneumatskog fendera.<\/p>\n","protected":false},"excerpt":{"rendered":"<p>MegaFender Fendress 1140 x 460mm &#8211; Fendress Mega Fenders su stru\u010dno dizajnirani za za\u0161titu velikih brodova i mega jahti. Njihova<\/p>\n","protected":false},"featured_media":5936924,"comment_status":"open","ping_status":"closed","template":"","meta":[],"product_brand":[2936],"product_cat":[1848],"product_tag":[],"class_list":{"0":"post-739756","1":"product","2":"type-product","3":"status-publish","4":"has-post-thumbnail","6":"product_brand-fendress-hr","7":"product_cat-brodski-bokobrani","9":"first","10":"instock","11":"shipping-taxable","12":"purchasable","13":"product-type-simple"},"_links":{"self":[{"href":"https:\/\/stoic-curie.212-227-153-4.plesk.page\/hr\/wp-json\/wp\/v2\/product\/739756","targetHints":{"allow":["GET"]}}],"collection":[{"href":"https:\/\/stoic-curie.212-227-153-4.plesk.page\/hr\/wp-json\/wp\/v2\/product"}],"about":[{"href":"https:\/\/stoic-curie.212-227-153-4.plesk.page\/hr\/wp-json\/wp\/v2\/types\/product"}],"replies":[{"embeddable":true,"href":"https:\/\/stoic-curie.212-227-153-4.plesk.page\/hr\/wp-json\/wp\/v2\/comments?post=739756"}],"version-history":[{"count":0,"href":"https:\/\/stoic-curie.212-227-153-4.plesk.page\/hr\/wp-json\/wp\/v2\/product\/739756\/revisions"}],"wp:featuredmedia":[{"embeddable":true,"href":"https:\/\/stoic-curie.212-227-153-4.plesk.page\/hr\/wp-json\/wp\/v2\/media\/5936924"}],"wp:attachment":[{"href":"https:\/\/stoic-curie.212-227-153-4.plesk.page\/hr\/wp-json\/wp\/v2\/media?parent=739756"}],"wp:term":[{"taxonomy":"product_brand","embeddable":true,"href":"https:\/\/stoic-curie.212-227-153-4.plesk.page\/hr\/wp-json\/wp\/v2\/product_brand?post=739756"},{"taxonomy":"product_cat","embeddable":true,"href":"https:\/\/stoic-curie.212-227-153-4.plesk.page\/hr\/wp-json\/wp\/v2\/product_cat?post=739756"},{"taxonomy":"product_tag","embeddable":true,"href":"https:\/\/stoic-curie.212-227-153-4.plesk.page\/hr\/wp-json\/wp\/v2\/product_tag?post=739756"}],"curies":[{"name":"wp","href":"https:\/\/api.w.org\/{rel}","templated":true}]}}