{"id":739757,"date":"2025-03-03T18:05:24","date_gmt":"2025-03-03T17:05:24","guid":{"rendered":"https:\/\/stoic-curie.212-227-153-4.plesk.page\/producto\/mega-bokobran-crni-1470x460mm\/"},"modified":"2026-02-25T00:00:36","modified_gmt":"2026-02-25T00:00:36","slug":"mega-bokobran-crni-1470x460mm","status":"publish","type":"product","link":"https:\/\/stoic-curie.212-227-153-4.plesk.page\/hr\/product\/mega-bokobran-crni-1470x460mm\/","title":{"rendered":"MegaFender Fendress 1470 x 460mm"},"content":{"rendered":"<p>MegaFender Fendress 1470 x 460mm &#8211; <\/p>\n<p style=\"color: rgb(34, 34, 34); font-family: Arial, Helvetica, sans-serif; font-size: small;\">Fendress Mega fendere su pa\u017eljivo dizajnirane za za\u0161titu velikih brodova i mega jahti. Njihova lagana konstrukcija olak\u0161ava rukovanje, dok inovativni sustav ventila i izvanredna fleksibilnost omogu\u0107uju jednostavno ispuhivanje i pohranu, \u010dak i u sku\u010denim prostorima.<\/p>\n<p style=\"color: rgb(34, 34, 34); font-family: Arial, Helvetica, sans-serif; font-size: small;\">Ovi fenderi su izra\u0111eni za trajnost, s robusnim prstenovima od nehr\u0111aju\u0107eg \u010delika i poja\u010danim trakama od Kevlara\u00ae koje nude vla\u010dnu \u010dvrsto\u0107u do 3,5 tona. Efikasno kombiniraju lagani dizajn s velikom snagom.<\/p>\n<p style=\"color: rgb(34, 34, 34); font-family: Arial, Helvetica, sans-serif; font-size: small;\">Glavne zna\u010dajke uklju\u010duju:<\/p>\n<ul style=\"color: rgb(34, 34, 34); font-family: Arial, Helvetica, sans-serif; font-size: small;\">\n<li>Poja\u010dane trake za pobolj\u0161anu trajnost<\/li>\n<li>Lako rukovanje za dodatnu udobnost<\/li>\n<li>Prstenovi od nehr\u0111aju\u0107eg \u010delika za sigurno pri\u010dvr\u0161\u0107ivanje<\/li>\n<li>Standardni vodootporni ventil za jednostavno napuhavanje i ispuhivanje<\/li>\n<\/ul>\n<p style=\"color: rgb(34, 34, 34); font-family: Arial, Helvetica, sans-serif; font-size: small;\">S Mega fenderima, vlasnici brodova mogu biti sigurni da su njihovi plovila dobro za\u0161ti\u0107eni.<\/p>\n<p style=\"color: rgb(34, 34, 34); font-family: Arial, Helvetica, sans-serif; font-size: small;\">Fendress napuhavaju\u0107i fenderi se proizvode na Dalekom Istoku i vrlo su cijenjeni me\u0111u posadama superjahti zbog svog laganog, kompaktnog dizajna i izvanredne trajnosti. Izra\u0111eni su od kombinacije konsolidiranog PVC-a i Kevlar poja\u010danja, \u0161to ih \u010dini otpornima na probijanje i habanje.<\/p>\n<p style=\"color: rgb(34, 34, 34); font-family: Arial, Helvetica, sans-serif; font-size: small;\">Primarne karakteristike Fendress napuhavaju\u0107ih fendera su:<\/p>\n<ul style=\"color: rgb(34, 34, 34); font-family: Arial, Helvetica, sans-serif; font-size: small;\">\n<li>Lagan i kompaktan: Ovi fenderi su znatno lak\u0161i od tradicionalnih gumastih fendera, \u0161to pojednostavljuje rukovanje i pohranu.<\/li>\n<li>Jak i izdr\u017eljiv: Kombinacija konsolidiranog PVC-a i Kevlar poja\u010danja pru\u017ea izvrsnu za\u0161titu od probijanja i abrazije.<\/li>\n<li>Lako se napuhavaju i ispuhuju: Mogu se napuhavati s bilo kojom standardnom pumpom i brzo ispuhivati za prikladnu pohranu.<\/li>\n<li>Dostupni u raznim veli\u010dinama: Fendress fenderi dolaze u razli\u010ditim veli\u010dinama kako bi udovoljili razli\u010ditim plovilima.<\/li>\n<\/ul>\n<p style=\"color: rgb(34, 34, 34); font-family: Arial, Helvetica, sans-serif; font-size: small;\">Zaklju\u010dno, Fendress napuhavaju\u0107i fenderi su izvrstan izbor za posade superjahti koje tra\u017ee lagano, izdr\u017eljivo i jednostavno rje\u0161enje za napuhavaju\u0107e fendere.<\/p>\n","protected":false},"excerpt":{"rendered":"<p>MegaFender Fendress 1470 x 460mm &#8211; Fendress Mega fendere su pa\u017eljivo dizajnirane za za\u0161titu velikih brodova i mega jahti. Njihova<\/p>\n","protected":false},"featured_media":5936924,"comment_status":"open","ping_status":"closed","template":"","meta":[],"product_brand":[2936],"product_cat":[1848],"product_tag":[],"class_list":{"0":"post-739757","1":"product","2":"type-product","3":"status-publish","4":"has-post-thumbnail","6":"product_brand-fendress-hr","7":"product_cat-brodski-bokobrani","9":"first","10":"instock","11":"shipping-taxable","12":"purchasable","13":"product-type-simple"},"_links":{"self":[{"href":"https:\/\/stoic-curie.212-227-153-4.plesk.page\/hr\/wp-json\/wp\/v2\/product\/739757","targetHints":{"allow":["GET"]}}],"collection":[{"href":"https:\/\/stoic-curie.212-227-153-4.plesk.page\/hr\/wp-json\/wp\/v2\/product"}],"about":[{"href":"https:\/\/stoic-curie.212-227-153-4.plesk.page\/hr\/wp-json\/wp\/v2\/types\/product"}],"replies":[{"embeddable":true,"href":"https:\/\/stoic-curie.212-227-153-4.plesk.page\/hr\/wp-json\/wp\/v2\/comments?post=739757"}],"version-history":[{"count":0,"href":"https:\/\/stoic-curie.212-227-153-4.plesk.page\/hr\/wp-json\/wp\/v2\/product\/739757\/revisions"}],"wp:featuredmedia":[{"embeddable":true,"href":"https:\/\/stoic-curie.212-227-153-4.plesk.page\/hr\/wp-json\/wp\/v2\/media\/5936924"}],"wp:attachment":[{"href":"https:\/\/stoic-curie.212-227-153-4.plesk.page\/hr\/wp-json\/wp\/v2\/media?parent=739757"}],"wp:term":[{"taxonomy":"product_brand","embeddable":true,"href":"https:\/\/stoic-curie.212-227-153-4.plesk.page\/hr\/wp-json\/wp\/v2\/product_brand?post=739757"},{"taxonomy":"product_cat","embeddable":true,"href":"https:\/\/stoic-curie.212-227-153-4.plesk.page\/hr\/wp-json\/wp\/v2\/product_cat?post=739757"},{"taxonomy":"product_tag","embeddable":true,"href":"https:\/\/stoic-curie.212-227-153-4.plesk.page\/hr\/wp-json\/wp\/v2\/product_tag?post=739757"}],"curies":[{"name":"wp","href":"https:\/\/api.w.org\/{rel}","templated":true}]}}