{"id":739758,"date":"2025-03-03T18:05:24","date_gmt":"2025-03-03T17:05:24","guid":{"rendered":"https:\/\/stoic-curie.212-227-153-4.plesk.page\/producto\/mega-bokoban-crni-1650x660mm\/"},"modified":"2026-02-25T00:00:36","modified_gmt":"2026-02-25T00:00:36","slug":"mega-bokoban-crni-1650x660mm","status":"publish","type":"product","link":"https:\/\/stoic-curie.212-227-153-4.plesk.page\/hr\/product\/mega-bokoban-crni-1650x660mm\/","title":{"rendered":"MegaFender Fendress 1650 x 660mm"},"content":{"rendered":"<p>MegaFender Fendress 1650 x 660mm &#8211; <\/p>\n<p style=\"color: rgb(34, 34, 34); font-family: Arial, Helvetica, sans-serif; font-size: small;\">Fendress Mega Fenders pa\u017eljivo su dizajnirane kako bi za\u0161titile velike brodove i mega jahte. Njihova lagana konstrukcija olak\u0161ava rukovanje, dok napredni sustav ventila i izvanredna fleksibilnost omogu\u0107uju jednostavno ispuhivanje i pohranu, \u010dak i u uskim prostorima.<\/p>\n<p style=\"color: rgb(34, 34, 34); font-family: Arial, Helvetica, sans-serif; font-size: small;\">Ove fendere su izgra\u0111ene za dugotrajnost, s \u010dvrstim prstenovima od nehr\u0111aju\u0107eg \u010delika i trakama oja\u010danim Kevlar\u00ae-om koji pru\u017eaju vu\u010dnu \u010dvrsto\u0107u do 3,5 tona. Kupljeni su za spajanje laganog dizajna s impresivnom snagom.<\/p>\n<p style=\"color: rgb(34, 34, 34); font-family: Arial, Helvetica, sans-serif; font-size: small;\">Istaknute karakteristike uklju\u010duju:<\/p>\n<ul style=\"color: rgb(34, 34, 34); font-family: Arial, Helvetica, sans-serif; font-size: small;\">\n<li>Oja\u010dane trake za pobolj\u0161anu otpornost<\/li>\n<li>Jednostavno rukovanje za dodatnu pogodnost<\/li>\n<li>Prstenovi u obliku slova D od nehr\u0111aju\u0107eg \u010delika za sigurnu vezivanje<\/li>\n<li>Standardni vodootporni ventil za jednostavno napuhavanje i ispuhivanje<\/li>\n<\/ul>\n<p style=\"color: rgb(34, 34, 34); font-family: Arial, Helvetica, sans-serif; font-size: small;\">S Mega Fenders, vlasnici brodova mogu biti sigurni da je njihovo plovilo dobro za\u0161ti\u0107eno.<\/p>\n<p style=\"color: rgb(34, 34, 34); font-family: Arial, Helvetica, sans-serif; font-size: small;\">Fendress napuhani fenderi proizvedeni su na Dalekom istoku i visoko su cijenjeni od strane posada superjahata zbog svog lakog, kompaktnog dizajna i izvanredne izdr\u017eljivosti. Napravljen je od kombinacije konsolidiranog PVC-a i Kevlar oja\u010danja, \u0161to ih \u010dini jakima i otpornima na probijanje i habanje.<\/p>\n<p style=\"color: rgb(34, 34, 34); font-family: Arial, Helvetica, sans-serif; font-size: small;\">Glavne karakteristike Fendress napuhanih fendera su:<\/p>\n<ul style=\"color: rgb(34, 34, 34); font-family: Arial, Helvetica, sans-serif; font-size: small;\">\n<li>Lagani i kompaktni: Ovi fenderi su znatno lak\u0161i od tradicionalnih gumene fendere, \u0161to olak\u0161ava rukovanje i pohranu.<\/li>\n<li>\u010cvrsti i izdr\u017eljivi: Kombinacija konsolidiranog PVC-a i Kevlar oja\u010danja pru\u017ea izvrsnu za\u0161titu protiv probijanja i abrazije.<\/li>\n<li>Jednostavno napuhavanje i ispuhivanje: Mogu se napuhati bilo kojom standardnom pumpom i brzo ispuhati za jednostavnu pohranu.<\/li>\n<li>Dostupni u raznim veli\u010dinama: Fendress fenderi dolaze u vi\u0161e veli\u010dina kako bi odgovarali razli\u010ditim plovilima.<\/li>\n<\/ul>\n<p style=\"color: rgb(34, 34, 34); font-family: Arial, Helvetica, sans-serif; font-size: small;\">Ukratko, Fendress napuhani fenderi su fantasti\u010dna opcija za posade superjahata koje tra\u017ee lagano, izdr\u017eljivo i korisni\u010dki prijateljsko rje\u0161enje napuhanog fendera.<\/p>\n","protected":false},"excerpt":{"rendered":"<p>MegaFender Fendress 1650 x 660mm &#8211; Fendress Mega Fenders pa\u017eljivo su dizajnirane kako bi za\u0161titile velike brodove i mega jahte.<\/p>\n","protected":false},"featured_media":5936924,"comment_status":"open","ping_status":"closed","template":"","meta":[],"product_brand":[2936],"product_cat":[1848],"product_tag":[],"class_list":{"0":"post-739758","1":"product","2":"type-product","3":"status-publish","4":"has-post-thumbnail","6":"product_brand-fendress-hr","7":"product_cat-brodski-bokobrani","9":"first","10":"instock","11":"shipping-taxable","12":"purchasable","13":"product-type-simple"},"_links":{"self":[{"href":"https:\/\/stoic-curie.212-227-153-4.plesk.page\/hr\/wp-json\/wp\/v2\/product\/739758","targetHints":{"allow":["GET"]}}],"collection":[{"href":"https:\/\/stoic-curie.212-227-153-4.plesk.page\/hr\/wp-json\/wp\/v2\/product"}],"about":[{"href":"https:\/\/stoic-curie.212-227-153-4.plesk.page\/hr\/wp-json\/wp\/v2\/types\/product"}],"replies":[{"embeddable":true,"href":"https:\/\/stoic-curie.212-227-153-4.plesk.page\/hr\/wp-json\/wp\/v2\/comments?post=739758"}],"version-history":[{"count":0,"href":"https:\/\/stoic-curie.212-227-153-4.plesk.page\/hr\/wp-json\/wp\/v2\/product\/739758\/revisions"}],"wp:featuredmedia":[{"embeddable":true,"href":"https:\/\/stoic-curie.212-227-153-4.plesk.page\/hr\/wp-json\/wp\/v2\/media\/5936924"}],"wp:attachment":[{"href":"https:\/\/stoic-curie.212-227-153-4.plesk.page\/hr\/wp-json\/wp\/v2\/media?parent=739758"}],"wp:term":[{"taxonomy":"product_brand","embeddable":true,"href":"https:\/\/stoic-curie.212-227-153-4.plesk.page\/hr\/wp-json\/wp\/v2\/product_brand?post=739758"},{"taxonomy":"product_cat","embeddable":true,"href":"https:\/\/stoic-curie.212-227-153-4.plesk.page\/hr\/wp-json\/wp\/v2\/product_cat?post=739758"},{"taxonomy":"product_tag","embeddable":true,"href":"https:\/\/stoic-curie.212-227-153-4.plesk.page\/hr\/wp-json\/wp\/v2\/product_tag?post=739758"}],"curies":[{"name":"wp","href":"https:\/\/api.w.org\/{rel}","templated":true}]}}