{"id":739759,"date":"2025-03-03T18:05:24","date_gmt":"2025-03-03T17:05:24","guid":{"rendered":"https:\/\/stoic-curie.212-227-153-4.plesk.page\/producto\/mega-bokobran-crni-1680x610mm\/"},"modified":"2026-02-25T00:00:36","modified_gmt":"2026-02-25T00:00:36","slug":"mega-bokobran-crni-1680x610mm","status":"publish","type":"product","link":"https:\/\/stoic-curie.212-227-153-4.plesk.page\/hr\/product\/mega-bokobran-crni-1680x610mm\/","title":{"rendered":"MegaFender Fendress 1680 x 610mm"},"content":{"rendered":"<p>MegaFender Fendress 1680 x 610mm &#8211; <\/p>\n<p style=\"color: rgb(34, 34, 34); font-family: Arial, Helvetica, sans-serif; font-size: small;\">Fendress Mega Fenders su pa\u017eljivo projektirane za za\u0161titu velikih plovila i mega jahti. Njihova lagana konstrukcija omogu\u0107ava jednostavno rukovanje, dok inovativni ventilni sustav i izvanredna fleksibilnost omogu\u0107avaju lako deflaciju i spremanje, \u010dak i u ograni\u010denim prostorima.<\/p>\n<p style=\"color: rgb(34, 34, 34); font-family: Arial, Helvetica, sans-serif; font-size: small;\">Ovi fenderi su izra\u0111eni za izdr\u017eljivost, s robusnim oznakama od nehr\u0111aju\u0107eg \u010delika i trakama oja\u010danim Kevlarom\u00ae koje nude vu\u010dnu snagu do 3,5 tona. Uspje\u0161no kombiniraju lagani profil s izvanrednom snagom.<\/p>\n<p style=\"color: rgb(34, 34, 34); font-family: Arial, Helvetica, sans-serif; font-size: small;\">Klju\u010dne zna\u010dajke uklju\u010duju:<\/p>\n<ul style=\"color: rgb(34, 34, 34); font-family: Arial, Helvetica, sans-serif; font-size: small;\">\n<li>Oja\u010dane trake za pobolj\u0161anu izdr\u017eljivost<\/li>\n<li>Jednostavno rukovanje za dodatnu prakti\u010dnost<\/li>\n<li>Opruge od nehr\u0111aju\u0107eg \u010delika za sigurno pri\u010dvr\u0161\u0107ivanje<\/li>\n<li>Standardni vodonepropusni ventil za jednostavno inflating i deflating<\/li>\n<\/ul>\n<p style=\"color: rgb(34, 34, 34); font-family: Arial, Helvetica, sans-serif; font-size: small;\">S Mega Fenderima mo\u017eete biti sigurni da je va\u0161e plovilo dobro za\u0161ti\u0107eno.<\/p>\n<p style=\"color: rgb(34, 34, 34); font-family: Arial, Helvetica, sans-serif; font-size: small;\">Fendress napuhani fenderi proizvode se daleko na istoku i visoko su cijenjeni me\u0111u posadama superjahti zbog svog laganog, kompaktnog dizajna i iznimne izdr\u017eljivosti. Izra\u0111eni su od kombinacije konsolidiranog PVC-a i Kevlar oja\u010danja, \u0161to ih \u010dini \u010dvrstim i otpornim na probijanje i habanje.<\/p>\n<p style=\"color: rgb(34, 34, 34); font-family: Arial, Helvetica, sans-serif; font-size: small;\">Glavne karakteristike Fendress napuhanih fendera su:<\/p>\n<ul style=\"color: rgb(34, 34, 34); font-family: Arial, Helvetica, sans-serif; font-size: small;\">\n<li>Lagani i kompaktni: Ovi fenderi su zna\u010dajno lak\u0161i od tradicionalnih gumenih fendera, \u0161to olak\u0161ava rukovanje i skladi\u0161tenje.<\/li>\n<li>\u010cvrsti i izdr\u017eljivi: Kombinacija konsolidiranog PVC-a i Kevlar oja\u010danja nudi superiornu za\u0161titu od probijanja i abrazije.<\/li>\n<li>Jednostavni za napuhivanje i deflaciju: Mogu se napuhivati pomo\u0107u bilo koje standardne pumpe i brzo deflirati za prakti\u010dno skladi\u0161tenje.<\/li>\n<li>Dostupni u razli\u010ditim veli\u010dinama: Fendress fenderi su dostupni u vi\u0161e veli\u010dina kako bi odgovarali razli\u010ditim plovilima.<\/li>\n<\/ul>\n<p style=\"color: rgb(34, 34, 34); font-family: Arial, Helvetica, sans-serif; font-size: small;\">U zaklju\u010dku, Fendress napuhani fenderi predstavljaju odli\u010dan izbor za posade superjahti koje tra\u017ee lagano, izdr\u017eljivo i jednostavno rje\u0161enje za napuhane fendere.<\/p>\n","protected":false},"excerpt":{"rendered":"<p>MegaFender Fendress 1680 x 610mm &#8211; Fendress Mega Fenders su pa\u017eljivo projektirane za za\u0161titu velikih plovila i mega jahti. Njihova<\/p>\n","protected":false},"featured_media":5936924,"comment_status":"open","ping_status":"closed","template":"","meta":[],"product_brand":[2936],"product_cat":[1848],"product_tag":[],"class_list":{"0":"post-739759","1":"product","2":"type-product","3":"status-publish","4":"has-post-thumbnail","6":"product_brand-fendress-hr","7":"product_cat-brodski-bokobrani","9":"first","10":"instock","11":"shipping-taxable","12":"purchasable","13":"product-type-simple"},"_links":{"self":[{"href":"https:\/\/stoic-curie.212-227-153-4.plesk.page\/hr\/wp-json\/wp\/v2\/product\/739759","targetHints":{"allow":["GET"]}}],"collection":[{"href":"https:\/\/stoic-curie.212-227-153-4.plesk.page\/hr\/wp-json\/wp\/v2\/product"}],"about":[{"href":"https:\/\/stoic-curie.212-227-153-4.plesk.page\/hr\/wp-json\/wp\/v2\/types\/product"}],"replies":[{"embeddable":true,"href":"https:\/\/stoic-curie.212-227-153-4.plesk.page\/hr\/wp-json\/wp\/v2\/comments?post=739759"}],"version-history":[{"count":0,"href":"https:\/\/stoic-curie.212-227-153-4.plesk.page\/hr\/wp-json\/wp\/v2\/product\/739759\/revisions"}],"wp:featuredmedia":[{"embeddable":true,"href":"https:\/\/stoic-curie.212-227-153-4.plesk.page\/hr\/wp-json\/wp\/v2\/media\/5936924"}],"wp:attachment":[{"href":"https:\/\/stoic-curie.212-227-153-4.plesk.page\/hr\/wp-json\/wp\/v2\/media?parent=739759"}],"wp:term":[{"taxonomy":"product_brand","embeddable":true,"href":"https:\/\/stoic-curie.212-227-153-4.plesk.page\/hr\/wp-json\/wp\/v2\/product_brand?post=739759"},{"taxonomy":"product_cat","embeddable":true,"href":"https:\/\/stoic-curie.212-227-153-4.plesk.page\/hr\/wp-json\/wp\/v2\/product_cat?post=739759"},{"taxonomy":"product_tag","embeddable":true,"href":"https:\/\/stoic-curie.212-227-153-4.plesk.page\/hr\/wp-json\/wp\/v2\/product_tag?post=739759"}],"curies":[{"name":"wp","href":"https:\/\/api.w.org\/{rel}","templated":true}]}}