{"id":739760,"date":"2025-03-03T18:05:24","date_gmt":"2025-03-03T17:05:24","guid":{"rendered":"https:\/\/stoic-curie.212-227-153-4.plesk.page\/producto\/mega-bokobran-crni-2440x610mm\/"},"modified":"2026-02-25T00:00:36","modified_gmt":"2026-02-25T00:00:36","slug":"mega-bokobran-crni-2440x610mm","status":"publish","type":"product","link":"https:\/\/stoic-curie.212-227-153-4.plesk.page\/hr\/product\/mega-bokobran-crni-2440x610mm\/","title":{"rendered":"MegaFender Fendress 2440 x 610mm"},"content":{"rendered":"<p>MegaFender Fendress 2440 x 610mm &#8211; <\/p>\n<p style=\"color: rgb(34, 34, 34); font-family: Arial, Helvetica, sans-serif; font-size: small;\">Fendress Mega fenderi su vje\u0161to izra\u0111eni kako bi za\u0161titili velike \u010damce i megajahti. Laki su i jednostavni za upravljanje. Njihov inovativni ventilni sustav i visoka fleksibilnost omogu\u0107uju lako ispuhivanje i skladi\u0161tenje, \u010dak i u sku\u010denim prostorima.<\/p>\n<p style=\"color: rgb(34, 34, 34); font-family: Arial, Helvetica, sans-serif; font-size: small;\">Ovi fenderi su dizajnirani za dugovje\u010dnost, s robustnim prstenovima od nehr\u0111aju\u0107eg \u010delika i remenima oja\u010danim Kevlarom\u00ae koji pru\u017eaju vla\u010dnu \u010dvrsto\u0107u do 3,5 tona. Uspje\u0161no spajaju lako\u0107u s izvanrednom snagom.<\/p>\n<p style=\"color: rgb(34, 34, 34); font-family: Arial, Helvetica, sans-serif; font-size: small;\">Neki zna\u010dajni aduti uklju\u010duju:<\/p>\n<ul style=\"color: rgb(34, 34, 34); font-family: Arial, Helvetica, sans-serif; font-size: small;\">\n<li>Oja\u010dane trake za pobolj\u0161anu trajnost<\/li>\n<li>Jednostavno rukovanje radi prakti\u010dnosti<\/li>\n<li>Prstenovi u obliku slova D od nehr\u0111aju\u0107eg \u010delika za sigurnu vezivanje<\/li>\n<li>Standardni vodonepropusni ventil za lako inflaciju i deflaciju<\/li>\n<\/ul>\n<p style=\"color: rgb(34, 34, 34); font-family: Arial, Helvetica, sans-serif; font-size: small;\">S Mega fenderima mo\u017eete biti sigurni da je va\u0161 \u010damac dobro za\u0161ti\u0107en.<\/p>\n<p style=\"color: rgb(34, 34, 34); font-family: Arial, Helvetica, sans-serif; font-size: small;\">Fendress plutaju\u0107i fenderi proizvode se na Dalekom istoku i omiljeni su me\u0111u posadama megajahti zbog svoje lake, kompaktne konstrukcije i trajnosti. Izra\u0111eni su od mje\u0161avine konsolidiranog PVC-a i Kevlar oja\u010danja, \u0161to ih \u010dini \u010dvrstima i otporima na probijanje i habanje.<\/p>\n<p style=\"color: rgb(34, 34, 34); font-family: Arial, Helvetica, sans-serif; font-size: small;\">Glavne zna\u010dajke Fendress plutaju\u0107ih fendera su:<\/p>\n<ul style=\"color: rgb(34, 34, 34); font-family: Arial, Helvetica, sans-serif; font-size: small;\">\n<li>Laki i kompaktni: Znatan su lak\u0161i od tradicionalnih gumenih fendera, \u0161to ih \u010dini lak\u0161ima za rukovanje i skladi\u0161tenje.<\/li>\n<li>\u010cvrsti i izdr\u017eljivi: Kombinacija konsolidiranog PVC-a i Kevlar oja\u010danja pru\u017ea izvrsnu za\u0161titu od probijanja i abrazije.<\/li>\n<li>Jednostavni za inflaciju i deflaciju: Mogu se napuhati bilo kojim standardnim pumpom i brzo ispuhati radi prakti\u010dnog skladi\u0161tenja.<\/li>\n<li>Dostupni u raznim veli\u010dinama: Fendress fenderi dolaze u raznim veli\u010dinama kako bi se prilagodili razli\u010ditim veli\u010dinama \u010damaca i zahtjevima.<\/li>\n<\/ul>\n<p style=\"color: rgb(34, 34, 34); font-family: Arial, Helvetica, sans-serif; font-size: small;\">Ukratko, Fendress plutaju\u0107i fenderi su izvrsna opcija za posade megajahti koje tra\u017ee lagan, izdr\u017eljiv i jednostavan za kori\u0161tenje inflatabilni fender.<\/p>\n","protected":false},"excerpt":{"rendered":"<p>MegaFender Fendress 2440 x 610mm &#8211; Fendress Mega fenderi su vje\u0161to izra\u0111eni kako bi za\u0161titili velike \u010damce i megajahti. Laki<\/p>\n","protected":false},"featured_media":5936924,"comment_status":"open","ping_status":"closed","template":"","meta":[],"product_brand":[2936],"product_cat":[1848],"product_tag":[],"class_list":{"0":"post-739760","1":"product","2":"type-product","3":"status-publish","4":"has-post-thumbnail","6":"product_brand-fendress-hr","7":"product_cat-brodski-bokobrani","9":"first","10":"instock","11":"shipping-taxable","12":"purchasable","13":"product-type-simple"},"_links":{"self":[{"href":"https:\/\/stoic-curie.212-227-153-4.plesk.page\/hr\/wp-json\/wp\/v2\/product\/739760","targetHints":{"allow":["GET"]}}],"collection":[{"href":"https:\/\/stoic-curie.212-227-153-4.plesk.page\/hr\/wp-json\/wp\/v2\/product"}],"about":[{"href":"https:\/\/stoic-curie.212-227-153-4.plesk.page\/hr\/wp-json\/wp\/v2\/types\/product"}],"replies":[{"embeddable":true,"href":"https:\/\/stoic-curie.212-227-153-4.plesk.page\/hr\/wp-json\/wp\/v2\/comments?post=739760"}],"version-history":[{"count":0,"href":"https:\/\/stoic-curie.212-227-153-4.plesk.page\/hr\/wp-json\/wp\/v2\/product\/739760\/revisions"}],"wp:featuredmedia":[{"embeddable":true,"href":"https:\/\/stoic-curie.212-227-153-4.plesk.page\/hr\/wp-json\/wp\/v2\/media\/5936924"}],"wp:attachment":[{"href":"https:\/\/stoic-curie.212-227-153-4.plesk.page\/hr\/wp-json\/wp\/v2\/media?parent=739760"}],"wp:term":[{"taxonomy":"product_brand","embeddable":true,"href":"https:\/\/stoic-curie.212-227-153-4.plesk.page\/hr\/wp-json\/wp\/v2\/product_brand?post=739760"},{"taxonomy":"product_cat","embeddable":true,"href":"https:\/\/stoic-curie.212-227-153-4.plesk.page\/hr\/wp-json\/wp\/v2\/product_cat?post=739760"},{"taxonomy":"product_tag","embeddable":true,"href":"https:\/\/stoic-curie.212-227-153-4.plesk.page\/hr\/wp-json\/wp\/v2\/product_tag?post=739760"}],"curies":[{"name":"wp","href":"https:\/\/api.w.org\/{rel}","templated":true}]}}