{"id":739761,"date":"2025-03-03T18:05:25","date_gmt":"2025-03-03T17:05:25","guid":{"rendered":"https:\/\/stoic-curie.212-227-153-4.plesk.page\/producto\/mega-bokobran-crni-1910x970mm\/"},"modified":"2026-02-25T00:00:36","modified_gmt":"2026-02-25T00:00:36","slug":"mega-bokobran-crni-1910x970mm","status":"publish","type":"product","link":"https:\/\/stoic-curie.212-227-153-4.plesk.page\/hr\/product\/mega-bokobran-crni-1910x970mm\/","title":{"rendered":"MegaFender Fendress 1910 x 970mm"},"content":{"rendered":"<p>MegaFender Fendress 1910 x 970mm &#8211; <\/p>\n<p style=\"color: rgb(34, 34, 34); font-family: Arial, Helvetica, sans-serif; font-size: small;\">Fendress Mega fendere su stru\u010dno dizajnirane za za\u0161titu velikih brodova i mega jahti. Laki su i jednostavni za rukovanje. Napredni sustav ventila i visoka fleksibilnost omogu\u0107uju jednostavno deflaciju i pohranu, \u010dak i u sku\u010denim prostorima.<\/p>\n<p style=\"color: rgb(34, 34, 34); font-family: Arial, Helvetica, sans-serif; font-size: small;\">Ovi fenderi su izgra\u0111eni za trajnost, s jakim prstenovima od inoxa i trakama oja\u010danim Kevlarom\u00ae koje nude rastezljivost do 3,5 tone. Oni u\u010dinkovito kombiniraju nisku te\u017einu s impresivnom snagom.<\/p>\n<p style=\"color: rgb(34, 34, 34); font-family: Arial, Helvetica, sans-serif; font-size: small;\">Neke klju\u010dne karakteristike uklju\u010duju:<\/p>\n<ul style=\"color: rgb(34, 34, 34); font-family: Arial, Helvetica, sans-serif; font-size: small;\">\n<li>Oja\u010dane trake za dodatnu trajnost<\/li>\n<li>Jednostavno rukovanje za korisni\u010dku udobnost<\/li>\n<li>Inox D-prstenovi za sigurno pri\u010dvr\u0161\u0107ivanje<\/li>\n<li>Standardni vodootporni ventil za jednostavno napuhavanje i deflaciju<\/li>\n<\/ul>\n<p style=\"color: rgb(34, 34, 34); font-family: Arial, Helvetica, sans-serif; font-size: small;\">S Mega Fenderom mo\u017eete biti sigurni da je va\u0161 brod dobro za\u0161ti\u0107en.<\/p>\n<p style=\"color: rgb(34, 34, 34); font-family: Arial, Helvetica, sans-serif; font-size: small;\">Fendress naduvani fenderi proizvedeni su na Dalekom Istoku i popularni su me\u0111u posadama superjahti zbog svog laganog, kompaktnog dizajna i trajnosti. Izra\u0111eni su od kombinacije konsolidiranog PVC-a i Kevlar reinforcement, \u0161to ih \u010dini \u010dvrstima i otpornima na probijanje i tro\u0161enje.<\/p>\n<p style=\"color: rgb(34, 34, 34); font-family: Arial, Helvetica, sans-serif; font-size: small;\">Glavne karakteristike Fendress naduvanih fendera su:<\/p>\n<ul style=\"color: rgb(34, 34, 34); font-family: Arial, Helvetica, sans-serif; font-size: small;\">\n<li>Lagani i kompaktni: Znatno su lak\u0161i od tradicionalnih gumenih fendera, \u0161to ih \u010dini lak\u0161ima za upravljanje i pohranu.<\/li>\n<li>\u010cvrsti i trajni: Mje\u0161avina konsolidiranog PVC-a i Kevlar oja\u010danja pru\u017ea izvrsnu za\u0161titu od probijanja i abrazije.<\/li>\n<li>Jednostavno napuhavanje i deflacija: Mogu se napuhati sv\u0430\u043a\u043e\u043c standardnom pumpom i brzo deflati za prakti\u010dnu pohranu.<\/li>\n<li>Dostupni u vi\u0161e veli\u010dina: Fendress fenderi dolaze u razli\u010ditim veli\u010dinama kako bi odgovarali razli\u010ditim veli\u010dinama brodova i potrebama.<\/li>\n<\/ul>\n<p style=\"color: rgb(34, 34, 34); font-family: Arial, Helvetica, sans-serif; font-size: small;\">Zaklju\u010dno, Fendress naduvani fenderi su odli\u010dan izbor za posade superjahti koje tra\u017ee lagan, izdr\u017eljiv i jednostavan za kori\u0161tenje naduvani fender.<\/p>\n","protected":false},"excerpt":{"rendered":"<p>MegaFender Fendress 1910 x 970mm &#8211; Fendress Mega fendere su stru\u010dno dizajnirane za za\u0161titu velikih brodova i mega jahti. Laki<\/p>\n","protected":false},"featured_media":5936924,"comment_status":"open","ping_status":"closed","template":"","meta":[],"product_brand":[2936],"product_cat":[1848],"product_tag":[],"class_list":{"0":"post-739761","1":"product","2":"type-product","3":"status-publish","4":"has-post-thumbnail","6":"product_brand-fendress-hr","7":"product_cat-brodski-bokobrani","9":"first","10":"instock","11":"shipping-taxable","12":"purchasable","13":"product-type-simple"},"_links":{"self":[{"href":"https:\/\/stoic-curie.212-227-153-4.plesk.page\/hr\/wp-json\/wp\/v2\/product\/739761","targetHints":{"allow":["GET"]}}],"collection":[{"href":"https:\/\/stoic-curie.212-227-153-4.plesk.page\/hr\/wp-json\/wp\/v2\/product"}],"about":[{"href":"https:\/\/stoic-curie.212-227-153-4.plesk.page\/hr\/wp-json\/wp\/v2\/types\/product"}],"replies":[{"embeddable":true,"href":"https:\/\/stoic-curie.212-227-153-4.plesk.page\/hr\/wp-json\/wp\/v2\/comments?post=739761"}],"version-history":[{"count":0,"href":"https:\/\/stoic-curie.212-227-153-4.plesk.page\/hr\/wp-json\/wp\/v2\/product\/739761\/revisions"}],"wp:featuredmedia":[{"embeddable":true,"href":"https:\/\/stoic-curie.212-227-153-4.plesk.page\/hr\/wp-json\/wp\/v2\/media\/5936924"}],"wp:attachment":[{"href":"https:\/\/stoic-curie.212-227-153-4.plesk.page\/hr\/wp-json\/wp\/v2\/media?parent=739761"}],"wp:term":[{"taxonomy":"product_brand","embeddable":true,"href":"https:\/\/stoic-curie.212-227-153-4.plesk.page\/hr\/wp-json\/wp\/v2\/product_brand?post=739761"},{"taxonomy":"product_cat","embeddable":true,"href":"https:\/\/stoic-curie.212-227-153-4.plesk.page\/hr\/wp-json\/wp\/v2\/product_cat?post=739761"},{"taxonomy":"product_tag","embeddable":true,"href":"https:\/\/stoic-curie.212-227-153-4.plesk.page\/hr\/wp-json\/wp\/v2\/product_tag?post=739761"}],"curies":[{"name":"wp","href":"https:\/\/api.w.org\/{rel}","templated":true}]}}