{"id":739762,"date":"2025-03-03T18:05:25","date_gmt":"2025-03-03T17:05:25","guid":{"rendered":"https:\/\/stoic-curie.212-227-153-4.plesk.page\/producto\/mega-bokobran-crni-1250x900mm\/"},"modified":"2026-02-25T00:00:36","modified_gmt":"2026-02-25T00:00:36","slug":"mega-bokobran-crni-1250x900mm","status":"publish","type":"product","link":"https:\/\/stoic-curie.212-227-153-4.plesk.page\/hr\/product\/mega-bokobran-crni-1250x900mm\/","title":{"rendered":"MegaFender Fendress 1250 x 900mm"},"content":{"rendered":"<p>MegaFender Fendress 1250 x 900mm &#8211; <\/p>\n<p style=\"color: rgb(34, 34, 34); font-family: Arial, Helvetica, sans-serif; font-size: small;\">Fendress Mega fendere su stru\u010dno dizajnirane za za\u0161titu velikih brodova i mega jahti. Laki su i jednostavni za rukovanje. Njihov napredni ventilni sustav i visoka fleksibilnost omogu\u0107uju jednostavno ispuhivanje i pohranu, \u010dak i u sku\u010denim prostorima.<\/p>\n<p style=\"color: rgb(34, 34, 34); font-family: Arial, Helvetica, sans-serif; font-size: small;\">Ovi fenderi su dizajnirani za izdr\u017eljivost, sa sna\u017enim prstenovima od nehr\u0111aju\u0107eg \u010delika i trakama oja\u010danim Kevlarom\u00ae koje nude vla\u010dnu \u010dvrsto\u0107u do 3,5 tona. Uspje\u0161no kombiniraju laganu te\u017einu s impresivnom snagom.<\/p>\n<p style=\"color: rgb(34, 34, 34); font-family: Arial, Helvetica, sans-serif; font-size: small;\">Neki od klju\u010dnih zna\u010dajki uklju\u010duju:<\/p>\n<ul style=\"color: rgb(34, 34, 34); font-family: Arial, Helvetica, sans-serif; font-size: small;\">\n<li>Oja\u010dane trake za dodatnu izdr\u017eljivost<\/li>\n<li>Jednostavno rukovanje za korisni\u010dku udobnost<\/li>\n<li>Prstenovi u obliku slova D od nehr\u0111aju\u0107eg \u010delika za sigurno pri\u010dvr\u0161\u0107ivanje<\/li>\n<li>Standardni vodootporni ventil za jednostavno napuhavanje i ispuhivanje<\/li>\n<\/ul>\n<p style=\"color: rgb(34, 34, 34); font-family: Arial, Helvetica, sans-serif; font-size: small;\">Uz Mega fendere, mo\u017eete biti sigurni da je va\u0161 brod dobro za\u0161ti\u0107en.<\/p>\n<p style=\"color: rgb(34, 34, 34); font-family: Arial, Helvetica, sans-serif; font-size: small;\">Fendress napuhivi fenderi proizvedeni su na Dalekom Istoku i omiljeni su me\u0111u posadama superjahti zbog svog laganog, kompaktog dizajna i otpornosti. Napravljeni su od mje\u0161avine konsolidiranog PVC-a i oja\u010danja od Kevlara, \u0161to ih \u010dini jakim i otporni na probijanje i habanje.<\/p>\n<p style=\"color: rgb(34, 34, 34); font-family: Arial, Helvetica, sans-serif; font-size: small;\">Glavne zna\u010dajke Fendress napuhivih fendera su:<\/p>\n<ul style=\"color: rgb(34, 34, 34); font-family: Arial, Helvetica, sans-serif; font-size: small;\">\n<li>Laki i kompaktni: Znatan su lak\u0161i od tradicionalnih gumenih fendera, \u0161to ih \u010dini lak\u0161ima za upravljanje i pohranu.<\/li>\n<li>Sna\u017eni i izdr\u017eljivi: Kombinacija konsolidiranog PVC-a i kevlar oja\u010danja nudi izvrsnu za\u0161titu od probijanja i abrazije.<\/li>\n<li>Jednostavni za napuhavanje i ispuhivanje: Mogu se napuhavati s bilo kojom standardnom pumpom i brzo ispuhivati za lagano skladi\u0161tenje.<\/li>\n<li>Dostupni u raznim veli\u010dinama: Fendress fenderi dolaze u razli\u010ditim veli\u010dinama kako bi zadovoljili potrebe raznih brodova.<\/li>\n<\/ul>\n<p style=\"color: rgb(34, 34, 34); font-family: Arial, Helvetica, sans-serif; font-size: small;\">Zaklju\u010dno, Fendress napuhivi fenderi su odli\u010dan izbor za posade superjahti koje tra\u017ee lagan, izdr\u017eljiv i jednostavan za kori\u0161tenje napuhivi fender.<\/p>\n","protected":false},"excerpt":{"rendered":"<p>MegaFender Fendress 1250 x 900mm &#8211; Fendress Mega fendere su stru\u010dno dizajnirane za za\u0161titu velikih brodova i mega jahti. Laki<\/p>\n","protected":false},"featured_media":5936924,"comment_status":"open","ping_status":"closed","template":"","meta":[],"product_brand":[2936],"product_cat":[1848],"product_tag":[],"class_list":{"0":"post-739762","1":"product","2":"type-product","3":"status-publish","4":"has-post-thumbnail","6":"product_brand-fendress-hr","7":"product_cat-brodski-bokobrani","9":"first","10":"instock","11":"shipping-taxable","12":"purchasable","13":"product-type-simple"},"_links":{"self":[{"href":"https:\/\/stoic-curie.212-227-153-4.plesk.page\/hr\/wp-json\/wp\/v2\/product\/739762","targetHints":{"allow":["GET"]}}],"collection":[{"href":"https:\/\/stoic-curie.212-227-153-4.plesk.page\/hr\/wp-json\/wp\/v2\/product"}],"about":[{"href":"https:\/\/stoic-curie.212-227-153-4.plesk.page\/hr\/wp-json\/wp\/v2\/types\/product"}],"replies":[{"embeddable":true,"href":"https:\/\/stoic-curie.212-227-153-4.plesk.page\/hr\/wp-json\/wp\/v2\/comments?post=739762"}],"version-history":[{"count":0,"href":"https:\/\/stoic-curie.212-227-153-4.plesk.page\/hr\/wp-json\/wp\/v2\/product\/739762\/revisions"}],"wp:featuredmedia":[{"embeddable":true,"href":"https:\/\/stoic-curie.212-227-153-4.plesk.page\/hr\/wp-json\/wp\/v2\/media\/5936924"}],"wp:attachment":[{"href":"https:\/\/stoic-curie.212-227-153-4.plesk.page\/hr\/wp-json\/wp\/v2\/media?parent=739762"}],"wp:term":[{"taxonomy":"product_brand","embeddable":true,"href":"https:\/\/stoic-curie.212-227-153-4.plesk.page\/hr\/wp-json\/wp\/v2\/product_brand?post=739762"},{"taxonomy":"product_cat","embeddable":true,"href":"https:\/\/stoic-curie.212-227-153-4.plesk.page\/hr\/wp-json\/wp\/v2\/product_cat?post=739762"},{"taxonomy":"product_tag","embeddable":true,"href":"https:\/\/stoic-curie.212-227-153-4.plesk.page\/hr\/wp-json\/wp\/v2\/product_tag?post=739762"}],"curies":[{"name":"wp","href":"https:\/\/api.w.org\/{rel}","templated":true}]}}